{"id":196,"date":"2017-06-19T16:15:32","date_gmt":"2017-06-19T14:15:32","guid":{"rendered":"http:\/\/iris-swiss.ch\/?page_id=196"},"modified":"2018-01-25T10:54:15","modified_gmt":"2018-01-25T09:54:15","slug":"impressum","status":"publish","type":"page","link":"https:\/\/iris-radiologie.ch\/de\/impressum\/","title":{"rendered":"Impressum"},"content":{"rendered":"<p>[vc_section css=&#8220;.vc_custom_1498057520717{margin-bottom: 150px !important;}&#8220;][vc_row equal_height=&#8220;yes&#8220; extra_css_id=&#8220;extra-css-id-594a70076e475&#8243; css=&#8220;.vc_custom_1498051177297{margin-bottom: 100px !important;}&#8220;][vc_column css_animation=&#8220;fadeIn&#8220; extra_css_id=&#8220;extra-css-id-594a729df29af&#8220;][vc_column_text custom_css_uniq_id=&#8220;pix-custom-css-594a70076e35d&#8220;]<\/p>\n<h3>IRIS Neuch\u00e2tel<\/h3>\n<p>Rue Pury 4-6,<\/p>\n<p>2000 Neuch\u00e2tel, Schweiz<\/p>\n<p>Tel:\u00a0 032 723 96 96<\/p>\n<p>Fax: 032 723 96 90<\/p>\n<p><a href=\"mailto:neuchatel@iris-radiologie.ch\">neuchatel@iris-radiologie.ch<\/a><\/p>\n<p>[\/vc_column_text][vc_separator color=&#8220;custom&#8220; align=&#8220;align_left&#8220; border_width=&#8220;2&#8243; el_width=&#8220;10&#8243; accent_color=&#8220;#005d87&#8243; css=&#8220;.vc_custom_1516874038205{margin-top: 25px !important;}&#8220;][\/vc_column][\/vc_row][vc_row equal_height=&#8220;yes&#8220; extra_css_id=&#8220;extra-css-id-594a70076e46c&#8220; css=&#8220;.vc_custom_1498051170149{margin-bottom: 100px !important;}&#8220;][vc_column css_animation=&#8220;fadeIn&#8220; extra_css_id=&#8220;extra-css-id-594a7284622a4&#8243;][vc_column_text custom_css_uniq_id=&#8220;pix-custom-css-594a70076e354&#8243;]<\/p>\n<h3>IRIS Providence<\/h3>\n<p>faubourg de l&#8217;H\u00f4pital 81<\/p>\n<p>2000 Neuch\u00e2tel, Schweiz<\/p>\n<p>Tel:\u00a0 032 723 96 88<\/p>\n<p>Fax: 032 723 96 89<\/p>\n<p><a href=\"mailto:providence@iris-radiologie.ch\">providence@iris-radiologie.ch<\/a><\/p>\n<p>[\/vc_column_text][vc_separator color=&#8220;custom&#8220; align=&#8220;align_left&#8220; border_width=&#8220;2&#8243; el_width=&#8220;10&#8243; accent_color=&#8220;#1dab9e&#8220; css=&#8220;.vc_custom_1516874045380{margin-top: 25px !important;}&#8220;][\/vc_column][\/vc_row][vc_row equal_height=&#8220;yes&#8220; extra_css_id=&#8220;extra-css-id-594a70076e45f&#8220; css=&#8220;.vc_custom_1498051164265{margin-bottom: 100px !important;}&#8220;][vc_column css_animation=&#8220;fadeIn&#8220; extra_css_id=&#8220;extra-css-id-594a727a5e4fa&#8220;][vc_column_text custom_css_uniq_id=&#8220;pix-custom-css-594a70076e346&#8243;]<\/p>\n<h3>IRIS Drei-Seen<\/h3>\n<p>Gewerbestrasse 5<\/p>\n<p>3236 Gampelen, Schweiz<\/p>\n<p>Tel:\u00a0 032 338 86 86<\/p>\n<p>Fax: 032 338 86 80<\/p>\n<p><a href=\"mailto:drei-seen@iris-radiologie.ch\">drei-seen@iris-radiologie.ch<\/a><\/p>\n<p>[\/vc_column_text][vc_separator color=&#8220;custom&#8220; align=&#8220;align_left&#8220; border_width=&#8220;2&#8243; el_width=&#8220;10&#8243; accent_color=&#8220;#fcae00&#8243; css=&#8220;.vc_custom_1516874052378{margin-top: 25px !important;}&#8220;][\/vc_column][\/vc_row][vc_row equal_height=&#8220;yes&#8220; extra_css_id=&#8220;extra-css-id-594a70076e47e&#8220; css=&#8220;.vc_custom_1498051184236{margin-bottom: 100px !important;}&#8220;][vc_column css_animation=&#8220;fadeIn&#8220; extra_css_id=&#8220;extra-css-id-594a72a565c6a&#8220;][vc_column_text custom_css_uniq_id=&#8220;pix-custom-css-594a70076e364&#8243;]Umsetzung:<\/p>\n<h3>Hofmann GmbH<\/h3>\n<p>Theodor-Heuss-Str. 36<\/p>\n<p>78467 Konstanz<\/p>\n<p>E-Mail: info@hofmann-gmbh.com<\/p>\n<p><a href=\"http:\/\/www.hofmann-gmbh.com\">http:\/\/www.hofmann-gmbh.com<\/a>[\/vc_column_text][\/vc_column][\/vc_row][vc_row][vc_column css_animation=&#8220;fadeIn&#8220; extra_css_id=&#8220;extra-css-id-594a72ae33310&#8243;][vc_column_text custom_css_uniq_id=&#8220;pix-custom-594a7033c4818&#8243;]<\/p>\n<h4>Inhalte<\/h4>\n<p>Der Inhalt dieser Seiten wurde sorgf\u00e4ltig bearbeitet und \u00fcberpr\u00fcft. IRIS \u00fcbernimmt jedoch keine Gew\u00e4hr f\u00fcr die Aktualit\u00e4t, Richtigkeit, Vollst\u00e4ndigkeit oder Qualit\u00e4t der bereitgestellten Informationen. Haftungsanspr\u00fcche gegen die IRIS, die sich auf Sch\u00e4den materieller oder ideeller Art beziehen, welche durch die Nutzung oder Nichtnutzung der dargebotenen Informationen oder durch fehlerhafte und unvollst\u00e4ndige Informationen verursacht wurden, sind grunds\u00e4tzlich ausgeschlossen, sofern seitens IRIS kein nachweislich vors\u00e4tzliches oder grob fahrl\u00e4ssiges Verschulden vorliegt. IRIS beh\u00e4lt sich ausdr\u00fccklich das Recht vor, Teile der Seite oder das gesamte Angebot ohne vorherige Ank\u00fcndigung zu ver\u00e4ndern, zu erg\u00e4nzen, zu l\u00f6schen oder die Ver\u00f6ffentlichung einzustellen.<\/p>\n<h4>Links<\/h4>\n<p>Sofern IRIS direkt oder indirekt auf fremde Internetseiten verweist (&#8222;Links&#8220;), haftet IRIS nur, wenn sie von den Inhalten genaue Kenntnis hat und es ihr technisch m\u00f6glich und zumutbar ist, die Nutzung im Falle rechtswidriger Inhalte zu verhindern. IRIS erkl\u00e4rt hiermit ausdr\u00fccklich, dass zum Zeitpunkt der Linksetzung die verlinkten Seiten keine illegalen Inhalte enthalten haben. IRIS hat keinerlei Einfluss auf die aktuelle und zuk\u00fcnftige Gestaltung der verlinkten Seiten. IRIS distanziert sich daher hiermit ausdr\u00fccklich von allen inhaltlichen \u00c4nderungen, die nach der Linkssetzung auf den verlinkten Seiten vorgenommen werden. IRIS ist nicht verantwortlich f\u00fcr den Inhalt, die Verf\u00fcgbarkeit, die Richtigkeit und die Genauigkeit der verlinkten Seiten, deren Angebote, Links oder Werbeanzeigen. IRIS haftet nicht f\u00fcr illegale, fehlerhafte oder unvollst\u00e4ndige Inhalte und insbesondere f\u00fcr Sch\u00e4den, die durch Nutzung oder Nichtnutzung der auf den verlinkten Seiten angebotenen Informationen entstehen.<\/p>\n<h4>Urheberrecht<\/h4>\n<p>IRIS ist bestrebt, in allen Publikationen geltende Urheberrechte zu beachten. Sollte es trotzdem zu einer Urheberrechtsverletzung kommen, wird IRIS das entsprechende Objekt nach Benachrichtigung aus seiner Publikation entfernen bzw. mit dem entsprechenden Urheberrecht kenntlich machen. Alle innerhalb des Internetangebots genannten und gegebenenfalls durch Dritte gesch\u00fctzten Marken- und Warenzeichen unterliegen uneingeschr\u00e4nkt den Bestimmungen des jeweils g\u00fcltigen Kennzeichenrechts und den Besitzrechten der jeweiligen eingetragenen Eigent\u00fcmer. Allein aufgrund der blo\u00dfen Nennung ist nicht der Schluss zu ziehen, dass Markenzeichen nicht durch Rechte Dritter gesch\u00fctzt sind. Das Urheberecht f\u00fcr die eigenen Inhalte von IRIS auf der Domain www.iris-radiologie.ch steht allein IRIS zu. Eine Vervielf\u00e4ltigung solcher Grafiken, Sounds oder Texte in anderen elektronischen oder gedruckten Publikationen ist ohne ausdr\u00fcckliche Zustimmung von IRIS nicht gestattet.<\/p>\n<h4>Rechtswirksamkeit<\/h4>\n<p>Dieser Haftungsausschluss ist als Teil des Internetangebotes zu betrachten, von dem aus auf diese Seite verwiesen wurde. Sofern Teile oder einzelne Formulierungen dieses Textes der geltenden Rechtslage nicht, nicht mehr oder nicht vollst\u00e4ndig entsprechen sollten, bleiben die \u00fcbrigen Teile des Dokumentes in ihrem Inhalt und ihrer G\u00fcltigkeit hiervon unber\u00fchrt.[\/vc_column_text][\/vc_column][\/vc_row][\/vc_section]<\/p>\n<a href=\"https:\/\/maradiologie.groupe3r.ch\" target=\"_blank\"><div class=\"lasche lasche-de\">Untersuchungsergebnisse<\/div><\/a>","protected":false},"excerpt":{"rendered":"<p>[vc_section css=&#8220;.vc_custom_1498057520717{margin-bottom: 150px !important;}&#8220;][vc_row equal_height=&#8220;yes&#8220; extra_css_id=&#8220;extra-css-id-594a70076e475&#8243; css=&#8220;.vc_custom_1498051177297{margin-bottom: 100px !important;}&#8220;][vc_column css_animation=&#8220;fadeIn&#8220; extra_css_id=&#8220;extra-css-id-594a729df29af&#8220;][vc_column_text custom_css_uniq_id=&#8220;pix-custom-css-594a70076e35d&#8220;] IRIS Neuch\u00e2tel Rue Pury 4-6, 2000 Neuch\u00e2tel, Schweiz Tel:\u00a0 032 723 96 96 Fax: 032 723 96 90 neuchatel@iris-radiologie.ch [\/vc_column_text][vc_separator color=&#8220;custom&#8220; align=&#8220;align_left&#8220; border_width=&#8220;2&#8243; el_width=&#8220;10&#8243; accent_color=&#8220;#005d87&#8243; css=&#8220;.vc_custom_1516874038205{margin-top: 25px !important;}&#8220;][\/vc_column][\/vc_row][vc_row equal_height=&#8220;yes&#8220; extra_css_id=&#8220;extra-css-id-594a70076e46c&#8220; css=&#8220;.vc_custom_1498051170149{margin-bottom: 100px !important;}&#8220;][vc_column css_animation=&#8220;fadeIn&#8220; extra_css_id=&#8220;extra-css-id-594a7284622a4&#8243;][vc_column_text custom_css_uniq_id=&#8220;pix-custom-css-594a70076e354&#8243;] IRIS Providence faubourg de l&#8217;H\u00f4pital 81 2000 [&hellip;]<\/p>\n","protected":false},"author":1,"featured_media":0,"parent":0,"menu_order":0,"comment_status":"closed","ping_status":"closed","template":"","meta":{"footnotes":""},"_links":{"self":[{"href":"https:\/\/iris-radiologie.ch\/de\/wp-json\/wp\/v2\/pages\/196"}],"collection":[{"href":"https:\/\/iris-radiologie.ch\/de\/wp-json\/wp\/v2\/pages"}],"about":[{"href":"https:\/\/iris-radiologie.ch\/de\/wp-json\/wp\/v2\/types\/page"}],"author":[{"embeddable":true,"href":"https:\/\/iris-radiologie.ch\/de\/wp-json\/wp\/v2\/users\/1"}],"replies":[{"embeddable":true,"href":"https:\/\/iris-radiologie.ch\/de\/wp-json\/wp\/v2\/comments?post=196"}],"version-history":[{"count":29,"href":"https:\/\/iris-radiologie.ch\/de\/wp-json\/wp\/v2\/pages\/196\/revisions"}],"predecessor-version":[{"id":1838,"href":"https:\/\/iris-radiologie.ch\/de\/wp-json\/wp\/v2\/pages\/196\/revisions\/1838"}],"wp:attachment":[{"href":"https:\/\/iris-radiologie.ch\/de\/wp-json\/wp\/v2\/media?parent=196"}],"curies":[{"name":"wp","href":"https:\/\/api.w.org\/{rel}","templated":true}]}}