{"id":2,"date":"2017-06-12T16:02:26","date_gmt":"2017-06-12T14:02:26","guid":{"rendered":"http:\/\/iris-swiss.ch\/?page_id=2"},"modified":"2025-01-07T14:05:35","modified_gmt":"2025-01-07T13:05:35","slug":"home","status":"publish","type":"page","link":"https:\/\/iris-radiologie.ch\/de\/","title":{"rendered":"Home"},"content":{"rendered":"<p>[vc_section full_width=&#8220;stretch_row_content&#8220;][vc_row full_width=&#8220;stretch_row_content_no_spaces&#8220; extra_css_id=&#8220;extra-css-id-61f92a694538f&#8220;][vc_column][rev_slider_vc alias=&#8220;home&#8220; rev_slider_parax=&#8220;0.30&#8243;][\/vc_column][\/vc_row][\/vc_section][vc_section css=&#8220;.vc_custom_61f92a69458e5{margin-top: 150px !important;margin-bottom: 100px !important;}&#8220;][vc_row extra_css_id=&#8220;extra-css-id-61f92a69453d4&#8243; css=&#8220;.vc_custom_61f92a6945929{margin-bottom: 50px !important;}&#8220;][vc_column width=&#8220;1\/6&#8243;][\/vc_column][vc_column width=&#8220;2\/3&#8243;][vc_column_text css_animation=&#8220;fadeIn&#8220; custom_css_uniq_id=&#8220;pix-custom-css-61f92a6944d88&#8243;]<\/p>\n<h1 style=\"text-align: center;\">Ihre Gesundheit ist unser Massstab<\/h1>\n<p>[\/vc_column_text]<div class=\"wpb_content_element mood-typo-separator mood-straight-separator  vc_custom_61f92a694596a pix-custom-css-61f92a6944dd0\"><div class=\"wpb_animate_when_almost_visible wpb_appear\" style=\"background-color:#999999; margin:auto; float: none; height: 1px; max-width: 150px; width: 100%;\"><\/div><\/div>[vc_column_text css_animation=&#8220;fadeIn&#8220; custom_css_uniq_id=&#8220;pix-custom-css-61f92a6944e14&#8243;]<\/p>\n<p style=\"text-align: center;\">IRIS ist ein modernes und innovatives Zentrum f\u00fcr Medizinische Bildgebung. An unseren vier Standorten Neuch\u00e2tel, Cadolles, Providence und Drei-Seen steht Ihnen das gesamte Spektrum der modernen radiologischen Diagnostik und Therapie zur Verf\u00fcgung, einschliesslich neuester Entwicklungen wie z.B. zwei 3 Tesla MRI-Ger\u00e4te der neuesten Generation (Neuch\u00e2tel, Drei-Seen).<\/p>\n<p style=\"text-align: center;\">Unser Ziel ist die medizinische Versorgung unserer Patientinnen und Patienten auf h\u00f6chstem wissenschaftlichen und technischen Niveau. Dies impliziert eine stets schonende, minimal belastende Untersuchungsweise, wo immer dies technisch m\u00f6glich und medizinisch sinnvoll ist. Hierf\u00fcr stehen uns modernste Ger\u00e4te, eine umfangreiche medizinische Infrastruktur sowie eine exzellent ausgebildete Equipe in einem modernen Ambiente zur Verf\u00fcgung. Wir legen besonders grossen Wert auf Teamarbeit, Qualit\u00e4t, Menschlichkeit und einen exzellenten Service f\u00fcr alle unsere Patientinnen und Patienten.<\/p>\n<p>[\/vc_column_text][vc_toggle title=&#8220;Mehr zu IRIS&#8220; style=&#8220;text_only&#8220; custom_font_container=&#8220;tag:h5|text_align:center|color:%23999999&#8243; custom_google_fonts=&#8220;font_family:Montserrat%3Aregular%2C700|font_style:400%20regular%3A400%3Anormal&#8220; custom_css_animation=&#8220;fadeIn&#8220; use_custom_heading=&#8220;true&#8220; css=&#8220;.vc_custom_61f92a69459ad{margin-top: 25px !important;margin-bottom: 25px !important;}&#8220; custom_el_class=&#8220;frontpage-more&#8220;]<\/p>\n<p style=\"text-align: center;\">Das Erkennen und Befunden von Krankheiten nimmt den Schwerpunkt unsere Arbeit ein, aber auch hoch spezielle interventionelle therapeutische Verfahren kommen zur Anwendung. Hierzu z\u00e4hlen unter anderem die interventionelle minimalinvasive Schmerztherapie. Unser \u00c4rzteteam verf\u00fcgt \u00fcber langj\u00e4hrige Erfahrungen und nachgewiesene Qualifikationen in allen von uns angebotenen Untersuchungs- und Therapieverfahren.<\/p>\n<p style=\"text-align: center;\">Die enge Zusammenarbeit unserer dynamischen Equipe erlaubt es uns, die jeweiligen Fachkenntnisse im Team h\u00f6chst kompetent einzusetzen. Von wesentlicher Bedeutung sind f\u00fcr uns der st\u00e4ndige Erfahrungsaustausch mit Kolleginnen und Kollegen und die permanente Fort- und Weiterbildung unseres gesamten Teams. Hierdurch k\u00f6nnen wir eine optimale Qualit\u00e4t der Versorgung unserer Patienten gew\u00e4hrleisten.<\/p>\n<p style=\"text-align: center;\">Gemeinsam haben wir es uns zur Aufgabe gemacht, unsere Patienten mit Hilfe modernster Diagnostik professionell, einf\u00fchlsam und verst\u00e4ndnisvoll zu versorgen und zu betreuen. Dazu geh\u00f6rt auch die rasche Befund\u00fcbermittlung sowie optimale Zusammenarbeit mit Ihrem behandelnden Arzt, sodass eine effektive Behandlung zeitnah begonnen werden kann.<\/p>\n<p>[\/vc_toggle][\/vc_column][vc_column width=&#8220;1\/6&#8243;][\/vc_column][\/vc_row][vc_row][vc_column width=&#8220;1\/3&#8243; extra_css_id=&#8220;extra-css-id-61f92a6945421&#8243;]<div class=\"wpb_content_element pix-icon-wrap pix-icon-wrap-circle pix-icon-limit-  pix-custom-css-61f92a6944e69\" data-position=\"top center\"><div class=\"pix-icon-limit-border\" style=\"background-position: 100% 50%; background-repeat: repeat-x; height: 80px; left: 0; right: calc(50% + 44.5px); top: 0px; \"><\/div><div class=\"pix-icon-limit-border-2nd\" style=\"background-position: 0 50%; background-repeat: repeat-x; height: 80px; left: calc(50% + 44.5px); right: 0; top: 0px; \"><\/div><div class=\"pix-icon-box  with-box\" style=\"\" data-animation-time=\"400\"><div style=\"display: inline-block; position: relative; height: 80px; width: 80px;text-align:center;border:1px none #9d9d9d;margin:0 auto 20px;color:#005d87;line-height:80px;\">\n<svg version=\"1.1\" data-id=\"microscope-icon\" data-icon=\"microscope-science\" class=\"line-icon drawing\" data-animation-time=\"400\" xmlns=\"http:\/\/www.w3.org\/2000\/svg\" xmlns:xlink=\"http:\/\/www.w3.org\/1999\/xlink\" x=\"0px\" y=\"0px\"\n\t width=\"60px\" height=\"60px\" viewBox=\"0 0 24 24\" enable-background=\"new 0 0 24 24\" xml:space=\"preserve\"><linearGradient id=\"gradient-drawing-icon-69d42ffe22777\" gradientUnits=\"userSpaceOnUse\" x1=\"2.8916\" y1=\"20.7559\" x2=\"20.9022\" y2=\"2.7452\"><stop offset=\"0\" style=\"stop-color:#005d87\"\/><stop offset=\"1\" style=\"stop-color:#003f5d\"\/><\/linearGradient>\n<path fill=\"none\" stroke=\"url(#gradient-drawing-icon-69d42ffe22777)\" stroke-width=\"1\" stroke-linecap=\"round\" stroke-linejoin=\"round\" stroke-miterlimit=\"10\" d=\"\n\tM12.5,13.5l-4-4l8-8l4,4l-1.732,1.732C18.315,6.78,17.69,6.5,17,6.5c-1.381,0-2.5,1.119-2.5,2.5c0,0.69,0.279,1.315,0.732,1.768\n\tL12.5,13.5z M21.5,14.5c0-2.146-0.761-4.107-2.016-5.652C19.488,8.899,19.5,8.948,19.5,9c0,1.161-0.795,2.128-1.867,2.409\n\tc0.546,0.903,0.867,1.958,0.867,3.091c0,3.313-2.687,6-6,6c-2.09,0-3.929-0.673-5.003-2H11.5v-2h-9v2h1.57\n\tc0.513,1.273,1.353,2.332,2.43,3.142V23.5h14v-3h-1.305C20.623,18.906,21.5,16.809,21.5,14.5z M9.5,10.5l-2,2l2,2l2-2L9.5,10.5z\n\t M19.5,4.5l2-2l-2-2l-2,2L19.5,4.5z M17,6.5c-1.381,0-2.5,1.119-2.5,2.5s1.119,2.5,2.5,2.5s2.5-1.119,2.5-2.5S18.381,6.5,17,6.5z\"\/>\n<\/svg><\/div><\/div><div class=\"pix-icon-text-box wpb_animate_when_almost_visible fadeIn\" data-delay=\"1600\">\n<h5 style=\"text-align: center;\">H\u00f6chstes<br \/>\nwissenschaftliches<br \/>\nNiveau<\/h5>\n<\/div><\/div><!-- .pix-icon-wrap -->[\/vc_column][vc_column width=&#8220;1\/3&#8243;]<div class=\"wpb_content_element pix-icon-wrap pix-icon-wrap-circle pix-icon-limit-  pix-custom-css-61f92a6944e94\" data-position=\"top center\"><div class=\"pix-icon-limit-border\" style=\"background-position: 100% 50%; background-repeat: repeat-x; height: 80px; left: 0; right: calc(50% + 44.5px); top: 0px; \"><\/div><div class=\"pix-icon-limit-border-2nd\" style=\"background-position: 0 50%; background-repeat: repeat-x; height: 80px; left: calc(50% + 44.5px); right: 0; top: 0px; \"><\/div><div class=\"pix-icon-box  with-box\" style=\"\" data-delay=\"400\" data-animation-time=\"400\"><div style=\"display: inline-block; position: relative; height: 80px; width: 80px;text-align:center;border:1px none #9d9d9d;margin:0 auto 20px;color:#066159;line-height:80px;\">\n<svg version=\"1.1\" data-id=\"target-icon\" data-icon=\"target-business\" class=\"line-icon drawing\" data-delay=\"400\" data-animation-time=\"400\" xmlns=\"http:\/\/www.w3.org\/2000\/svg\" xmlns:xlink=\"http:\/\/www.w3.org\/1999\/xlink\" x=\"0px\" y=\"0px\"\n\t width=\"60px\" height=\"60px\" viewBox=\"0 0 24 24\" enable-background=\"new 0 0 24 24\" xml:space=\"preserve\"><linearGradient id=\"gradient-drawing-icon-69d42ffe25247\" gradientUnits=\"userSpaceOnUse\" x1=\"2.8916\" y1=\"20.7559\" x2=\"20.9022\" y2=\"2.7452\"><stop offset=\"0\" style=\"stop-color:#066159\"\/><stop offset=\"1\" style=\"stop-color:#1dab9e\"\/><\/linearGradient>\n<path fill=\"none\" stroke=\"url(#gradient-drawing-icon-69d42ffe25247)\" stroke-width=\"1\" stroke-linecap=\"round\" stroke-linejoin=\"round\" stroke-miterlimit=\"10\" d=\"\n\tM19.34,7.488C20.387,9.069,21,10.962,21,13c0,5.523-4.477,10-10,10C5.477,23,1,18.523,1,13C1,7.477,5.477,3,11,3\n\tc2.038,0,3.932,0.613,5.512,1.66 M11,11c-1.104,0-2,0.896-2,2s0.896,2,2,2s2-0.896,2-2S12.104,11,11,11z M19,5h2l2-2h-2V1l-2,2V5\n\tl-8,8 M13.582,7.59C12.799,7.216,11.926,7,11,7c-3.314,0-6,2.687-6,6s2.686,6,6,6c3.314,0,6-2.687,6-6\n\tc0-0.926-0.217-1.799-0.59-2.582\"\/>\n<\/svg><\/div><\/div><div class=\"pix-icon-text-box wpb_animate_when_almost_visible fadeIn\" data-delay=\"2000\">\n<h5 style=\"text-align: center;\">Exzellenter<br \/>\nService<\/h5>\n<\/div><\/div><!-- .pix-icon-wrap -->[\/vc_column][vc_column width=&#8220;1\/3&#8243;]<div class=\"wpb_content_element pix-icon-wrap pix-icon-wrap-circle pix-icon-limit-  pix-custom-css-61f92a6944ee6\" data-position=\"top center\"><div class=\"pix-icon-limit-border\" style=\"background-position: 100% 50%; background-repeat: repeat-x; height: 80px; left: 0; right: calc(50% + 44.5px); top: 0px; \"><\/div><div class=\"pix-icon-limit-border-2nd\" style=\"background-position: 0 50%; background-repeat: repeat-x; height: 80px; left: calc(50% + 44.5px); right: 0; top: 0px; \"><\/div><div class=\"pix-icon-box  with-box\" style=\"\" data-delay=\"800\" data-animation-time=\"400\"><div style=\"display: inline-block; position: relative; height: 80px; width: 80px;text-align:center;border:1px none #9d9d9d;margin:0 auto 20px;color:#fcae00;line-height:80px;\">\n<svg version=\"1.1\" data-id=\"stetoscope-icon\" data-icon=\"stetoscope-medical\" class=\"line-icon drawing\" data-delay=\"800\" data-animation-time=\"400\" xmlns=\"http:\/\/www.w3.org\/2000\/svg\" xmlns:xlink=\"http:\/\/www.w3.org\/1999\/xlink\" x=\"0px\" y=\"0px\"\n\t width=\"60px\" height=\"60px\" viewBox=\"0 0 24 24\" enable-background=\"new 0 0 24 24\" xml:space=\"preserve\"><linearGradient id=\"gradient-drawing-icon-69d42ffe27b6a\" gradientUnits=\"userSpaceOnUse\" x1=\"2.8916\" y1=\"20.7559\" x2=\"20.9022\" y2=\"2.7452\"><stop offset=\"0\" style=\"stop-color:#fcae00\"\/><stop offset=\"1\" style=\"stop-color:#e37f00\"\/><\/linearGradient>\n<path fill=\"none\" stroke=\"url(#gradient-drawing-icon-69d42ffe27b6a)\" stroke-width=\"1\" stroke-linecap=\"round\" stroke-linejoin=\"round\" stroke-miterlimit=\"10\" d=\"\n\tM5.5,1c0,0.276-0.224,0.5-0.5,0.5S4.5,1.276,4.5,1S4.724,0.5,5,0.5S5.5,0.724,5.5,1z M5,1C4.25,1,2.5,1.875,2.5,5.5s0.438,7,5,7\n\t M9.5,1c0,0.276,0.224,0.5,0.5,0.5s0.5-0.224,0.5-0.5S10.276,0.5,10,0.5S9.5,0.724,9.5,1z M10,1c0.75,0,2.5,0.875,2.5,4.5\n\ts-0.438,7-5,7v7c0,2.209,1.791,4,4,4h3c2.209,0,4-1.791,4-4v-1 M18.5,18.5c1.656,0,3-1.343,3-3s-1.344-3-3-3s-3,1.343-3,3\n\tS16.844,18.5,18.5,18.5z M18.5,14.5c-0.553,0-1,0.447-1,1s0.447,1,1,1s1-0.447,1-1S19.053,14.5,18.5,14.5z\"\/>\n<\/svg><\/div><\/div><div class=\"pix-icon-text-box wpb_animate_when_almost_visible fadeIn\" data-delay=\"2400\">\n<h5 style=\"text-align: center;\">modernste<br \/>\nDiagnostiken<\/h5>\n<\/div><\/div><!-- .pix-icon-wrap -->[\/vc_column][\/vc_row][\/vc_section][vc_section full_width=&#8220;stretch_row_content&#8220;][vc_row full_width=&#8220;stretch_row&#8220; equal_height=&#8220;yes&#8220; extra_css_id=&#8220;extra-css-id-61f92a6945478&#8243; overlay=&#8220;#005d87&#8243; gradient=&#8220;#003f5d&#8220; parallax_value=&#8220;0.40&#8243; css=&#8220;.vc_custom_61f92a69459ef{margin-bottom: 0px !important;}&#8220; el_class=&#8220;color-gradient-neuchatel&#8220;][vc_column css_animation=&#8220;none&#8220; width=&#8220;1\/2&#8243; extra_css_id=&#8220;extra-css-id-61f92a69454bd&#8220; el_class=&#8220;full-img&#8220; offset=&#8220;vc_col-lg-6 vc_col-md-6 vc_col-xs-12 vc_hidden-xs&#8220; css=&#8220;.vc_custom_61f92a6945a2f{background-image: url(https:\/\/iris-radiologie.ch\/wp-content\/uploads\/2017\/06\/GetFileAttachment-5.jpg?id=943) !important;background-position: center !important;background-repeat: no-repeat !important;background-size: cover !important;}&#8220;][\/vc_column][vc_column css_animation=&#8220;fadeIn&#8220; width=&#8220;1\/2&#8243; extra_css_id=&#8220;extra-css-id-61f92a69454fe&#8220; css=&#8220;.vc_custom_61f92a6945ad5{background-color: rgba(255,255,255,0.01) !important;*background-color: rgb(255,255,255) !important;}&#8220; offset=&#8220;vc_col-lg-6 vc_col-md-6 vc_col-xs-12&#8243;][vc_column_text css_animation=&#8220;none&#8220; custom_css_uniq_id=&#8220;pix-custom-css-61f92a6944f34&#8243; resp_css=&#8220;.resp_vc_custom_1508418393785{margin-right: 20px !important;margin-left: 20px !important;}&#8220; el_class=&#8220;text-white&#8220; css=&#8220;.vc_custom_61f92a6945b1a{margin-top: 100px !important;margin-right: 75px !important;margin-bottom: 0px !important;margin-left: 75px !important;}&#8220;]<\/p>\n<h1 style=\"text-align: left;\">Neuch\u00e2tel<\/h1>\n<p>[\/vc_column_text][vc_column_text css_animation=&#8220;none&#8220; custom_css_uniq_id=&#8220;pix-custom-css-61f92a6944f79&#8243; resp_css=&#8220;.resp_vc_custom_1509004703995{margin-top: 50px !important;margin-right: 20px !important;margin-left: 20px !important;}&#8220; el_class=&#8220;text-white&#8220; css=&#8220;.vc_custom_61f92a6945b5a{margin-top: 30px !important;margin-right: 75px !important;margin-bottom: 50px !important;margin-left: 75px !important;}&#8220;]<\/p>\n<p style=\"text-align: left;\">Das Institut IRIS Neuch\u00e2tel (vormals Institut de Radiologie de Neuch\u00e2tel) steht seit 25 Jahren im Dienste seiner Patienten und leistet medizinische Bildgebung h\u00f6chster Qualit\u00e4t. Die Expertise und Innovationen des IRIS werden in zahlreichen medizinischen Bereichen hoch gesch\u00e4tzt. Das Institut IRIS Neuch\u00e2tel orientiert sich stets am Puls der Zeit und den technischen Weiterentwicklungen. Es bietet MRI, CT, R\u00f6ntgenbilder, US, Mammographie, Knochendichtemessungen sowie medizinische Massnahmen entsprechend den anspruchsvollsten Normen.<\/p>\n<p>[\/vc_column_text]<div class=\"mood-button-wrap wpb_content_element   vc_custom_61f92a6945b9c resp_vc_custom_1523541974554 pix-custom-css-61f92a6944fc0\" data-delay=\"1000\"><a href=\"\/de\/neuchatel\/\"  class=\"mood-button \">zu Neuch\u00e2tel<\/a><\/div>[\/vc_column][\/vc_row][vc_row full_width=&#8220;stretch_row&#8220; equal_height=&#8220;yes&#8220; extra_css_id=&#8220;extra-css-id-61f92a694554b&#8220; overlay=&#8220;#066159&#8243; gradient=&#8220;#1dab9e&#8220; css=&#8220;.vc_custom_61f92a6945bdb{margin-top: 0px !important;margin-bottom: 0px !important;}&#8220; el_class=&#8220;color-gradient-neuchatel&#8220;][vc_column css_animation=&#8220;fadeIn&#8220; width=&#8220;1\/2&#8243; extra_css_id=&#8220;extra-css-id-61f92a694558d&#8220; offset=&#8220;vc_col-lg-6 vc_col-md-6 vc_col-xs-12&#8243;][vc_column_text css_animation=&#8220;none&#8220; custom_css_uniq_id=&#8220;pix-custom-css-61f92a6945005&#8243; resp_css=&#8220;.resp_vc_custom_1508418435984{margin-right: 20px !important;margin-left: 20px !important;}&#8220; el_class=&#8220;text-white&#8220; css=&#8220;.vc_custom_61f92a6945c1c{margin-top: 100px !important;margin-right: 75px !important;margin-bottom: 0px !important;margin-left: 75px !important;}&#8220;]<\/p>\n<h1>Providence<\/h1>\n<p>[\/vc_column_text][vc_column_text css_animation=&#8220;none&#8220; custom_css_uniq_id=&#8220;pix-custom-css-61f92a6945048&#8243; resp_css=&#8220;.resp_vc_custom_1508418654749{margin-right: 20px !important;margin-left: 20px !important;}&#8220; el_class=&#8220;text-white&#8220; css=&#8220;.vc_custom_61f92a6945c5e{margin-top: 30px !important;margin-right: 75px !important;margin-bottom: 50px !important;margin-left: 75px !important;}&#8220;]<\/p>\n<p style=\"text-align: left;\">Gest\u00fctzt auf sein Know-how hat sich das Institut IRIS Neuch\u00e2tel 2013 innerhalb des Institut IRIS Providence (vormals Institut de Radiologie de Providence) mit dem H\u00f4pital de la Providence zusammengeschlossen, um das medizinische Fachwissen bei der Bildgebung im Dienste der Patienten des Krankenhauses und der externen Patienten zu b\u00fcndeln.<\/p>\n<p style=\"text-align: left;\">Hier werden R\u00f6ntgen- und US-Bilder erstellt, was jedoch in B\u00e4lde auf weitere Leistungen ausgedehnt werden wird.<\/p>\n<p>[\/vc_column_text]<div class=\"mood-button-wrap wpb_content_element   vc_custom_61f92a6945ca0 resp_vc_custom_1523541996666 pix-custom-css-61f92a694508a\" data-delay=\"1000\"><a href=\"\/de\/providence\/\"  class=\"mood-button \">zu Providence<\/a><\/div>[\/vc_column][vc_column css_animation=&#8220;none&#8220; width=&#8220;1\/2&#8243; extra_css_id=&#8220;extra-css-id-61f92a69455d9&#8243; css=&#8220;.vc_custom_61f92a6945ce0{background-image: url(https:\/\/iris-radiologie.ch\/wp-content\/uploads\/2017\/06\/GetFileAttachment-6.jpg?id=944) !important;background-position: center !important;background-repeat: no-repeat !important;background-size: cover !important;}&#8220; el_class=&#8220;full-img&#8220; offset=&#8220;vc_col-lg-6 vc_col-md-6 vc_col-xs-12 vc_hidden-xs&#8220;][\/vc_column][\/vc_row][vc_row full_width=&#8220;stretch_row&#8220; equal_height=&#8220;yes&#8220; extra_css_id=&#8220;extra-css-id-61f92a694561e&#8220; overlay=&#8220;#fcae00&#8243; gradient=&#8220;#e37f00&#8243; css=&#8220;.vc_custom_61f92a6945d20{margin-bottom: 0px !important;}&#8220; el_class=&#8220;color-gradient-neuchatel&#8220;][vc_column css_animation=&#8220;none&#8220; width=&#8220;1\/2&#8243; extra_css_id=&#8220;extra-css-id-61f92a6945660&#8243; el_class=&#8220;full-img&#8220; offset=&#8220;vc_col-lg-6 vc_col-md-6 vc_col-xs-12 vc_hidden-xs&#8220; css=&#8220;.vc_custom_61f92a6945d61{background-image: url(https:\/\/iris-radiologie.ch\/wp-content\/uploads\/2017\/06\/GetFileAttachment-7.jpg?id=947) !important;background-position: center !important;background-repeat: no-repeat !important;background-size: cover !important;}&#8220;][\/vc_column][vc_column css_animation=&#8220;fadeIn&#8220; width=&#8220;1\/2&#8243; extra_css_id=&#8220;extra-css-id-61f92a69456a2&#8243; css=&#8220;.vc_custom_61f92a6945da2{background-color: rgba(255,255,255,0.01) !important;*background-color: rgb(255,255,255) !important;}&#8220; offset=&#8220;vc_col-lg-6 vc_col-md-6 vc_col-xs-12&#8243;][vc_column_text css_animation=&#8220;none&#8220; custom_css_uniq_id=&#8220;pix-custom-css-61f92a69450d6&#8243; resp_css=&#8220;.resp_vc_custom_1508418479312{margin-right: 20px !important;margin-left: 20px !important;}&#8220; el_class=&#8220;text-white&#8220; css=&#8220;.vc_custom_61f92a6945de6{margin-top: 100px !important;margin-right: 75px !important;margin-bottom: 0px !important;margin-left: 75px !important;}&#8220;]<\/p>\n<h1>Drei-Seen<\/h1>\n<p>[\/vc_column_text][vc_column_text css_animation=&#8220;none&#8220; custom_css_uniq_id=&#8220;pix-custom-css-61f92a694511b&#8220; resp_css=&#8220;.resp_vc_custom_1509004899221{margin-right: 20px !important;margin-left: 20px !important;}&#8220; el_class=&#8220;text-white&#8220; css=&#8220;.vc_custom_61f92a6945e27{margin-top: 30px !important;margin-right: 75px !important;margin-bottom: 50px !important;margin-left: 75px !important;}&#8220;]<\/p>\n<p style=\"text-align: left;\">Das Institut IRIS Drei-Seen (vormals das Institut de Radiologie des 3 Lacs) bietet seit 2015 Leistungen aus den Bereichen MRI, CT-Scanner, US und R\u00f6ntgen f\u00fcr die Patienten aus Seeland und den angrenzenden Regionen.<\/p>\n<p style=\"text-align: left;\">Das IRIS Drei-Seen bietet eine besondere Lage und in einem gut zug\u00e4nglichen und bequemen Rahmen werden die Leistungen in zwei Sprachen erbracht. Das medizinische Know-how entspricht jenem des Institut IRIS Neuch\u00e2tel.<\/p>\n<p>[\/vc_column_text]<div class=\"mood-button-wrap wpb_content_element   vc_custom_61f92a6945e67 resp_vc_custom_1523542010518 pix-custom-css-61f92a6945169\" data-delay=\"1000\"><a href=\"\/de\/drei-seen\"  class=\"mood-button \">zu Drei-Seen<\/a><\/div>[\/vc_column][\/vc_row][vc_row full_width=&#8220;stretch_row&#8220; equal_height=&#8220;yes&#8220; extra_css_id=&#8220;extra-css-id-61f92a69456ec&#8220; overlay=&#8220;#dc030e&#8220; gradient=&#8220;#f20252&#8243; css=&#8220;.vc_custom_61f92a6945ea9{margin-top: 0px !important;margin-bottom: 0px !important;}&#8220; el_class=&#8220;color-gradient-neuchatel&#8220;][vc_column css_animation=&#8220;fadeIn&#8220; width=&#8220;1\/2&#8243; extra_css_id=&#8220;extra-css-id-61f92a694572c&#8220; offset=&#8220;vc_col-lg-6 vc_col-md-6 vc_col-xs-12&#8243;][vc_column_text css_animation=&#8220;none&#8220; custom_css_uniq_id=&#8220;pix-custom-css-61f92a69451ae&#8220; resp_css=&#8220;.resp_vc_custom_61f92a6945eed{margin-right: 20px !important;margin-left: 20px !important;}&#8220; el_class=&#8220;text-white&#8220; css=&#8220;.vc_custom_61f92a6945f30{margin-top: 100px !important;margin-right: 75px !important;margin-bottom: 0px !important;margin-left: 75px !important;}&#8220;]<\/p>\n<h1>Cadolles<\/h1>\n<p>[\/vc_column_text][vc_column_text css_animation=&#8220;none&#8220; custom_css_uniq_id=&#8220;pix-custom-css-61f92a69451ef&#8220; resp_css=&#8220;.resp_vc_custom_61f92a6945f72{margin-right: 20px !important;margin-left: 20px !important;}&#8220; el_class=&#8220;text-white&#8220; css=&#8220;.vc_custom_61f92a6945fb2{margin-top: 30px !important;margin-right: 75px !important;margin-bottom: 50px !important;margin-left: 75px !important;}&#8220;]<\/p>\n<p style=\"text-align: left;\">IRIS Radiologie Cadolles ist die j\u00fcngste Zweigstelle unseres Instituts, die aus einer Zusammenarbeit mit dem Centre M\u00e9dical des Cadolles hervorgegangen ist und seit Februar 2022 in Betrieb ist. Die au\u00dfergew\u00f6hnliche Expertise der \u00c4rzte von IRIS Radiology auf dem Gebiet der Bildgebung bildete die Grundlage f\u00fcr die Partnerschaft mit diesem neuen medizinischen Zentrum auf den H\u00f6hen von Neuch\u00e2tel, um Patienten qualitativ hochwertige Bildgebungsdienste anzubieten. Die vorgeschlagenen bildgebenden Verfahren sind Radiographie und Ultraschall (US).<\/p>\n<p>[\/vc_column_text]<div class=\"mood-button-wrap wpb_content_element   vc_custom_61f92a6946037 resp_vc_custom_61f92a6945ff3 pix-custom-css-61f92a6945232\" data-delay=\"1000\"><a href=\"\/de\/cadolles\/\"  class=\"mood-button \">zu Cadolles<\/a><\/div>[\/vc_column][vc_column css_animation=&#8220;none&#8220; width=&#8220;1\/2&#8243; extra_css_id=&#8220;extra-css-id-61f92a6945776&#8243; css=&#8220;.vc_custom_61f92a694607a{background-image: url(https:\/\/iris-radiologie.ch\/wp-content\/uploads\/2017\/11\/2-e1546946053461.jpg?id=921) !important;background-position: center !important;background-repeat: no-repeat !important;background-size: cover !important;}&#8220; el_class=&#8220;full-img&#8220; offset=&#8220;vc_col-lg-6 vc_col-md-6 vc_col-xs-12 vc_hidden-xs&#8220;][\/vc_column][\/vc_row][\/vc_section][vc_row][vc_column][vc_raw_html]JTNDYSUyMGhyZWYlM0QlMjJodHRwJTNBJTJGJTJGaXJuLmNoJTJGY29udGVudCUyRnJlc3VsdGF0cyUyRmxhbmclMkZkZSUyMiUyMHRhcmdldCUzRCUyMl9ibGFuayUyMiUzRSUzQ2RpdiUyMGNsYXNzJTNEJTIybGFzY2hlJTIwbGFzY2hlLWRlJTIyJTNFQmlsZGVyLURhdGVuenVncmlmZiUzQyUyRmRpdiUzRSUzQyUyRmElM0U=[\/vc_raw_html][\/vc_column][\/vc_row]<\/p>\n<a href=\"https:\/\/maradiologie.groupe3r.ch\" target=\"_blank\"><div class=\"lasche lasche-de\">Untersuchungsergebnisse<\/div><\/a>","protected":false},"excerpt":{"rendered":"<p>[vc_section full_width=&#8220;stretch_row_content&#8220;][vc_row full_width=&#8220;stretch_row_content_no_spaces&#8220; extra_css_id=&#8220;extra-css-id-61f92a694538f&#8220;][vc_column][rev_slider_vc alias=&#8220;home&#8220; rev_slider_parax=&#8220;0.30&#8243;][\/vc_column][\/vc_row][\/vc_section][vc_section css=&#8220;.vc_custom_61f92a69458e5{margin-top: 150px !important;margin-bottom: 100px !important;}&#8220;][vc_row extra_css_id=&#8220;extra-css-id-61f92a69453d4&#8243; css=&#8220;.vc_custom_61f92a6945929{margin-bottom: 50px !important;}&#8220;][vc_column width=&#8220;1\/6&#8243;][\/vc_column][vc_column width=&#8220;2\/3&#8243;][vc_column_text css_animation=&#8220;fadeIn&#8220; custom_css_uniq_id=&#8220;pix-custom-css-61f92a6944d88&#8243;] Ihre Gesundheit ist unser Massstab [\/vc_column_text][vc_column_text css_animation=&#8220;fadeIn&#8220; custom_css_uniq_id=&#8220;pix-custom-css-61f92a6944e14&#8243;] IRIS ist ein modernes und innovatives Zentrum f\u00fcr Medizinische Bildgebung. An unseren vier Standorten Neuch\u00e2tel, Cadolles, Providence und Drei-Seen steht Ihnen das gesamte Spektrum der modernen radiologischen Diagnostik [&hellip;]<\/p>\n","protected":false},"author":1,"featured_media":0,"parent":0,"menu_order":0,"comment_status":"closed","ping_status":"closed","template":"","meta":{"footnotes":""},"_links":{"self":[{"href":"https:\/\/iris-radiologie.ch\/de\/wp-json\/wp\/v2\/pages\/2"}],"collection":[{"href":"https:\/\/iris-radiologie.ch\/de\/wp-json\/wp\/v2\/pages"}],"about":[{"href":"https:\/\/iris-radiologie.ch\/de\/wp-json\/wp\/v2\/types\/page"}],"author":[{"embeddable":true,"href":"https:\/\/iris-radiologie.ch\/de\/wp-json\/wp\/v2\/users\/1"}],"replies":[{"embeddable":true,"href":"https:\/\/iris-radiologie.ch\/de\/wp-json\/wp\/v2\/comments?post=2"}],"version-history":[{"count":308,"href":"https:\/\/iris-radiologie.ch\/de\/wp-json\/wp\/v2\/pages\/2\/revisions"}],"predecessor-version":[{"id":2816,"href":"https:\/\/iris-radiologie.ch\/de\/wp-json\/wp\/v2\/pages\/2\/revisions\/2816"}],"wp:attachment":[{"href":"https:\/\/iris-radiologie.ch\/de\/wp-json\/wp\/v2\/media?parent=2"}],"curies":[{"name":"wp","href":"https:\/\/api.w.org\/{rel}","templated":true}]}}