{"id":2100,"date":"2018-05-04T10:41:43","date_gmt":"2018-05-04T08:41:43","guid":{"rendered":"http:\/\/iris-radiologie.ch\/server-fur-ihre-resultate\/"},"modified":"2020-10-23T12:43:53","modified_gmt":"2020-10-23T10:43:53","slug":"server-fur-ihre-resultate","status":"publish","type":"page","link":"https:\/\/iris-radiologie.ch\/de\/server-fur-ihre-resultate\/","title":{"rendered":"Server f\u00fcr Ihre Resultate"},"content":{"rendered":"<p>[vc_row][vc_column][vc_column_text content_align=&#8220;left&#8220; custom_css_uniq_id=&#8220;pix-custom-css-5aeb2a443f4bf&#8220;]<\/p>\n<div class=\"col-lg-9 col-md-9 col-sm-8 contentBlock\">\n<div class=\"t9_content\">\n<h3>Sie haben zwei M\u00f6glichkeiten, die Resultate einzusehen:<\/h3>\n<\/div>\n<\/div>\n<p>[\/vc_column_text][\/vc_column][\/vc_row][vc_row extra_css_id=&#8220;extra-css-id-5aeb22bb6101b&#8220; css=&#8220;.vc_custom_1525417416325{margin-top: 80px !important;}&#8220;][vc_column width=&#8220;1\/2&#8243;][vc_single_image image=&#8220;2058&#8243; img_size=&#8220;full&#8220; alignment=&#8220;center&#8220; onclick=&#8220;custom_link&#8220; img_link_target=&#8220;_blank&#8220; link=&#8220;http:\/\/resultats.iris-radiologie.ch\/tmpweb\/user_login.app&#8220;][vc_empty_space]<div class=\"mood-button-wrap wpb_content_element   pix-custom-css-5aeb2a443f4ff\" style=\"text-align:center;\" data-delay=\"500\"><a href=\"https:\/\/resultats.iris-radiologie.ch\/tmpweb\/user_login.app\"  target=' _blank' class=\"mood-button \">Zugang f\u00fcr \u00c4rzte<\/a><\/div>[vc_empty_space height=&#8220;40px&#8220;][\/vc_column][vc_column width=&#8220;1\/2&#8243;][vc_single_image image=&#8220;2061&#8243; img_size=&#8220;full&#8220; alignment=&#8220;center&#8220; onclick=&#8220;custom_link&#8220; img_link_target=&#8220;_blank&#8220; link=&#8220;http:\/\/resultats.iris-radiologie.ch\/tmpweb\/login.app&#8220;][vc_empty_space]<div class=\"mood-button-wrap wpb_content_element   pix-custom-css-5aeb2a443f53b\" style=\"text-align:center;\" data-delay=\"500\"><a href=\"https:\/\/resultats.iris-radiologie.ch\/tmpweb\/login.app\"  target=' _blank' class=\"mood-button \">Zugang Passw\u00f6rter f\u00fcr Untersuchungen<\/a><\/div>[vc_empty_space height=&#8220;40px&#8220;][\/vc_column][\/vc_row][vc_row extra_css_id=&#8220;extra-css-id-5aeb24fe982c0&#8243; css=&#8220;.vc_custom_1525359880133{margin-top: 50px !important;}&#8220;][vc_column][vc_column_text custom_css_uniq_id=&#8220;pix-custom-css-5aeb2a443f575&#8243;]<\/p>\n<h3>Zugang f\u00fcr \u00c4rzte<\/h3>\n<p><strong>Auf Antrag erhalten \u00c4rzte ein Konto mit einer ID und einem pers\u00f6nlichen Passwort.<\/strong><\/p>\n<p>Der Zugriff auf diese Daten erlaubt den behandelden \u00c4rzten, die weitere Entwicklung der Untersuchungen ihrer Patienten zu verfolgen. Das exakte Verwalten des Kontos des f\u00fcr die Untersuchungen verantwortlichen Arztes erlaubt ein hohes Ma\u00df an Vertraulichkeit und Sicherheit, was den Zugriff auf die Patientendaten betrifft.<\/p>\n<p>Der\u00a0<a href=\"http:\/\/www.telemis.com\/\" target=\"_blank\" rel=\"noopener\">TM-Publisher Web Telemis<\/a>\u00a0ist mit Windows und Apple\u00a0kompatibel.<\/p>\n<h3>Passw\u00f6rter &#8222;Untersuchungen&#8220;<\/h3>\n<p>Am Ende unserer Berichte finden Sie eine Internetadresse und 2 Zugangspassw\u00f6rter, welche beim Einloggen angegeben werden m\u00fcssen, um Zugriff auf die Resultate der Untersuchungen zu bekommen, oder aber einen direkten Hyperlink, \u00fcber welchen die Berichte per Email zugeschickt werden k\u00f6nnen.<\/p>\n<p>Die Kombination dieser Passw\u00f6rter erlaubt den Zugriff auf die anonym gehaltenen Bilder. Die dem Befund zu Grunde liegenden Bilder der angeforderten Untersuchungen k\u00f6nnen somit in Ruhe betrachtet werden. Andere Untersuchungen des Patienten sind nicht zug\u00e4nglich und bleiben somit vertraulich.<\/p>\n<p><strong>Sollten Sie Fragen oder irgendwelche Probleme haben, so wenden Sie sich bitte an folgende E-mail-Adresse :<\/strong>\u00a0 <a href=\"mailto:webaccess@iris-radiologie.ch\" target=\"_blank\" rel=\"noopener\">webaccess@iris-radiologie.ch<\/a>[\/vc_column_text][\/vc_column][\/vc_row]<\/p>\n<a href=\"https:\/\/maradiologie.groupe3r.ch\" target=\"_blank\"><div class=\"lasche lasche-de\">Untersuchungsergebnisse<\/div><\/a>","protected":false},"excerpt":{"rendered":"<p>[vc_row][vc_column][vc_column_text content_align=&#8220;left&#8220; custom_css_uniq_id=&#8220;pix-custom-css-5aeb2a443f4bf&#8220;] Sie haben zwei M\u00f6glichkeiten, die Resultate einzusehen: [\/vc_column_text][\/vc_column][\/vc_row][vc_row extra_css_id=&#8220;extra-css-id-5aeb22bb6101b&#8220; css=&#8220;.vc_custom_1525417416325{margin-top: 80px !important;}&#8220;][vc_column width=&#8220;1\/2&#8243;][vc_single_image image=&#8220;2058&#8243; img_size=&#8220;full&#8220; alignment=&#8220;center&#8220; onclick=&#8220;custom_link&#8220; img_link_target=&#8220;_blank&#8220; link=&#8220;http:\/\/resultats.iris-radiologie.ch\/tmpweb\/user_login.app&#8220;][vc_empty_space][vc_empty_space height=&#8220;40px&#8220;][\/vc_column][vc_column width=&#8220;1\/2&#8243;][vc_single_image image=&#8220;2061&#8243; img_size=&#8220;full&#8220; alignment=&#8220;center&#8220; onclick=&#8220;custom_link&#8220; img_link_target=&#8220;_blank&#8220; link=&#8220;http:\/\/resultats.iris-radiologie.ch\/tmpweb\/login.app&#8220;][vc_empty_space][vc_empty_space height=&#8220;40px&#8220;][\/vc_column][\/vc_row][vc_row extra_css_id=&#8220;extra-css-id-5aeb24fe982c0&#8243; css=&#8220;.vc_custom_1525359880133{margin-top: 50px !important;}&#8220;][vc_column][vc_column_text custom_css_uniq_id=&#8220;pix-custom-css-5aeb2a443f575&#8243;] Zugang f\u00fcr \u00c4rzte Auf Antrag erhalten \u00c4rzte ein Konto mit einer ID und einem pers\u00f6nlichen Passwort. Der Zugriff auf [&hellip;]<\/p>\n","protected":false},"author":1,"featured_media":0,"parent":0,"menu_order":0,"comment_status":"closed","ping_status":"closed","template":"","meta":{"footnotes":""},"_links":{"self":[{"href":"https:\/\/iris-radiologie.ch\/de\/wp-json\/wp\/v2\/pages\/2100"}],"collection":[{"href":"https:\/\/iris-radiologie.ch\/de\/wp-json\/wp\/v2\/pages"}],"about":[{"href":"https:\/\/iris-radiologie.ch\/de\/wp-json\/wp\/v2\/types\/page"}],"author":[{"embeddable":true,"href":"https:\/\/iris-radiologie.ch\/de\/wp-json\/wp\/v2\/users\/1"}],"replies":[{"embeddable":true,"href":"https:\/\/iris-radiologie.ch\/de\/wp-json\/wp\/v2\/comments?post=2100"}],"version-history":[{"count":17,"href":"https:\/\/iris-radiologie.ch\/de\/wp-json\/wp\/v2\/pages\/2100\/revisions"}],"predecessor-version":[{"id":2467,"href":"https:\/\/iris-radiologie.ch\/de\/wp-json\/wp\/v2\/pages\/2100\/revisions\/2467"}],"wp:attachment":[{"href":"https:\/\/iris-radiologie.ch\/de\/wp-json\/wp\/v2\/media?parent=2100"}],"curies":[{"name":"wp","href":"https:\/\/api.w.org\/{rel}","templated":true}]}}