{"id":234,"date":"2017-06-21T11:31:08","date_gmt":"2017-06-21T09:31:08","guid":{"rendered":"http:\/\/iris-swiss.ch\/?page_id=234"},"modified":"2025-07-11T13:37:24","modified_gmt":"2025-07-11T11:37:24","slug":"providence","status":"publish","type":"page","link":"https:\/\/iris-radiologie.ch\/de\/providence\/","title":{"rendered":"PROVIDENCE"},"content":{"rendered":"<p>[vc_row full_width=&#8220;stretch_row&#8220; pix_background_position=&#8220;center&#8220; extra_css_id=&#8220;extra-css-id-5e68c132d2905&#8243; overlay=&#8220;#066159&#8243; gradient=&#8220;rgba(29,171,158,0.8)&#8220; gradient_dir=&#8220;135&#8243; css=&#8220;.vc_custom_6870f06b51711{background-image: url(https:\/\/iris-radiologie.ch\/wp-content\/uploads\/2017\/06\/GetFileAttachment-2.jpg?id=959) !important;background-position: center !important;background-repeat: no-repeat !important;background-size: cover !important;}&#8220;][vc_column][vc_column_text css_animation=&#8220;none&#8220; custom_css_uniq_id=&#8220;pix-custom-css-6870f06b50ea7&#8243; css=&#8220;.vc_custom_6870f06b5174b{margin-top: 50vh !important;margin-bottom: 10vh !important;}&#8220;]<\/p>\n<h1 style=\"color: #fff;\">\u00dcber Uns<\/h1>\n<p>[\/vc_column_text][\/vc_column][\/vc_row][vc_section css=&#8220;.vc_custom_6870f06b51785{margin-top: 150px !important;margin-bottom: 150px !important;}&#8220;][vc_row extra_css_id=&#8220;extra-css-id-5e68c132d2944&#8243;][vc_column css_animation=&#8220;fadeIn&#8220; width=&#8220;1\/3&#8243; extra_css_id=&#8220;extra-css-id-5e68c132d297f&#8220;][vc_separator color=&#8220;custom&#8220; align=&#8220;align_left&#8220; border_width=&#8220;2&#8243; el_width=&#8220;50&#8243; accent_color=&#8220;#1dab9e&#8220;][vc_custom_heading text=&#8220;Das Institut&#8220; font_container=&#8220;tag:h2|text_align:left|color:%231dab9e&#8220; use_theme_fonts=&#8220;yes&#8220; css_animation=&#8220;none&#8220;][\/vc_column][vc_column css_animation=&#8220;fadeIn&#8220; width=&#8220;1\/3&#8243; extra_css_id=&#8220;extra-css-id-5e68c132d29bc&#8220;][vc_column_text custom_css_uniq_id=&#8220;pix-custom-css-6870f06b50ee9&#8243;]<\/p>\n<p>Unser Team kann auf neueste technische Ger\u00e4te zur\u00fcckgreifen und wendet modernste Verfahren der Diagnostik und Therapie an \u2013 so stellen wir eine bestm\u00f6gliche und schonende Behandlung sicher. Unter \u201eunser Angebot\u201c sind die diagnostischen und therapeutischen Verfahren im Einzelnen beschrieben.Wir bilden ein qualifiziertes Kollektiv aus erfahrenen Radiologen, MTRA, Arzthelferinnen, zus\u00e4tzlichen Mitarbeiterinnen des Callcenters, der Anmeldung und Administration.<\/p>\n<p>[\/vc_column_text][\/vc_column][vc_column css_animation=&#8220;fadeIn&#8220; width=&#8220;1\/3&#8243; extra_css_id=&#8220;extra-css-id-5e68c132d29f7&#8243;][vc_column_text custom_css_uniq_id=&#8220;pix-custom-css-6870f06b50f25&#8243;]Diese enge Zusammenarbeit innerhalb unseres Zentrums hat Vorteile f\u00fcr unsere Patienten:\u00a0Austausch von Informationen \u00fcber Voruntersuchungen und evtl. Vortherapien, Konferenz, kollegiales Gespr\u00e4ch bei schwierigen Befunden. Auch wenn wir als Radiologen mit hochmoderner Technik arbeiten, steht der Patient stets im Mittelpunkt. Seit der Gr\u00fcndung des Instituts w\u00e4chst das Team und entwickelt Ideen zur Optimierung.[\/vc_column_text][\/vc_column][\/vc_row][vc_row extra_css_id=&#8220;extra-css-id-5e68c132d2a34&#8243; css=&#8220;.vc_custom_6870f06b517bf{margin-top: 50px !important;}&#8220;][vc_column width=&#8220;1\/3&#8243;][\/vc_column][vc_column width=&#8220;2\/3&#8243;][vc_column_text css_animation=&#8220;fadeIn&#8220; custom_css_uniq_id=&#8220;pix-custom-css-6870f06b50f61&#8243;]Gest\u00fctzt auf sein Know-how hat sich das Institut IRIS Neuch\u00e2tel 2013 innerhalb des Institut IRIS Providence (vormals Institut de Radiologie de Providence) mit dem H\u00f4pital de la Providence zusammengeschlossen, um das medizinische Fachwissen bei der Bildgebung im Dienste der Patienten des Krankenhauses und der externen Patienten zu b\u00fcndeln. Hier werden R\u00f6ntgen- und US-Bilder erstellt, was jedoch in B\u00e4lde auf weitere Leistungen ausgedehnt werden wird. Ganz im Sinne der Philosophie der Institution de la Providence haben wir uns dem Konzept der medizinischen Exzellenz verschrieben, welches das Krankenhaus seit mehr als 150 Jahren verfolgt.[\/vc_column_text][\/vc_column][\/vc_row][\/vc_section][vc_section css=&#8220;.vc_custom_6870f06b517fa{margin-bottom: 150px !important;}&#8220;][vc_row full_width=&#8220;stretch_row&#8220; parallax=&#8220;content-moving&#8220; parallax_image=&#8220;952&#8243; pix_background_position=&#8220;center top&#8220; extra_css_id=&#8220;extra-css-id-5e68c132d2a75&#8243; overlay=&#8220;#066159&#8243; gradient=&#8220;rgba(29,171,158,0.8)&#8220; css=&#8220;.vc_custom_6870f06b51833{padding-top: 150px !important;padding-bottom: 150px !important;background-position: center;background-repeat: no-repeat;background-size:cover !important;}&#8220;][vc_column width=&#8220;1\/2&#8243;][vc_column_text css_animation=&#8220;fadeIn&#8220; custom_css_uniq_id=&#8220;pix-custom-css-6870f06b50f9f&#8220;]<\/p>\n<h1 style=\"font-size: 25px; color: white;\">\u00bbWer neue Heilmittel scheut, muss alte \u00dcbel dulden.\u00ab<\/h1>\n<p>[\/vc_column_text][vc_column_text css_animation=&#8220;fadeIn&#8220; custom_css_uniq_id=&#8220;pix-custom-css-6870f06b50fdb&#8220;]<\/p>\n<p style=\"color: white;\">&#8211; SIR FRANCIS BACON<\/p>\n<p>[\/vc_column_text][\/vc_column][vc_column width=&#8220;1\/2&#8243;][\/vc_column][\/vc_row][\/vc_section][vc_section][vc_row extra_css_id=&#8220;extra-css-id-5e68c132d2ab4&#8243; css=&#8220;.vc_custom_6870f06b5186c{margin-bottom: 50px !important;}&#8220;][vc_column width=&#8220;1\/4&#8243;][\/vc_column][vc_column width=&#8220;1\/2&#8243;][vc_custom_heading text=&#8220;Unsere Chef\u00e4rzte&#8220; font_container=&#8220;tag:h1|text_align:center|color:%231dab9e&#8220; use_theme_fonts=&#8220;yes&#8220; css_animation=&#8220;fadeIn&#8220;][\/vc_column][vc_column width=&#8220;1\/4&#8243;][\/vc_column][\/vc_row][vc_row extra_css_id=&#8220;extra-css-id-5e68c132d2aef&#8220;][vc_column css_animation=&#8220;none&#8220; width=&#8220;1\/3&#8243; extra_css_id=&#8220;extra-css-id-5e68c132d2b2a&#8220; css=&#8220;.vc_custom_6870f06b518a6{margin-bottom: 50px !important;}&#8220;]<div class=\"pix-image-box wpb_animate_when_almost_visible fadeIn with_zoom  vc_custom_6870f06b518df pix-custom-css-6870f06b51019\" style=\"-moz-border-radius: 0px; border-radius: 0px; \"><a href='\/de\/dr-med-iheb-bougamra\/'  ><img loading=\"lazy\" decoding=\"async\" width=\"600\" height=\"750\" src=\"https:\/\/iris-radiologie.ch\/wp-content\/uploads\/2017\/06\/iheb-1-e1539157111269.jpg\" class=\"attachment-full size-full\" alt=\"\"  srcset=\"\" sizes=\"(max-width: 600px) 100vw, 600px\"><\/a><\/div><!-- .pix-image-box -->[vc_column_text css_animation=&#8220;fadeIn&#8220; custom_css_uniq_id=&#8220;pix-custom-css-6870f06b51054&#8243;]<\/p>\n<h3 style=\"text-align: center; margin-bottom: 5px;\">Dr. med. Iheb Bougamra<\/h3>\n<p style=\"text-align: center;\"><em>Facharzt FMH Radiologie<\/em><\/p>\n<p>[\/vc_column_text][\/vc_column][vc_column width=&#8220;1\/3&#8243; extra_css_id=&#8220;extra-css-id-5e68c132d2b68&#8243; css=&#8220;.vc_custom_6870f06b51918{margin-bottom: 50px !important;}&#8220;]<div class=\"pix-image-box wpb_animate_when_almost_visible fadeIn with_zoom  vc_custom_6870f06b51951 pix-custom-css-6870f06b51090\" style=\"-moz-border-radius: 0px; border-radius: 0px; \"><a href='\/de\/dr-med-sofiane-derrouis\/'  ><img loading=\"lazy\" decoding=\"async\" width=\"600\" height=\"750\" src=\"https:\/\/iris-radiologie.ch\/wp-content\/uploads\/2017\/06\/sofiane-e1539157147167.jpg\" class=\"attachment-full size-full\" alt=\"\"  srcset=\"\" sizes=\"(max-width: 600px) 100vw, 600px\"><div class=\"image-box-entry-box\" style=\"color:\"><div><div style=\"vertical-align:top; text-align:left\"><div style=\"max-width:100%\"><\/div><\/div><\/div><\/div><\/a><\/div><!-- .pix-image-box -->[vc_column_text css_animation=&#8220;fadeIn&#8220; custom_css_uniq_id=&#8220;pix-custom-css-6870f06b510ca&#8220;]<\/p>\n<h3 style=\"text-align: center; margin-bottom: 5px;\">Dr. med. Sofiane Derrouis<\/h3>\n<p style=\"text-align: center;\"><em>Facharzt FMH Radiologie<\/em><\/p>\n<p>[\/vc_column_text][\/vc_column][vc_column width=&#8220;1\/3&#8243; extra_css_id=&#8220;extra-css-id-5e68c132d2ba6&#8243; css=&#8220;.vc_custom_6870f06b5198a{margin-bottom: 50px !important;}&#8220;]<div class=\"pix-image-box wpb_animate_when_almost_visible fadeIn with_zoom  vc_custom_6870f06b519c3 pix-custom-css-6870f06b51106\" style=\"-moz-border-radius: 0px; border-radius: 0px; \"><a href='\/de\/dr-med-benoit-morel\/'  ><img loading=\"lazy\" decoding=\"async\" width=\"600\" height=\"750\" src=\"https:\/\/iris-radiologie.ch\/wp-content\/uploads\/2017\/06\/benoit-1-e1539157203940.jpg\" class=\"attachment-full size-full\" alt=\"\"  srcset=\"\" sizes=\"(max-width: 600px) 100vw, 600px\"><\/a><\/div><!-- .pix-image-box -->[vc_column_text css_animation=&#8220;fadeIn&#8220; custom_css_uniq_id=&#8220;pix-custom-css-6870f06b51140&#8243;]<\/p>\n<h3 style=\"text-align: center; margin-bottom: 5px;\">Dr. med. Beno\u00eet Morel<\/h3>\n<p style=\"text-align: center; margin-bottom: 0px;\"><em>Facharzt FMH Radiologie<\/em><\/p>\n<p style=\"text-align: center;\"><em>Facharzt FMH P\u00e4diatrische Radiologie<\/em><\/p>\n<p>[\/vc_column_text][\/vc_column][\/vc_row][vc_row extra_css_id=&#8220;extra-css-id-5e68c132d2be3&#8243;][vc_column width=&#8220;1\/3&#8243; extra_css_id=&#8220;extra-css-id-5e68c132d2c1e&#8220; css=&#8220;.vc_custom_6870f06b519fd{margin-bottom: 50px !important;}&#8220;]<div class=\"pix-image-box wpb_animate_when_almost_visible fadeIn with_zoom  vc_custom_6870f06b51a37 pix-custom-css-6870f06b5117e\" style=\"-moz-border-radius: 0px; border-radius: 0px; \"><a href='\/de\/dr-med-mehmet-oe-oeksuez\/'  ><img loading=\"lazy\" decoding=\"async\" width=\"600\" height=\"750\" src=\"https:\/\/iris-radiologie.ch\/wp-content\/uploads\/2017\/06\/mehmet-1-e1539157169879.jpg\" class=\"attachment-full size-full\" alt=\"\"  srcset=\"\" sizes=\"(max-width: 600px) 100vw, 600px\"><\/a><\/div><!-- .pix-image-box -->[vc_column_text css_animation=&#8220;fadeIn&#8220; custom_css_uniq_id=&#8220;pix-custom-css-6870f06b511b9&#8243;]<\/p>\n<h3 style=\"text-align: center; margin-bottom: 5px;\">Dr. med. Mehmet \u00d6. \u00d6ks\u00fcz<\/h3>\n<p style=\"text-align: center; margin-bottom: 0px;\"><em>Facharzt FMH Radiologie<\/em><\/p>\n<p style=\"text-align: center;\"><em>Facharzt FMH Nuklearmedizin<\/em><\/p>\n<p>[\/vc_column_text][\/vc_column][vc_column width=&#8220;1\/3&#8243; extra_css_id=&#8220;extra-css-id-5e68c132d2c5c&#8220; css=&#8220;.vc_custom_6870f06b51a71{margin-bottom: 50px !important;}&#8220;]<div class=\"pix-image-box wpb_animate_when_almost_visible fadeIn with_zoom  vc_custom_6870f06b51b08 pix-custom-css-6870f06b511f4\" style=\"-moz-border-radius: 0px; border-radius: 0px; \"><a href='\/de\/jacques-perrin\/'  ><img loading=\"lazy\" decoding=\"async\" width=\"600\" height=\"750\" src=\"https:\/\/iris-radiologie.ch\/wp-content\/uploads\/2017\/06\/jaques-e1539157185792.jpg\" class=\"attachment-full size-full\" alt=\"\"  srcset=\"\" sizes=\"(max-width: 600px) 100vw, 600px\"><\/a><\/div><!-- .pix-image-box -->[vc_column_text css_animation=&#8220;fadeIn&#8220; custom_css_uniq_id=&#8220;pix-custom-css-6870f06b5122f&#8220;]<\/p>\n<h3 style=\"text-align: center; margin-bottom: 5px;\">Jacques Perrin<\/h3>\n<p style=\"text-align: center;\"><em>Facharzt FMH Radiologie<\/em><\/p>\n<p>[\/vc_column_text][\/vc_column][vc_column width=&#8220;1\/3&#8243; extra_css_id=&#8220;extra-css-id-5e68c132d2c9a&#8220; css=&#8220;.vc_custom_6870f06b51b52{margin-bottom: 50px !important;}&#8220;]<div class=\"pix-image-box wpb_animate_when_almost_visible fadeIn with_zoom  vc_custom_6870f06b51b8a pix-custom-css-6870f06b5126a\" style=\"-moz-border-radius: 0px; border-radius: 0px; \"><a href='\/de\/dr-marc-giraud\/'  ><img loading=\"lazy\" decoding=\"async\" width=\"600\" height=\"750\" src=\"https:\/\/iris-radiologie.ch\/wp-content\/uploads\/2018\/11\/marc_giraud.jpg\" class=\"attachment-full size-full\" alt=\"\" srcset=\"https:\/\/iris-radiologie.ch\/wp-content\/uploads\/2018\/11\/marc_giraud.jpg 600w, https:\/\/iris-radiologie.ch\/wp-content\/uploads\/2018\/11\/marc_giraud-240x300.jpg 240w, https:\/\/iris-radiologie.ch\/wp-content\/uploads\/2018\/11\/marc_giraud-100x125.jpg 100w, https:\/\/iris-radiologie.ch\/wp-content\/uploads\/2018\/11\/marc_giraud-560x700.jpg 560w\" sizes=\"(max-width: 600px) 100vw, 600px\" ><\/a><\/div><!-- .pix-image-box -->[vc_column_text css_animation=&#8220;fadeIn&#8220; custom_css_uniq_id=&#8220;pix-custom-css-6870f06b512a4&#8243;]<\/p>\n<h3 style=\"text-align: center; margin-bottom: 5px;\">Dr. med. Marc Giraud<\/h3>\n<p style=\"text-align: center; margin-bottom: 0px;\"><em>Facharzt FMH Radiologie<\/em><\/p>\n<p style=\"text-align: center; margin-bottom: 0px;\"><em>Facharzt FMH Kardiovaskul\u00e4re Radiologie<\/em><\/p>\n<p>[\/vc_column_text][\/vc_column][\/vc_row][vc_row extra_css_id=&#8220;extra-css-id-5e68c132d2cd9&#8243; css=&#8220;.vc_custom_6870f06b51bc3{margin-bottom: 100px !important;}&#8220;][vc_column width=&#8220;1\/3&#8243; extra_css_id=&#8220;extra-css-id-5e68c132d2d13&#8243; css=&#8220;.vc_custom_6870f06b51bfb{margin-bottom: 50px !important;}&#8220;]<div class=\"pix-image-box wpb_animate_when_almost_visible fadeIn with_zoom  vc_custom_6870f06b51c51 pix-custom-css-6870f06b512e0\" style=\"-moz-border-radius: 0px; border-radius: 0px; \"><a href='https:\/\/iris-radiologie.ch\/de\/dr-med-catherine-waeber\/'  ><img loading=\"lazy\" decoding=\"async\" width=\"600\" height=\"750\" src=\"https:\/\/iris-radiologie.ch\/wp-content\/uploads\/2020\/03\/Catherine-Waeber.jpg\" class=\"attachment-full size-full\" alt=\"\" srcset=\"https:\/\/iris-radiologie.ch\/wp-content\/uploads\/2020\/03\/Catherine-Waeber.jpg 600w, https:\/\/iris-radiologie.ch\/wp-content\/uploads\/2020\/03\/Catherine-Waeber-240x300.jpg 240w, https:\/\/iris-radiologie.ch\/wp-content\/uploads\/2020\/03\/Catherine-Waeber-100x125.jpg 100w, https:\/\/iris-radiologie.ch\/wp-content\/uploads\/2020\/03\/Catherine-Waeber-560x700.jpg 560w\" sizes=\"(max-width: 600px) 100vw, 600px\" ><\/a><\/div><!-- .pix-image-box -->[vc_column_text css_animation=&#8220;fadeIn&#8220; custom_css_uniq_id=&#8220;pix-custom-css-6870f06b5131a&#8220;]<\/p>\n<h3 style=\"text-align: center; margin-bottom: 5px;\">Dr. med. Catherine Waeber<\/h3>\n<p style=\"text-align: center; margin-bottom: 0px;\"><em>Fach\u00e4rztin FMH Radiologie<\/em><\/p>\n<p>[\/vc_column_text][\/vc_column][vc_column width=&#8220;1\/3&#8243; extra_css_id=&#8220;extra-css-id-5e68c132d2d51&#8243; css=&#8220;.vc_custom_6870f06b51c89{margin-bottom: 50px !important;}&#8220;]<div class=\"pix-image-box wpb_animate_when_almost_visible fadeIn with_zoom  vc_custom_6870f06b51cc1 pix-custom-css-6870f06b51355\" style=\"-moz-border-radius: 0px; border-radius: 0px; \"><a href='https:\/\/iris-radiologie.ch\/de\/dr-med-lysiane-rohrer\/'  ><img loading=\"lazy\" decoding=\"async\" width=\"1200\" height=\"1500\" src=\"https:\/\/iris-radiologie.ch\/wp-content\/uploads\/2017\/06\/placeholder.jpg\" class=\"attachment-full size-full\" alt=\"\" srcset=\"https:\/\/iris-radiologie.ch\/wp-content\/uploads\/2017\/06\/placeholder.jpg 1200w, https:\/\/iris-radiologie.ch\/wp-content\/uploads\/2017\/06\/placeholder-240x300.jpg 240w, https:\/\/iris-radiologie.ch\/wp-content\/uploads\/2017\/06\/placeholder-768x960.jpg 768w, https:\/\/iris-radiologie.ch\/wp-content\/uploads\/2017\/06\/placeholder-819x1024.jpg 819w, https:\/\/iris-radiologie.ch\/wp-content\/uploads\/2017\/06\/placeholder-100x125.jpg 100w, https:\/\/iris-radiologie.ch\/wp-content\/uploads\/2017\/06\/placeholder-750x938.jpg 750w, https:\/\/iris-radiologie.ch\/wp-content\/uploads\/2017\/06\/placeholder-560x700.jpg 560w, https:\/\/iris-radiologie.ch\/wp-content\/uploads\/2017\/06\/placeholder-600x750.jpg 600w\" sizes=\"(max-width: 1200px) 100vw, 1200px\" ><\/a><\/div><!-- .pix-image-box -->[vc_column_text css_animation=&#8220;fadeIn&#8220; custom_css_uniq_id=&#8220;pix-custom-css-6870f06b5138f&#8220;]<\/p>\n<h3 style=\"text-align: center; margin-bottom: 5px;\">Dr. med. Mourad Amor<\/h3>\n<p style=\"text-align: center; margin-bottom: 0px;\"><em>Fach\u00e4rztin FMH Radiologie<\/em><\/p>\n<p>[\/vc_column_text][\/vc_column][vc_column width=&#8220;1\/3&#8243; extra_css_id=&#8220;extra-css-id-5e68c132d2d8c&#8220; css=&#8220;.vc_custom_6870f06b51cf9{margin-bottom: 50px !important;}&#8220;]<div class=\"pix-image-box wpb_animate_when_almost_visible fadeIn with_zoom  vc_custom_6870f06b51d31 pix-custom-css-6870f06b513ca\" style=\"-moz-border-radius: 0px; border-radius: 0px; \"><a href='https:\/\/iris-radiologie.ch\/de\/dr-med-lysiane-rohrer\/'  ><img loading=\"lazy\" decoding=\"async\" width=\"1200\" height=\"1500\" src=\"https:\/\/iris-radiologie.ch\/wp-content\/uploads\/2017\/06\/placeholder.jpg\" class=\"attachment-full size-full\" alt=\"\" srcset=\"https:\/\/iris-radiologie.ch\/wp-content\/uploads\/2017\/06\/placeholder.jpg 1200w, https:\/\/iris-radiologie.ch\/wp-content\/uploads\/2017\/06\/placeholder-240x300.jpg 240w, https:\/\/iris-radiologie.ch\/wp-content\/uploads\/2017\/06\/placeholder-768x960.jpg 768w, https:\/\/iris-radiologie.ch\/wp-content\/uploads\/2017\/06\/placeholder-819x1024.jpg 819w, https:\/\/iris-radiologie.ch\/wp-content\/uploads\/2017\/06\/placeholder-100x125.jpg 100w, https:\/\/iris-radiologie.ch\/wp-content\/uploads\/2017\/06\/placeholder-750x938.jpg 750w, https:\/\/iris-radiologie.ch\/wp-content\/uploads\/2017\/06\/placeholder-560x700.jpg 560w, https:\/\/iris-radiologie.ch\/wp-content\/uploads\/2017\/06\/placeholder-600x750.jpg 600w\" sizes=\"(max-width: 1200px) 100vw, 1200px\" ><\/a><\/div><!-- .pix-image-box -->[vc_column_text css_animation=&#8220;fadeIn&#8220; custom_css_uniq_id=&#8220;pix-custom-css-6870f06b51404&#8243;]<\/p>\n<h3 style=\"text-align: center; margin-bottom: 5px;\">Dr. med. Patricia Nin Garaizabal<\/h3>\n<p style=\"text-align: center; margin-bottom: 0px;\"><em>Facharzt FMH Radiologie<\/em><\/p>\n<p>[\/vc_column_text][\/vc_column][\/vc_row][vc_row][vc_column][vc_separator][\/vc_column][\/vc_row][\/vc_section][vc_section][vc_row extra_css_id=&#8220;extra-css-id-5e68c132d2dc7&#8243; css=&#8220;.vc_custom_6870f06b51d69{margin-top: 125px !important;margin-bottom: 50px !important;}&#8220;][vc_column width=&#8220;1\/4&#8243;][\/vc_column][vc_column width=&#8220;1\/2&#8243;][vc_custom_heading text=&#8220;Das Team&#8220; font_container=&#8220;tag:h1|text_align:center|color:%231dab9e&#8220; use_theme_fonts=&#8220;yes&#8220; css_animation=&#8220;fadeIn&#8220;][\/vc_column][vc_column width=&#8220;1\/4&#8243;][\/vc_column][\/vc_row][vc_row extra_css_id=&#8220;extra-css-id-5e68c132d2e03&#8243; css=&#8220;.vc_custom_6870f06b51da0{margin-bottom: 100px !important;}&#8220;][vc_column width=&#8220;1\/3&#8243; extra_css_id=&#8220;extra-css-id-5e68c132d2e40&#8243; css=&#8220;.vc_custom_6870f06b51dd8{margin-bottom: 50px !important;}&#8220;]<div class=\"pix-image-box wpb_animate_when_almost_visible fadeIn with_zoom  vc_custom_6870f06b51e10 pix-custom-css-6870f06b51441\" style=\"-moz-border-radius: 0px; border-radius: 0px; \"><img loading=\"lazy\" decoding=\"async\" width=\"600\" height=\"750\" src=\"https:\/\/iris-radiologie.ch\/wp-content\/uploads\/2020\/03\/Deborah-Pais.jpg\" class=\"attachment-full size-full\" alt=\"\" srcset=\"https:\/\/iris-radiologie.ch\/wp-content\/uploads\/2020\/03\/Deborah-Pais.jpg 600w, https:\/\/iris-radiologie.ch\/wp-content\/uploads\/2020\/03\/Deborah-Pais-240x300.jpg 240w, https:\/\/iris-radiologie.ch\/wp-content\/uploads\/2020\/03\/Deborah-Pais-100x125.jpg 100w, https:\/\/iris-radiologie.ch\/wp-content\/uploads\/2020\/03\/Deborah-Pais-560x700.jpg 560w\" sizes=\"(max-width: 600px) 100vw, 600px\" ><\/div><!-- .pix-image-box -->[vc_column_text css_animation=&#8220;fadeIn&#8220; custom_css_uniq_id=&#8220;pix-custom-css-6870f06b5147e&#8220;]<\/p>\n<h3 style=\"text-align: center; margin-bottom: 5px;\">Deborah Pais<\/h3>\n<p style=\"text-align: center;\"><em>Leitung Sekretariat<\/em><\/p>\n<p>[\/vc_column_text][\/vc_column][vc_column width=&#8220;1\/3&#8243; extra_css_id=&#8220;extra-css-id-5e68c132d2e7d&#8220; css=&#8220;.vc_custom_6870f06b51e48{margin-bottom: 50px !important;}&#8220;]<div class=\"pix-image-box wpb_animate_when_almost_visible fadeIn with_zoom  vc_custom_1752233817836 pix-custom-css-6870f06b514b8\" style=\"-moz-border-radius: 0px; border-radius: 0px; \"><img loading=\"lazy\" decoding=\"async\" width=\"1200\" height=\"1500\" src=\"https:\/\/iris-radiologie.ch\/wp-content\/uploads\/2017\/06\/placeholder.jpg\" class=\"attachment-full size-full\" alt=\"\" srcset=\"https:\/\/iris-radiologie.ch\/wp-content\/uploads\/2017\/06\/placeholder.jpg 1200w, https:\/\/iris-radiologie.ch\/wp-content\/uploads\/2017\/06\/placeholder-240x300.jpg 240w, https:\/\/iris-radiologie.ch\/wp-content\/uploads\/2017\/06\/placeholder-768x960.jpg 768w, https:\/\/iris-radiologie.ch\/wp-content\/uploads\/2017\/06\/placeholder-819x1024.jpg 819w, https:\/\/iris-radiologie.ch\/wp-content\/uploads\/2017\/06\/placeholder-100x125.jpg 100w, https:\/\/iris-radiologie.ch\/wp-content\/uploads\/2017\/06\/placeholder-750x938.jpg 750w, https:\/\/iris-radiologie.ch\/wp-content\/uploads\/2017\/06\/placeholder-560x700.jpg 560w, https:\/\/iris-radiologie.ch\/wp-content\/uploads\/2017\/06\/placeholder-600x750.jpg 600w\" sizes=\"(max-width: 1200px) 100vw, 1200px\" ><\/div><!-- .pix-image-box -->[vc_column_text css_animation=&#8220;fadeIn&#8220; custom_css_uniq_id=&#8220;pix-custom-css-6870f06b514f2&#8243;]<\/p>\n<h3 style=\"text-align: center; margin-bottom: 5px;\">R\u00e9mi Louis<\/h3>\n<p style=\"text-align: center;\"><em>Leitende MTRA<\/em><\/p>\n<p>[\/vc_column_text][\/vc_column][vc_column width=&#8220;1\/3&#8243; extra_css_id=&#8220;extra-css-id-5e68c132d2ebb&#8220; css=&#8220;.vc_custom_6870f06b51eb7{margin-bottom: 50px !important;}&#8220;]<div class=\"pix-image-box wpb_animate_when_almost_visible fadeIn with_zoom  vc_custom_6870f06b51eef pix-custom-css-6870f06b5152d\" style=\"-moz-border-radius: 0px; border-radius: 0px; \"><img loading=\"lazy\" decoding=\"async\" width=\"600\" height=\"750\" src=\"https:\/\/iris-radiologie.ch\/wp-content\/uploads\/2017\/06\/virginie-e1539157120179.jpg\" class=\"attachment-full size-full\" alt=\"\"  srcset=\"\" sizes=\"(max-width: 600px) 100vw, 600px\"><\/div><!-- .pix-image-box -->[vc_column_text css_animation=&#8220;fadeIn&#8220; custom_css_uniq_id=&#8220;pix-custom-css-6870f06b51567&#8243;]<\/p>\n<h3 style=\"text-align: center; margin-bottom: 5px;\">Virginie Grossen<\/h3>\n<p style=\"text-align: center;\"><em>Administration (Buchhaltung und Abrechnung)<\/em><\/p>\n<p>[\/vc_column_text][\/vc_column][\/vc_row][\/vc_section]<\/p>\n<a href=\"https:\/\/maradiologie.groupe3r.ch\" target=\"_blank\"><div class=\"lasche lasche-de\">Untersuchungsergebnisse<\/div><\/a>","protected":false},"excerpt":{"rendered":"<p>[vc_row full_width=&#8220;stretch_row&#8220; pix_background_position=&#8220;center&#8220; extra_css_id=&#8220;extra-css-id-5e68c132d2905&#8243; overlay=&#8220;#066159&#8243; gradient=&#8220;rgba(29,171,158,0.8)&#8220; gradient_dir=&#8220;135&#8243; css=&#8220;.vc_custom_6870f06b51711{background-image: url(https:\/\/iris-radiologie.ch\/wp-content\/uploads\/2017\/06\/GetFileAttachment-2.jpg?id=959) !important;background-position: center !important;background-repeat: no-repeat !important;background-size: cover !important;}&#8220;][vc_column][vc_column_text css_animation=&#8220;none&#8220; custom_css_uniq_id=&#8220;pix-custom-css-6870f06b50ea7&#8243; css=&#8220;.vc_custom_6870f06b5174b{margin-top: 50vh !important;margin-bottom: 10vh !important;}&#8220;] \u00dcber Uns [\/vc_column_text][\/vc_column][\/vc_row][vc_section css=&#8220;.vc_custom_6870f06b51785{margin-top: 150px !important;margin-bottom: 150px !important;}&#8220;][vc_row extra_css_id=&#8220;extra-css-id-5e68c132d2944&#8243;][vc_column css_animation=&#8220;fadeIn&#8220; width=&#8220;1\/3&#8243; extra_css_id=&#8220;extra-css-id-5e68c132d297f&#8220;][vc_separator color=&#8220;custom&#8220; align=&#8220;align_left&#8220; border_width=&#8220;2&#8243; el_width=&#8220;50&#8243; accent_color=&#8220;#1dab9e&#8220;][vc_custom_heading text=&#8220;Das Institut&#8220; font_container=&#8220;tag:h2|text_align:left|color:%231dab9e&#8220; use_theme_fonts=&#8220;yes&#8220; css_animation=&#8220;none&#8220;][\/vc_column][vc_column css_animation=&#8220;fadeIn&#8220; width=&#8220;1\/3&#8243; extra_css_id=&#8220;extra-css-id-5e68c132d29bc&#8220;][vc_column_text custom_css_uniq_id=&#8220;pix-custom-css-6870f06b50ee9&#8243;] Unser Team kann auf neueste technische [&hellip;]<\/p>\n","protected":false},"author":1,"featured_media":0,"parent":0,"menu_order":0,"comment_status":"closed","ping_status":"closed","template":"","meta":{"footnotes":""},"_links":{"self":[{"href":"https:\/\/iris-radiologie.ch\/de\/wp-json\/wp\/v2\/pages\/234"}],"collection":[{"href":"https:\/\/iris-radiologie.ch\/de\/wp-json\/wp\/v2\/pages"}],"about":[{"href":"https:\/\/iris-radiologie.ch\/de\/wp-json\/wp\/v2\/types\/page"}],"author":[{"embeddable":true,"href":"https:\/\/iris-radiologie.ch\/de\/wp-json\/wp\/v2\/users\/1"}],"replies":[{"embeddable":true,"href":"https:\/\/iris-radiologie.ch\/de\/wp-json\/wp\/v2\/comments?post=234"}],"version-history":[{"count":77,"href":"https:\/\/iris-radiologie.ch\/de\/wp-json\/wp\/v2\/pages\/234\/revisions"}],"predecessor-version":[{"id":2862,"href":"https:\/\/iris-radiologie.ch\/de\/wp-json\/wp\/v2\/pages\/234\/revisions\/2862"}],"wp:attachment":[{"href":"https:\/\/iris-radiologie.ch\/de\/wp-json\/wp\/v2\/media?parent=234"}],"curies":[{"name":"wp","href":"https:\/\/api.w.org\/{rel}","templated":true}]}}