{"id":2400,"date":"2020-03-11T10:23:04","date_gmt":"2020-03-11T09:23:04","guid":{"rendered":"https:\/\/iris-radiologie.ch\/?page_id=2400"},"modified":"2022-04-21T09:06:32","modified_gmt":"2022-04-21T07:06:32","slug":"dr-med-catherine-waeber","status":"publish","type":"page","link":"https:\/\/iris-radiologie.ch\/de\/dr-med-catherine-waeber\/","title":{"rendered":"Dr. med. Catherine Waeber"},"content":{"rendered":"<p>[vc_section full_width=&#8220;stretch_row&#8220; css=&#8220;.vc_custom_1513263082896{margin-bottom: 150px !important;}&#8220;][vc_row full_width=&#8220;stretch_row&#8220; content_placement=&#8220;top&#8220; parallax=&#8220;content-moving&#8220; pix_background_position=&#8220;right&#8220; extra_css_id=&#8220;extra-css-id-5a328ff6459a2&#8243; overlay=&#8220;rgba(0,0,0,0.3)&#8220; gradient=&#8220;rgba(0,0,0,0.01)&#8220; el_class=&#8220;background-right&#8220; css=&#8220;.vc_custom_1583920086154{background-image: url(https:\/\/iris-radiologie.ch\/wp-content\/uploads\/2020\/03\/waeber_profile.jpg?id=2414) !important;background-position: center;background-repeat: no-repeat !important;background-size: cover !important;}&#8220;][vc_column][vc_column_text css_animation=&#8220;fadeInUp&#8220; custom_css_uniq_id=&#8220;pix-custom-5a328fcf30221&#8243; resp_css=&#8220;.resp_vc_custom_1650524719198{margin-top: 20vh !important;margin-bottom: 10vh !important;}&#8220; css=&#8220;.vc_custom_1650524719197{margin-top: 50vh !important;margin-bottom: 10vh !important;}&#8220;]<\/p>\n<h1 style=\"color: #fff;\">Dr. med. Catherine Waeber<\/h1>\n<h4 style=\"color: #fff; margin-top: -20px;\">Fach\u00e4rztin FMH Radiologie<br \/>\nVormals Ober\u00e4rztin Radiologie Pourtal\u00e8s im Departement Medizinische Bildgebung des Neuenburger Kantonspitals HNE, Neuenburg, Schweiz<br \/>\nVormals Chef\u00e4rztin Radiologie EHNV (Etablissements Hospitaliers du Nord Vaudois) im Departement Medizinische Bildgebung, Yverdon, Schweiz<\/h4>\n<p>[\/vc_column_text][\/vc_column][\/vc_row][\/vc_section][vc_section][vc_row extra_css_id=&#8220;extra-css-id-59e76d2c0e829&#8243;][vc_column][vc_column_text css_animation=&#8220;fadeInUp&#8220; custom_css_uniq_id=&#8220;pix-custom-59e76499566bf&#8220;]<\/p>\n<h4>Hochschulstudium<\/h4>\n<p>Humanmedizin Universit\u00e4tsspital Lausanne (Schweiz)<\/p>\n<hr \/>\n<h4>Ausbildung<\/h4>\n<p>Chirurgie, Spital Del\u00e9mont (Schweiz)<br \/>\nInnere Medizin, Spital Porrentruy (Schweiz)<br \/>\nRadiologie, Inselspital Bern (Schweiz)<br \/>\nRadiologie, Kantonsspital Freiburg (Schweiz)<\/p>\n<hr \/>\n<h4>Weiterbildung \/ Schwerpunkte<\/h4>\n<p>Bildgebung bei Frauen<br \/>\nProstatabildgebung<br \/>\nMuskuloskelettale Bildgebung<\/p>\n<hr \/>\n<h4>Publikationen<\/h4>\n<p><a href=\"http:\/\/www.pubmed.de\/data\/nlm.link.html\" target=\"_blank\" rel=\"noopener\">Zuletzt ver\u00f6ffentlichte Artikel<\/a><\/p>\n<hr \/>\n<h4>Mitgliedschaften<\/h4>\n<p>Radiological Society of North America (RSNA)<br \/>\nSoci\u00e9t\u00e9 d\u2019imagerie musculo-squelettique (SIMS)<br \/>\nSoci\u00e9t\u00e9 d\u2019imagerie de la femme (SIFEM)<br \/>\nSoci\u00e9t\u00e9 Neuch\u00e2teloise de M\u00e9decine<\/p>\n<hr \/>\n<h4>Sprachen<\/h4>\n<p>Deutsch, Franz\u00f6sisch, English<\/p>\n<hr \/>\n<p>[\/vc_column_text][vc_column_text custom_css_uniq_id=&#8220;pix-custom-59e7663bb0d0d&#8220; css=&#8220;.vc_custom_1583918167558{margin-top: 50px !important;margin-bottom: 50px !important;}&#8220;]<strong>Dr. med. Catherine Waeber<\/strong><br \/>\n<em>Fach\u00e4rztin FMH Radiologie<\/em><\/p>\n<p>IRIS &#8211; Neuch\u00e2tel<br \/>\nRue Pury 4-6<br \/>\nCH-2000 Neuch\u00e2tel<br \/>\nTel: +41 (0)32 723 96 96<br \/>\n<a href=\"mailto:catherine.waeber@iris-radiologie.ch\" target=\"_blank\" rel=\"noopener\">catherine.waeber@iris-radiologie.ch<\/a>[\/vc_column_text][\/vc_column][\/vc_row][\/vc_section]<\/p>\n<a href=\"https:\/\/maradiologie.groupe3r.ch\" target=\"_blank\"><div class=\"lasche lasche-de\">Untersuchungsergebnisse<\/div><\/a>","protected":false},"excerpt":{"rendered":"<p>[vc_section full_width=&#8220;stretch_row&#8220; css=&#8220;.vc_custom_1513263082896{margin-bottom: 150px !important;}&#8220;][vc_row full_width=&#8220;stretch_row&#8220; content_placement=&#8220;top&#8220; parallax=&#8220;content-moving&#8220; pix_background_position=&#8220;right&#8220; extra_css_id=&#8220;extra-css-id-5a328ff6459a2&#8243; overlay=&#8220;rgba(0,0,0,0.3)&#8220; gradient=&#8220;rgba(0,0,0,0.01)&#8220; el_class=&#8220;background-right&#8220; css=&#8220;.vc_custom_1583920086154{background-image: url(https:\/\/iris-radiologie.ch\/wp-content\/uploads\/2020\/03\/waeber_profile.jpg?id=2414) !important;background-position: center;background-repeat: no-repeat !important;background-size: cover !important;}&#8220;][vc_column][vc_column_text css_animation=&#8220;fadeInUp&#8220; custom_css_uniq_id=&#8220;pix-custom-5a328fcf30221&#8243; resp_css=&#8220;.resp_vc_custom_1650524719198{margin-top: 20vh !important;margin-bottom: 10vh !important;}&#8220; css=&#8220;.vc_custom_1650524719197{margin-top: 50vh !important;margin-bottom: 10vh !important;}&#8220;] Dr. med. Catherine Waeber Fach\u00e4rztin FMH Radiologie Vormals Ober\u00e4rztin Radiologie Pourtal\u00e8s im Departement Medizinische Bildgebung des Neuenburger Kantonspitals HNE, Neuenburg, Schweiz Vormals [&hellip;]<\/p>\n","protected":false},"author":1,"featured_media":0,"parent":0,"menu_order":0,"comment_status":"closed","ping_status":"closed","template":"","meta":{"footnotes":""},"_links":{"self":[{"href":"https:\/\/iris-radiologie.ch\/de\/wp-json\/wp\/v2\/pages\/2400"}],"collection":[{"href":"https:\/\/iris-radiologie.ch\/de\/wp-json\/wp\/v2\/pages"}],"about":[{"href":"https:\/\/iris-radiologie.ch\/de\/wp-json\/wp\/v2\/types\/page"}],"author":[{"embeddable":true,"href":"https:\/\/iris-radiologie.ch\/de\/wp-json\/wp\/v2\/users\/1"}],"replies":[{"embeddable":true,"href":"https:\/\/iris-radiologie.ch\/de\/wp-json\/wp\/v2\/comments?post=2400"}],"version-history":[{"count":11,"href":"https:\/\/iris-radiologie.ch\/de\/wp-json\/wp\/v2\/pages\/2400\/revisions"}],"predecessor-version":[{"id":2667,"href":"https:\/\/iris-radiologie.ch\/de\/wp-json\/wp\/v2\/pages\/2400\/revisions\/2667"}],"wp:attachment":[{"href":"https:\/\/iris-radiologie.ch\/de\/wp-json\/wp\/v2\/media?parent=2400"}],"curies":[{"name":"wp","href":"https:\/\/api.w.org\/{rel}","templated":true}]}}