{"id":241,"date":"2017-06-21T11:32:43","date_gmt":"2017-06-21T09:32:43","guid":{"rendered":"http:\/\/iris-swiss.ch\/?page_id=241"},"modified":"2023-07-06T10:37:57","modified_gmt":"2023-07-06T08:37:57","slug":"kontakt","status":"publish","type":"page","link":"https:\/\/iris-radiologie.ch\/de\/providence\/kontakt\/","title":{"rendered":"Kontakt"},"content":{"rendered":"<p>[vc_section css=&#8220;.vc_custom_594b6ae87e48e{margin-bottom: 150px !important;}&#8220;][vc_row full_width=&#8220;stretch_row&#8220; extra_css_id=&#8220;extra-css-id-594a8c6eeee96&#8243; overlay=&#8220;#066159&#8243; gradient=&#8220;rgba(255,255,255,0.01)&#8220; gradient_dir=&#8220;135&#8243; row_latitude=&#8220;46.995163&#8243; row_longitude=&#8220;6.939098&#8243; row_map_zoom=&#8220;17&#8243; row_colors=&#8220;BRACK_ { _QUOTES_featureType_QUOTES_: _QUOTES_administrative_QUOTES_, _QUOTES_elementType_QUOTES_: _QUOTES_all_QUOTES_, _QUOTES_stylers_QUOTES_: BRACK_ { _QUOTES_saturation_QUOTES_: _QUOTES_-100_QUOTES_ } _KCARB }, { _QUOTES_featureType_QUOTES_: _QUOTES_administrative.province_QUOTES_, _QUOTES_elementType_QUOTES_: _QUOTES_all_QUOTES_, _QUOTES_stylers_QUOTES_: BRACK_ { _QUOTES_visibility_QUOTES_: _QUOTES_off_QUOTES_ } _KCARB }, { _QUOTES_featureType_QUOTES_: _QUOTES_landscape_QUOTES_, _QUOTES_elementType_QUOTES_: _QUOTES_all_QUOTES_, _QUOTES_stylers_QUOTES_: BRACK_ { _QUOTES_saturation_QUOTES_: -100 }, { _QUOTES_lightness_QUOTES_: 65 }, { _QUOTES_visibility_QUOTES_: _QUOTES_on_QUOTES_ } _KCARB }, { _QUOTES_featureType_QUOTES_: _QUOTES_poi_QUOTES_, _QUOTES_elementType_QUOTES_: _QUOTES_all_QUOTES_, _QUOTES_stylers_QUOTES_: BRACK_ { _QUOTES_saturation_QUOTES_: -100 }, { _QUOTES_lightness_QUOTES_: _QUOTES_50_QUOTES_ }, { _QUOTES_visibility_QUOTES_: _QUOTES_simplified_QUOTES_ } _KCARB }, { _QUOTES_featureType_QUOTES_: _QUOTES_road_QUOTES_, _QUOTES_elementType_QUOTES_: _QUOTES_all_QUOTES_, _QUOTES_stylers_QUOTES_: BRACK_ { _QUOTES_saturation_QUOTES_: _QUOTES_-100_QUOTES_ } _KCARB }, { _QUOTES_featureType_QUOTES_: _QUOTES_road.highway_QUOTES_, _QUOTES_elementType_QUOTES_: _QUOTES_all_QUOTES_, _QUOTES_stylers_QUOTES_: BRACK_ { _QUOTES_visibility_QUOTES_: _QUOTES_simplified_QUOTES_ } _KCARB }, { _QUOTES_featureType_QUOTES_: _QUOTES_road.arterial_QUOTES_, _QUOTES_elementType_QUOTES_: _QUOTES_all_QUOTES_, _QUOTES_stylers_QUOTES_: BRACK_ { _QUOTES_lightness_QUOTES_: _QUOTES_30_QUOTES_ } _KCARB }, { _QUOTES_featureType_QUOTES_: _QUOTES_road.local_QUOTES_, _QUOTES_elementType_QUOTES_: _QUOTES_all_QUOTES_, _QUOTES_stylers_QUOTES_: BRACK_ { _QUOTES_lightness_QUOTES_: _QUOTES_40_QUOTES_ } _KCARB }, { _QUOTES_featureType_QUOTES_: _QUOTES_transit_QUOTES_, _QUOTES_elementType_QUOTES_: _QUOTES_all_QUOTES_, _QUOTES_stylers_QUOTES_: BRACK_ { _QUOTES_saturation_QUOTES_: -100 }, { _QUOTES_visibility_QUOTES_: _QUOTES_simplified_QUOTES_ } _KCARB }, { _QUOTES_featureType_QUOTES_: _QUOTES_water_QUOTES_, _QUOTES_elementType_QUOTES_: _QUOTES_geometry_QUOTES_, _QUOTES_stylers_QUOTES_: BRACK_ { _QUOTES_hue_QUOTES_: _QUOTES_#ffff00_QUOTES_ }, { _QUOTES_lightness_QUOTES_: -25 }, { _QUOTES_saturation_QUOTES_: -97 } _KCARB }, { _QUOTES_featureType_QUOTES_: _QUOTES_water_QUOTES_, _QUOTES_elementType_QUOTES_: _QUOTES_labels_QUOTES_, _QUOTES_stylers_QUOTES_: BRACK_ { _QUOTES_lightness_QUOTES_: -25 }, { _QUOTES_saturation_QUOTES_: -100 } _KCARB }_KCARB&#8220;][vc_column][vc_column_text css_animation=&#8220;fadeIn&#8220; custom_css_uniq_id=&#8220;pix-custom-css-594b8868109f3&#8243; css=&#8220;.vc_custom_1498123430205{margin-top: 50vh !important;margin-bottom: 10vh !important;}&#8220;]<\/p>\n<h1 style=\"color: #fff;\">Kontakt<\/h1>\n<p>[\/vc_column_text][\/vc_column][\/vc_row][\/vc_section][vc_section css=&#8220;.vc_custom_594b6ae87e4a4{margin-bottom: 150px !important;}&#8220;][vc_row][vc_column width=&#8220;1\/4&#8243;][\/vc_column][vc_column css_animation=&#8220;fadeIn&#8220; width=&#8220;1\/2&#8243; extra_css_id=&#8220;extra-css-id-594b697e32ce9&#8243;][vc_column_text css_animation=&#8220;none&#8220; custom_css_uniq_id=&#8220;pix-custom-css-594b886810a04&#8243; css=&#8220;.vc_custom_1688632639978{margin-bottom: 30px !important;}&#8220;]<\/p>\n<h3>IRP Institut de Radiologie Providence SA<\/h3>\n<p>[\/vc_column_text]<div class=\"wpb_content_element pix-icon-wrap pix-icon-wrap-square pix-icon-limit-  pix-custom-css-594b886810a0f\" data-position=\"middle left\"><div class=\"pix-icon-limit-border\" style=\"background-position: 50% 100%; background-repeat: repeat-y; bottom: calc(50% + 20px); left: 0; top: 0px; width: 32px; \"><\/div><div class=\"pix-icon-limit-border-2nd\" style=\"background-position: 50% 0; background-repeat: repeat-y; bottom: 0; left: 0px; top: calc(50% + 20px); width: 32px; \"><\/div><div class=\"pix-icon-box none\" style=\"\"><div style=\"display: inline-block; position: relative; height: 40px; width: 40px;text-align:left;color:#1dab9e;\">\n<svg style=\"-webkit-transform: translate3d(0px,-23px,0); -moz-transform: translate3d(0px,-23px,0); -o-transform: translate3d(0px,-23px,0); -ms-transform: translate3d(0px,-23px,0); transform: translate3d(0px,-23px,0);\" version=\"1.1\" data-id=\"hotel-icon\" data-icon=\"hotel-hotel\" class=\"line-icon \" xmlns=\"http:\/\/www.w3.org\/2000\/svg\" xmlns:xlink=\"http:\/\/www.w3.org\/1999\/xlink\" x=\"0px\" y=\"0px\"\n\t width=\"32px\" height=\"32px\" viewBox=\"0 0 24 24\" enable-background=\"new 0 0 24 24\" xml:space=\"preserve\">\n<path fill=\"none\" stroke=\"#1dab9e\" stroke-width=\"1\" stroke-linecap=\"round\" stroke-linejoin=\"round\" stroke-miterlimit=\"10\" d=\"\n\tM4,1h16 M5,1v10H1v7h22v-7h-4V1 M15,18v-5H9v5l-2,5h10L15,18z M12,13v5 M7,11h4V8H7V11z M13,11h4V8h-4V11z M7,6h4V3H7V6z M13,6h4V3\n\th-4V6z M9,8v3 M3,16h4v-3H3V16z M5,13v3 M17,16h4v-3h-4V16z M19,13v3 M15,8v3 M9,3v3 M15,3v3\"\/>\n<\/svg><\/div><\/div><div class=\"pix-icon-text-box \" style=\"max-width:calc( 100% - 60px );\"><p><span style=\"padding-right: 15px;\">\u00a0<\/span>Faubourg de l\u2019H\u00f4pital 81, 2000 Neuch\u00e2tel, Schweiz<\/p>\n<\/div><\/div><!-- .pix-icon-wrap --><div class=\"wpb_content_element pix-icon-wrap pix-icon-wrap-square pix-icon-limit-  pix-custom-css-594b886810a17\" data-position=\"middle left\"><div class=\"pix-icon-limit-border\" style=\"background-position: 50% 100%; background-repeat: repeat-y; bottom: calc(50% + 20px); left: 0; top: 0px; width: 32px; \"><\/div><div class=\"pix-icon-limit-border-2nd\" style=\"background-position: 50% 0; background-repeat: repeat-y; bottom: 0; left: 0px; top: calc(50% + 20px); width: 32px; \"><\/div><div class=\"pix-icon-box none\" style=\"\"><div style=\"display: inline-block; position: relative; height: 40px; width: 40px;text-align:left;color:#1dab9e;\">\n<svg style=\"-webkit-transform: translate3d(0px,-23px,0); -moz-transform: translate3d(0px,-23px,0); -o-transform: translate3d(0px,-23px,0); -ms-transform: translate3d(0px,-23px,0); transform: translate3d(0px,-23px,0);\" version=\"1.1\" data-id=\"up-right-icon\" data-icon=\"up-right-arrows\" class=\"line-icon \" xmlns=\"http:\/\/www.w3.org\/2000\/svg\" xmlns:xlink=\"http:\/\/www.w3.org\/1999\/xlink\" x=\"0px\" y=\"0px\"\n\t width=\"32px\" height=\"32px\" viewBox=\"0 0 24 24\" enable-background=\"new 0 0 24 24\" xml:space=\"preserve\">\n<path fill=\"none\" stroke=\"#1dab9e\" stroke-width=\"1\" stroke-linecap=\"round\" stroke-linejoin=\"round\" d=\"M17.5,3l6,6l-6,6\n\t M23.5,9h-11c-6.627,0-12,5.373-12,12l0,0\"\/>\n<\/svg><\/div><\/div><div class=\"pix-icon-text-box \" style=\"max-width:calc( 100% - 60px );\"><p><span style=\"padding-right: 15px;\">\u00a0<\/span><a href=\"http:\/\/maps.google.com\/?daddr=46.995163,6.939098\" target=\"_blank\" rel=\"noopener noreferrer\">Route planen<\/a>\n<\/div><\/div><!-- .pix-icon-wrap --><div class=\"wpb_content_element pix-icon-wrap pix-icon-wrap-square pix-icon-limit-  pix-custom-css-594b886810a1f\" data-position=\"middle left\"><div class=\"pix-icon-limit-border\" style=\"background-position: 50% 100%; background-repeat: repeat-y; bottom: calc(50% + 20px); left: 0; top: 0px; width: 32px; \"><\/div><div class=\"pix-icon-limit-border-2nd\" style=\"background-position: 50% 0; background-repeat: repeat-y; bottom: 0; left: 0px; top: calc(50% + 20px); width: 32px; \"><\/div><div class=\"pix-icon-box none\" style=\"\"><div style=\"display: inline-block; position: relative; height: 40px; width: 40px;text-align:left;color:#1dab9e;\">\n<svg style=\"-webkit-transform: translate3d(0px,-23px,0); -moz-transform: translate3d(0px,-23px,0); -o-transform: translate3d(0px,-23px,0); -ms-transform: translate3d(0px,-23px,0); transform: translate3d(0px,-23px,0);\" version=\"1.1\" data-id=\"mobile-phone-1-icon\" data-icon=\"mobile-phone-1-mobile\" class=\"line-icon \" xmlns=\"http:\/\/www.w3.org\/2000\/svg\" xmlns:xlink=\"http:\/\/www.w3.org\/1999\/xlink\" x=\"0px\" y=\"0px\"\n\t width=\"32px\" height=\"32px\" viewBox=\"0 0 24 24\" enable-background=\"new 0 0 24 24\" xml:space=\"preserve\">\n<path fill=\"none\" stroke=\"#1dab9e\" stroke-width=\"1\" stroke-linecap=\"round\" stroke-linejoin=\"round\" stroke-miterlimit=\"10\" d=\"\n\tM15.5,23.5h-7c-1.657,0-3-1.343-3-3v-17c0-1.657,1.343-3,3-3h7c1.656,0,3,1.343,3,3v17C18.5,22.157,17.156,23.5,15.5,23.5z M5.5,4.5\n\th13 M5.5,18.5h13 M12,20.5c-0.275,0-0.5,0.224-0.5,0.5s0.225,0.5,0.5,0.5s0.5-0.224,0.5-0.5S12.275,20.5,12,20.5z M10.5,2.5h3\n\t M15.5,2.5L15.5,2.5L15.5,2.5L15.5,2.5L15.5,2.5z\"\/>\n<\/svg><\/div><\/div><div class=\"pix-icon-text-box \" style=\"max-width:calc( 100% - 60px );\"><p><span style=\"padding-right: 15px;\">\u00a0<\/span><a href=\"tel:032 723 96 88\">032 723 96 88<\/a>\n<\/div><\/div><!-- .pix-icon-wrap --><div class=\"wpb_content_element pix-icon-wrap pix-icon-wrap-square pix-icon-limit-  pix-custom-css-594b886810a27\" data-position=\"middle left\"><div class=\"pix-icon-limit-border\" style=\"background-position: 50% 100%; background-repeat: repeat-y; bottom: calc(50% + 20px); left: 0; top: 0px; width: 32px; \"><\/div><div class=\"pix-icon-limit-border-2nd\" style=\"background-position: 50% 0; background-repeat: repeat-y; bottom: 0; left: 0px; top: calc(50% + 20px); width: 32px; \"><\/div><div class=\"pix-icon-box none\" style=\"\"><div style=\"display: inline-block; position: relative; height: 40px; width: 40px;text-align:left;color:#1dab9e;\">\n<svg style=\"-webkit-transform: translate3d(0px,-23px,0); -moz-transform: translate3d(0px,-23px,0); -o-transform: translate3d(0px,-23px,0); -ms-transform: translate3d(0px,-23px,0); transform: translate3d(0px,-23px,0);\" version=\"1.1\" data-id=\"inbox-letter-icon\" data-icon=\"inbox-letter-email\" class=\"line-icon \" xmlns=\"http:\/\/www.w3.org\/2000\/svg\" xmlns:xlink=\"http:\/\/www.w3.org\/1999\/xlink\" x=\"0px\" y=\"0px\"\n\t width=\"32px\" height=\"32px\" viewBox=\"0 0 24 24\" enable-background=\"new 0 0 24 24\" xml:space=\"preserve\">\n<path fill=\"none\" stroke=\"#1dab9e\" stroke-width=\"1\" stroke-linecap=\"round\" stroke-linejoin=\"round\" stroke-miterlimit=\"10\" d=\"\n\tM2.5,14.5v-8l6-6h13v14 M2.5,6.5h6v-6 M2.5,11l-1.419,2.208C0.704,13.723,0.5,14.344,0.5,14.982V21.5c0,1.104,0.896,2,2,2h19\n\tc1.104,0,2-0.896,2-2v-6.592c0-0.592-0.176-1.171-0.504-1.664L21.5,11 M1,14.5h2.5c1.104,0,2,0.896,2,2l0,0c0,1.104,0.896,2,2,2h9\n\tc1.104,0,2-0.896,2-2l0,0c0-1.104,0.896-2,2-2H23\"\/>\n<\/svg><\/div><\/div><div class=\"pix-icon-text-box \" style=\"max-width:calc( 100% - 60px );\"><p><span style=\"padding-right: 15px;\">\u00a0<\/span>032 723 96 89<\/p>\n<\/div><\/div><!-- .pix-icon-wrap --><div class=\"wpb_content_element pix-icon-wrap pix-icon-wrap-square pix-icon-limit-  pix-custom-css-594b886810a30\" data-position=\"middle left\"><div class=\"pix-icon-limit-border\" style=\"background-position: 50% 100%; background-repeat: repeat-y; bottom: calc(50% + 20px); left: 0; top: 0px; width: 32px; \"><\/div><div class=\"pix-icon-limit-border-2nd\" style=\"background-position: 50% 0; background-repeat: repeat-y; bottom: 0; left: 0px; top: calc(50% + 20px); width: 32px; \"><\/div><div class=\"pix-icon-box none\" style=\"\"><div style=\"display: inline-block; position: relative; height: 40px; width: 40px;text-align:left;color:#1dab9e;\">\n<svg style=\"-webkit-transform: translate3d(0px,-23px,0); -moz-transform: translate3d(0px,-23px,0); -o-transform: translate3d(0px,-23px,0); -ms-transform: translate3d(0px,-23px,0); transform: translate3d(0px,-23px,0);\" version=\"1.1\" data-id=\"mail-at-icon\" data-icon=\"mail-at-email\" class=\"line-icon \" xmlns=\"http:\/\/www.w3.org\/2000\/svg\" xmlns:xlink=\"http:\/\/www.w3.org\/1999\/xlink\" x=\"0px\" y=\"0px\"\n\t width=\"32px\" height=\"32px\" viewBox=\"0 0 24 24\" enable-background=\"new 0 0 24 24\" xml:space=\"preserve\">\n<path fill=\"none\" stroke=\"#1dab9e\" stroke-width=\"1\" stroke-linecap=\"round\" stroke-linejoin=\"round\" stroke-miterlimit=\"10\" d=\"\n\tM5,16.5H3c-1.104,0-2-0.896-2-2v-11c0-1.104,0.896-2,2-2h18c1.104,0,2,0.896,2,2v11c0,1.104-0.896,2-2,2h-2 M3,3.5l7.77,5.611\n\tc0.742,0.536,1.719,0.536,2.461,0L21,3.5 M3,14.5l5-5 M21,14.5l-5-5 M17,17.5c0-2.761-2.238-5-5-5s-5,2.239-5,5c0,2.762,2.238,5,5,5\n\tc1.352,0,2.577-0.535,3.477-1.406 M12,19.5c1.104,0,2-0.896,2-2s-0.896-2-2-2s-2,0.896-2,2S10.896,19.5,12,19.5z M14,17.5\n\tc0,0.828,0.25,2,1.5,2c1.406,0,1.5-1.172,1.5-2\"\/>\n<\/svg><\/div><\/div><div class=\"pix-icon-text-box \" style=\"max-width:calc( 100% - 60px );\"><p><span style=\"padding-right: 15px;\">\u00a0<\/span><a href=\"mailto:secret@iris-radiologie.ch\">secret@iris-radiologie.ch<\/a>\n<\/div><\/div><!-- .pix-icon-wrap -->[vc_separator color=&#8220;custom&#8220; align=&#8220;align_left&#8220; border_width=&#8220;2&#8243; el_width=&#8220;20&#8243; css_animation=&#8220;none&#8220; accent_color=&#8220;#1dab9e&#8220; css=&#8220;.vc_custom_1498126066534{margin-top: 60px !important;margin-bottom: 60px !important;}&#8220;][vc_column_text custom_css_uniq_id=&#8220;pix-custom-css-594b886810a38&#8243; css=&#8220;.vc_custom_1498115730826{margin-bottom: 60px !important;}&#8220;]Mit diesem Formular k\u00f6nnen Sie uns eine Nachricht zukommen lassen. Wir werden uns schnellstm\u00f6glich zur\u00fcckmelden.[\/vc_column_text]<div role=\"form\" class=\"wpcf7\" id=\"wpcf7-f406-o1\" lang=\"de-DE\" dir=\"ltr\">\n<div class=\"screen-reader-response\"><\/div>\n<form action=\"\/de\/wp-json\/wp\/v2\/pages\/241#wpcf7-f406-o1\" method=\"post\" class=\"wpcf7-form\" novalidate=\"novalidate\">\n<div style=\"display: none;\">\n<input type=\"hidden\" name=\"_wpcf7\" value=\"406\" \/>\n<input type=\"hidden\" name=\"_wpcf7_version\" value=\"5.0.1\" \/>\n<input type=\"hidden\" name=\"_wpcf7_locale\" value=\"de_DE\" \/>\n<input type=\"hidden\" name=\"_wpcf7_unit_tag\" value=\"wpcf7-f406-o1\" \/>\n<input type=\"hidden\" name=\"_wpcf7_container_post\" value=\"0\" \/>\n<\/div>\n<p class=\"mood-field-inside mood-input-inside even\"><label> Ihr Name (Pflichtfeld)<br \/>\n    <span class=\"wpcf7-form-control-wrap your-name\"><input type=\"text\" name=\"your-name\" value=\"\" size=\"40\" class=\"wpcf7-form-control wpcf7-text wpcf7-validates-as-required\" aria-required=\"true\" aria-invalid=\"false\" \/><\/span> <\/label><\/p>\n<p class=\"mood-field-inside mood-input-inside odd\"><label> Ihre E-Mail-Adresse (Pflichtfeld)<br \/>\n    <span class=\"wpcf7-form-control-wrap your-email\"><input type=\"email\" name=\"your-email\" value=\"\" size=\"40\" class=\"wpcf7-form-control wpcf7-text wpcf7-email wpcf7-validates-as-required wpcf7-validates-as-email\" aria-required=\"true\" aria-invalid=\"false\" \/><\/span> <\/label><\/p>\n<p class=\"mood-field-inside mood-input-inside even\"><label> Betreff<br \/>\n    <span class=\"wpcf7-form-control-wrap your-subject\"><input type=\"text\" name=\"your-subject\" value=\"\" size=\"40\" class=\"wpcf7-form-control wpcf7-text\" aria-invalid=\"false\" \/><\/span> <\/label><\/p>\n<p class=\"mood-field-inside mood-textarea-inside\"><label> Ihre Nachricht<br \/>\n    <span class=\"wpcf7-form-control-wrap your-message\"><textarea name=\"your-message\" cols=\"40\" rows=\"10\" class=\"wpcf7-form-control wpcf7-textarea\" aria-invalid=\"false\"><\/textarea><\/span> <\/label><\/p>\n<p class=\"mood-field-inside mood-input-submit-inside\"><input type=\"submit\" value=\"Senden\" class=\"wpcf7-form-control wpcf7-submit\" \/><\/p>\n<div class=\"wpcf7-response-output wpcf7-display-none\"><\/div><\/form><\/div>[\/vc_column][vc_column width=&#8220;1\/4&#8243;][\/vc_column][\/vc_row][\/vc_section]<\/p>\n<a href=\"https:\/\/maradiologie.groupe3r.ch\" target=\"_blank\"><div class=\"lasche lasche-de\">Untersuchungsergebnisse<\/div><\/a>","protected":false},"excerpt":{"rendered":"<p>[vc_section css=&#8220;.vc_custom_594b6ae87e48e{margin-bottom: 150px !important;}&#8220;][vc_row full_width=&#8220;stretch_row&#8220; extra_css_id=&#8220;extra-css-id-594a8c6eeee96&#8243; overlay=&#8220;#066159&#8243; gradient=&#8220;rgba(255,255,255,0.01)&#8220; gradient_dir=&#8220;135&#8243; row_latitude=&#8220;46.995163&#8243; row_longitude=&#8220;6.939098&#8243; row_map_zoom=&#8220;17&#8243; row_colors=&#8220;BRACK_ { _QUOTES_featureType_QUOTES_: _QUOTES_administrative_QUOTES_, _QUOTES_elementType_QUOTES_: _QUOTES_all_QUOTES_, _QUOTES_stylers_QUOTES_: BRACK_ { _QUOTES_saturation_QUOTES_: _QUOTES_-100_QUOTES_ } _KCARB }, { _QUOTES_featureType_QUOTES_: _QUOTES_administrative.province_QUOTES_, _QUOTES_elementType_QUOTES_: _QUOTES_all_QUOTES_, _QUOTES_stylers_QUOTES_: BRACK_ { _QUOTES_visibility_QUOTES_: _QUOTES_off_QUOTES_ } _KCARB }, { _QUOTES_featureType_QUOTES_: _QUOTES_landscape_QUOTES_, _QUOTES_elementType_QUOTES_: _QUOTES_all_QUOTES_, _QUOTES_stylers_QUOTES_: BRACK_ { _QUOTES_saturation_QUOTES_: -100 }, { _QUOTES_lightness_QUOTES_: 65 }, { [&hellip;]<\/p>\n","protected":false},"author":1,"featured_media":0,"parent":234,"menu_order":0,"comment_status":"closed","ping_status":"closed","template":"","meta":{"footnotes":""},"_links":{"self":[{"href":"https:\/\/iris-radiologie.ch\/de\/wp-json\/wp\/v2\/pages\/241"}],"collection":[{"href":"https:\/\/iris-radiologie.ch\/de\/wp-json\/wp\/v2\/pages"}],"about":[{"href":"https:\/\/iris-radiologie.ch\/de\/wp-json\/wp\/v2\/types\/page"}],"author":[{"embeddable":true,"href":"https:\/\/iris-radiologie.ch\/de\/wp-json\/wp\/v2\/users\/1"}],"replies":[{"embeddable":true,"href":"https:\/\/iris-radiologie.ch\/de\/wp-json\/wp\/v2\/comments?post=241"}],"version-history":[{"count":23,"href":"https:\/\/iris-radiologie.ch\/de\/wp-json\/wp\/v2\/pages\/241\/revisions"}],"predecessor-version":[{"id":2802,"href":"https:\/\/iris-radiologie.ch\/de\/wp-json\/wp\/v2\/pages\/241\/revisions\/2802"}],"up":[{"embeddable":true,"href":"https:\/\/iris-radiologie.ch\/de\/wp-json\/wp\/v2\/pages\/234"}],"wp:attachment":[{"href":"https:\/\/iris-radiologie.ch\/de\/wp-json\/wp\/v2\/media?parent=241"}],"curies":[{"name":"wp","href":"https:\/\/api.w.org\/{rel}","templated":true}]}}