{"id":244,"date":"2017-06-21T11:33:00","date_gmt":"2017-06-21T09:33:00","guid":{"rendered":"http:\/\/iris-swiss.ch\/?page_id=244"},"modified":"2025-07-11T11:41:59","modified_gmt":"2025-07-11T09:41:59","slug":"neuchatel","status":"publish","type":"page","link":"https:\/\/iris-radiologie.ch\/de\/neuchatel\/","title":{"rendered":"NEUCH\u00c2TEL"},"content":{"rendered":"<p>[vc_section full_width=&#8220;stretch_row&#8220; css=&#8220;.vc_custom_5e68a97c4d1ce{margin-bottom: 150px !important;}&#8220;][vc_row full_width=&#8220;stretch_row&#8220; pix_background_position=&#8220;center&#8220; extra_css_id=&#8220;extra-css-id-5e68a97c4ca24&#8243; overlay=&#8220;#003f5d&#8220; gradient=&#8220;rgba(0,93,135,0.8)&#8220; gradient_dir=&#8220;135&#8243; css=&#8220;.vc_custom_5e68a97c4d208{background-image: url(https:\/\/iris-radiologie.ch\/wp-content\/uploads\/2017\/11\/3.jpg?id=922) !important;background-position: center !important;background-repeat: no-repeat !important;background-size: cover !important;}&#8220;][vc_column 0=&#8220;&#8220;][vc_column_text css_animation=&#8220;none&#8220; custom_css_uniq_id=&#8220;pix-custom-css-63f7378f4c5c6&#8243; css=&#8220;.vc_custom_5e68a97c4d241{margin-top: 50vh !important;margin-bottom: 10vh !important;}&#8220;]<\/p>\n<h1 style=\"color: #fff;\">\u00dcber Uns<\/h1>\n<p>[\/vc_column_text][\/vc_column][\/vc_row][\/vc_section][vc_section css=&#8220;.vc_custom_5e68a97c4d27a{margin-bottom: 150px !important;}&#8220;][vc_row extra_css_id=&#8220;extra-css-id-5e68a97c4ca63&#8243;][vc_column css_animation=&#8220;fadeIn&#8220; width=&#8220;1\/3&#8243; extra_css_id=&#8220;extra-css-id-5e68a97c4caa5&#8243;][vc_separator color=&#8220;custom&#8220; align=&#8220;align_left&#8220; border_width=&#8220;2&#8243; el_width=&#8220;50&#8243; accent_color=&#8220;#005d87&#8243;][vc_custom_heading text=&#8220;Das Institut&#8220; font_container=&#8220;tag:h2|text_align:left|color:%23005d87&#8243; use_theme_fonts=&#8220;yes&#8220; css_animation=&#8220;none&#8220;][\/vc_column][vc_column css_animation=&#8220;fadeIn&#8220; width=&#8220;1\/3&#8243; extra_css_id=&#8220;extra-css-id-5e68a97c4cae0&#8243;][vc_column_text custom_css_uniq_id=&#8220;pix-custom-css-63f7378f4c602&#8243;]<\/p>\n<p>Unser Team kann auf neueste technische Ger\u00e4te zur\u00fcckgreifen und wendet modernste Verfahren der Diagnostik und Therapie an \u2013 so stellen wir eine bestm\u00f6gliche und schonende Behandlung sicher. Unter \u201eunser Angebot\u201c sind die diagnostischen und therapeutischen Verfahren im Einzelnen beschrieben.Wir bilden ein qualifiziertes Kollektiv aus erfahrenen Radiologen, MTRA, Arzthelferinnen, zus\u00e4tzlichen Mitarbeiterinnen des Callcenters, der Anmeldung und Administration.<\/p>\n<p>[\/vc_column_text][\/vc_column][vc_column css_animation=&#8220;fadeIn&#8220; width=&#8220;1\/3&#8243; extra_css_id=&#8220;extra-css-id-5e68a97c4cb18&#8243;][vc_column_text custom_css_uniq_id=&#8220;pix-custom-css-63f7378f4c63b&#8220;]Diese enge Zusammenarbeit innerhalb unseres Zentrums hat Vorteile f\u00fcr unsere Patienten:\u00a0Austausch von Informationen \u00fcber Voruntersuchungen und evtl. Vortherapien, Konferenz, kollegiales Gespr\u00e4ch bei schwierigen Befunden. Auch wenn wir als Radiologen mit hochmoderner Technik arbeiten, steht der Patient stets im Mittelpunkt. Seit der Gr\u00fcndung des Instituts w\u00e4chst das Team und entwickelt Ideen zur Optimierung.[\/vc_column_text][\/vc_column][\/vc_row][vc_row extra_css_id=&#8220;extra-css-id-5e68a97c4cb5f&#8220; css=&#8220;.vc_custom_5e68a97c4d2b8{margin-top: 50px !important;}&#8220;][vc_column width=&#8220;1\/3&#8243;][\/vc_column][vc_column width=&#8220;2\/3&#8243;][vc_column_text css_animation=&#8220;fadeIn&#8220; custom_css_uniq_id=&#8220;pix-custom-css-63f7378f4c673&#8243;]Das Institut IRIS Neuch\u00e2tel (vormals Institut de Radiologie de Neuch\u00e2tel) steht seit 25 Jahren im Dienste seiner Patienten und leistet medizinische Bildgebung h\u00f6chster Qualit\u00e4t. Die Expertise und Innovationen des IRIS werden in zahlreichen medizinischen Bereichen hoch gesch\u00e4tzt. Das Institut IRIS Neuch\u00e2tel orientiert sich stets am Puls der Zeit und den technischen Weiterentwicklungen. Es bietet MRI, CT, R\u00f6ntgenbilder, US, Mammographie, Knochendichtemessungen sowie medizinische Massnahmen entsprechend den anspruchsvollsten Normen. Das Team aus \u00c4rzten und Pflegekr\u00e4ften empf\u00e4ngt die Patienten in freundlicher, angenehmer Atmosph\u00e4re und versorgt \u00c4rzte und Patienten zeitnah mit verschiedenen Bildgebungsleistungen, um deren Anforderungen stets optimal gerecht zu werden.[\/vc_column_text][\/vc_column][\/vc_row][\/vc_section][vc_section css=&#8220;.vc_custom_5e68a97c4d2f3{margin-bottom: 150px !important;}&#8220;][vc_row full_width=&#8220;stretch_row&#8220; parallax=&#8220;content-moving&#8220; parallax_image=&#8220;950&#8243; pix_background_position=&#8220;center top&#8220; extra_css_id=&#8220;extra-css-id-5e68a97c4cb9f&#8220; overlay=&#8220;#003f5d&#8220; gradient=&#8220;rgba(0,93,135,0.8)&#8220; css=&#8220;.vc_custom_5e68a97c4d32c{padding-top: 150px !important;padding-bottom: 150px !important;background-image: url(https:\/\/iris-radiologie.ch\/wp-content\/uploads\/2017\/06\/IRIS_head-2.jpg?id=34) !important;background-position: center;background-repeat: no-repeat;background-size: cover !important;}&#8220;][vc_column width=&#8220;1\/2&#8243;][vc_column_text css_animation=&#8220;fadeIn&#8220; custom_css_uniq_id=&#8220;pix-custom-css-63f7378f4c6ad&#8220;]<\/p>\n<h1 style=\"font-size: 25px; color: white;\">\u00bbSeine Krankheit zu erkennen, ist der erste Weg zur Heilung.\u00ab<\/h1>\n<p>[\/vc_column_text][vc_column_text css_animation=&#8220;fadeIn&#8220; custom_css_uniq_id=&#8220;pix-custom-css-63f7378f4c6e5&#8243;]<\/p>\n<p style=\"color: white;\">&#8211; LUCIUS ANNAEUS SENECA<\/p>\n<p>[\/vc_column_text][\/vc_column][vc_column width=&#8220;1\/2&#8243;][\/vc_column][\/vc_row][\/vc_section][vc_section 0=&#8220;&#8220;][vc_row extra_css_id=&#8220;extra-css-id-5e68a97c4cbde&#8220; css=&#8220;.vc_custom_5e68a97c4d366{margin-bottom: 50px !important;}&#8220;][vc_column width=&#8220;1\/4&#8243;][\/vc_column][vc_column width=&#8220;1\/2&#8243;][vc_custom_heading text=&#8220;Unsere Chef\u00e4rzte&#8220; font_container=&#8220;tag:h1|text_align:center|color:%23005d87&#8243; use_theme_fonts=&#8220;yes&#8220; css_animation=&#8220;fadeIn&#8220;][\/vc_column][vc_column width=&#8220;1\/4&#8243;][\/vc_column][\/vc_row][vc_row extra_css_id=&#8220;extra-css-id-5e68a97c4cc18&#8243;][vc_column css_animation=&#8220;none&#8220; width=&#8220;1\/3&#8243; extra_css_id=&#8220;extra-css-id-5e68a97c4cc53&#8243; css=&#8220;.vc_custom_5e68a97c4d39f{margin-bottom: 50px !important;}&#8220;]<div class=\"pix-image-box wpb_animate_when_almost_visible fadeIn with_zoom  vc_custom_5e68a97c4d3d8 pix-custom-css-63f7378f4c71e\" style=\"-moz-border-radius: 0px; border-radius: 0px; \"><a href='\/de\/dr-med-iheb-bougamra\/'  ><img loading=\"lazy\" decoding=\"async\" width=\"600\" height=\"750\" src=\"https:\/\/iris-radiologie.ch\/wp-content\/uploads\/2017\/06\/iheb-1-e1539157111269.jpg\" class=\"attachment-full size-full\" alt=\"\"  srcset=\"\" sizes=\"(max-width: 600px) 100vw, 600px\"><\/a><\/div><!-- .pix-image-box -->[vc_column_text css_animation=&#8220;fadeIn&#8220; custom_css_uniq_id=&#8220;pix-custom-css-63f7378f4c756&#8243;]<\/p>\n<h3 style=\"text-align: center; margin-bottom: 5px;\">Dr. med. Iheb Bougamra<\/h3>\n<p style=\"text-align: center;\"><em>Facharzt FMH Radiologie<\/em><\/p>\n<p>[\/vc_column_text][\/vc_column][vc_column width=&#8220;1\/3&#8243; extra_css_id=&#8220;extra-css-id-5e68a97c4cc90&#8243; css=&#8220;.vc_custom_5e68a97c4d411{margin-bottom: 50px !important;}&#8220;]<div class=\"pix-image-box wpb_animate_when_almost_visible fadeIn with_zoom  vc_custom_5e68a97c4d44a pix-custom-css-63f7378f4c78e\" style=\"-moz-border-radius: 0px; border-radius: 0px; \"><a href='\/de\/dr-med-sofiane-derrouis\/'  ><img loading=\"lazy\" decoding=\"async\" width=\"600\" height=\"750\" src=\"https:\/\/iris-radiologie.ch\/wp-content\/uploads\/2017\/06\/sofiane-e1539157147167.jpg\" class=\"attachment-full size-full\" alt=\"\"  srcset=\"\" sizes=\"(max-width: 600px) 100vw, 600px\"><\/a><\/div><!-- .pix-image-box -->[vc_column_text css_animation=&#8220;fadeIn&#8220; custom_css_uniq_id=&#8220;pix-custom-css-63f7378f4c7c5&#8243;]<\/p>\n<h3 style=\"text-align: center; margin-bottom: 5px;\">Dr. med. Sofiane Derrouis<\/h3>\n<p style=\"text-align: center;\"><em>Facharzt FMH Radiologie<\/em><\/p>\n<p>[\/vc_column_text][\/vc_column][vc_column width=&#8220;1\/3&#8243; extra_css_id=&#8220;extra-css-id-5e68a97c4cccd&#8220; css=&#8220;.vc_custom_5e68a97c4d483{margin-bottom: 50px !important;}&#8220;]<div class=\"pix-image-box wpb_animate_when_almost_visible fadeIn with_zoom  vc_custom_5e68a97c4d4bc pix-custom-css-63f7378f4c7fd\" style=\"-moz-border-radius: 0px; border-radius: 0px; \"><a href='\/de\/dr-med-benoit-morel\/'  ><img loading=\"lazy\" decoding=\"async\" width=\"600\" height=\"750\" src=\"https:\/\/iris-radiologie.ch\/wp-content\/uploads\/2017\/06\/benoit-1-e1539157203940.jpg\" class=\"attachment-full size-full\" alt=\"\"  srcset=\"\" sizes=\"(max-width: 600px) 100vw, 600px\"><\/a><\/div><!-- .pix-image-box -->[vc_column_text css_animation=&#8220;fadeIn&#8220; custom_css_uniq_id=&#8220;pix-custom-css-63f7378f4c835&#8243;]<\/p>\n<h3 style=\"text-align: center; margin-bottom: 5px;\">Dr. med. Beno\u00eet Morel<\/h3>\n<p style=\"text-align: center; margin-bottom: 0px;\"><em>Facharzt FMH Radiologie<\/em><\/p>\n<p style=\"text-align: center;\"><em>Facharzt FMH P\u00e4diatrische Radiologie<\/em><\/p>\n<p>[\/vc_column_text][\/vc_column][\/vc_row][vc_row extra_css_id=&#8220;extra-css-id-5e68a97c4cd0a&#8220;][vc_column width=&#8220;1\/3&#8243; extra_css_id=&#8220;extra-css-id-5e68a97c4cd44&#8243; css=&#8220;.vc_custom_5e68a97c4d4f5{margin-bottom: 50px !important;}&#8220;]<div class=\"pix-image-box wpb_animate_when_almost_visible fadeIn with_zoom  vc_custom_5e68a97c4d52e pix-custom-css-63f7378f4c86d\" style=\"-moz-border-radius: 0px; border-radius: 0px; \"><a href='\/de\/dr-med-mehmet-oe-oeksuez\/'  ><img loading=\"lazy\" decoding=\"async\" width=\"600\" height=\"750\" src=\"https:\/\/iris-radiologie.ch\/wp-content\/uploads\/2017\/06\/mehmet-1-e1539157169879.jpg\" class=\"attachment-full size-full\" alt=\"\"  srcset=\"\" sizes=\"(max-width: 600px) 100vw, 600px\"><\/a><\/div><!-- .pix-image-box -->[vc_column_text css_animation=&#8220;fadeIn&#8220; custom_css_uniq_id=&#8220;pix-custom-css-63f7378f4c8a4&#8243;]<\/p>\n<h3 style=\"text-align: center; margin-bottom: 5px;\">Dr. med. Mehmet \u00d6. \u00d6ks\u00fcz<\/h3>\n<p style=\"text-align: center; margin-bottom: 0px;\"><em>Facharzt FMH Radiologie<\/em><\/p>\n<p style=\"text-align: center;\"><em>Facharzt FMH Nuklearmedizin<\/em><\/p>\n<p>[\/vc_column_text][\/vc_column][vc_column width=&#8220;1\/3&#8243; extra_css_id=&#8220;extra-css-id-5e68a97c4cd81&#8243; css=&#8220;.vc_custom_5e68a97c4d567{margin-bottom: 50px !important;}&#8220;]<div class=\"pix-image-box wpb_animate_when_almost_visible fadeIn with_zoom  vc_custom_5e68a97c4d5a2 pix-custom-css-63f7378f4c8dc\" style=\"-moz-border-radius: 0px; border-radius: 0px; \"><a href='\/de\/jacques-perrin\/'  ><img loading=\"lazy\" decoding=\"async\" width=\"600\" height=\"750\" src=\"https:\/\/iris-radiologie.ch\/wp-content\/uploads\/2017\/06\/jaques-e1539157185792.jpg\" class=\"attachment-full size-full\" alt=\"\"  srcset=\"\" sizes=\"(max-width: 600px) 100vw, 600px\"><\/a><\/div><!-- .pix-image-box -->[vc_column_text css_animation=&#8220;fadeIn&#8220; custom_css_uniq_id=&#8220;pix-custom-css-63f7378f4c914&#8243;]<\/p>\n<h3 style=\"text-align: center; margin-bottom: 5px;\">Jacques Perrin<\/h3>\n<p style=\"text-align: center;\"><em>Facharzt FMH Radiologie<\/em><\/p>\n<p>[\/vc_column_text][\/vc_column][vc_column width=&#8220;1\/3&#8243; extra_css_id=&#8220;extra-css-id-5e68a97c4cdbe&#8220; css=&#8220;.vc_custom_5e68a97c4d5db{margin-bottom: 50px !important;}&#8220;]<div class=\"pix-image-box wpb_animate_when_almost_visible fadeIn with_zoom  vc_custom_5e68a97c4d614 pix-custom-css-63f7378f4c94c\" style=\"-moz-border-radius: 0px; border-radius: 0px; \"><a href='\/de\/dr-marc-giraud\/'  ><img loading=\"lazy\" decoding=\"async\" width=\"600\" height=\"750\" src=\"https:\/\/iris-radiologie.ch\/wp-content\/uploads\/2018\/11\/marc_giraud.jpg\" class=\"attachment-full size-full\" alt=\"\" srcset=\"https:\/\/iris-radiologie.ch\/wp-content\/uploads\/2018\/11\/marc_giraud.jpg 600w, https:\/\/iris-radiologie.ch\/wp-content\/uploads\/2018\/11\/marc_giraud-240x300.jpg 240w, https:\/\/iris-radiologie.ch\/wp-content\/uploads\/2018\/11\/marc_giraud-100x125.jpg 100w, https:\/\/iris-radiologie.ch\/wp-content\/uploads\/2018\/11\/marc_giraud-560x700.jpg 560w\" sizes=\"(max-width: 600px) 100vw, 600px\" ><\/a><\/div><!-- .pix-image-box -->[vc_column_text css_animation=&#8220;fadeIn&#8220; custom_css_uniq_id=&#8220;pix-custom-css-63f7378f4c983&#8243;]<\/p>\n<h3 style=\"text-align: center; margin-bottom: 5px;\">Dr. med. Marc Giraud<\/h3>\n<p style=\"text-align: center; margin-bottom: 0px;\"><em>Facharzt FMH Radiologie<\/em><\/p>\n<p style=\"text-align: center; margin-bottom: 0px;\"><em>Facharzt Kardiovaskul\u00e4re Radiologie<\/em><\/p>\n<p>[\/vc_column_text][\/vc_column][\/vc_row][vc_row extra_css_id=&#8220;extra-css-id-5e68a97c4cdfb&#8220; css=&#8220;.vc_custom_5e68a97c4d64d{margin-bottom: 100px !important;}&#8220;][vc_column width=&#8220;1\/3&#8243; extra_css_id=&#8220;extra-css-id-5e68a97c4ce35&#8243; css=&#8220;.vc_custom_5e68a97c4d686{margin-bottom: 50px !important;}&#8220;]<div class=\"pix-image-box wpb_animate_when_almost_visible fadeIn with_zoom  vc_custom_1583924217041 pix-custom-css-63f7378f4c9bb\" style=\"-moz-border-radius: 0px; border-radius: 0px; \"><a href='https:\/\/iris-radiologie.ch\/de\/dr-med-catherine-waeber\/'  ><img loading=\"lazy\" decoding=\"async\" width=\"600\" height=\"750\" src=\"https:\/\/iris-radiologie.ch\/wp-content\/uploads\/2020\/03\/Catherine-Waeber.jpg\" class=\"attachment-full size-full\" alt=\"\" srcset=\"https:\/\/iris-radiologie.ch\/wp-content\/uploads\/2020\/03\/Catherine-Waeber.jpg 600w, https:\/\/iris-radiologie.ch\/wp-content\/uploads\/2020\/03\/Catherine-Waeber-240x300.jpg 240w, https:\/\/iris-radiologie.ch\/wp-content\/uploads\/2020\/03\/Catherine-Waeber-100x125.jpg 100w, https:\/\/iris-radiologie.ch\/wp-content\/uploads\/2020\/03\/Catherine-Waeber-560x700.jpg 560w\" sizes=\"(max-width: 600px) 100vw, 600px\" ><\/a><\/div><!-- .pix-image-box -->[vc_column_text css_animation=&#8220;fadeIn&#8220; custom_css_uniq_id=&#8220;pix-custom-css-63f7378f4c9f3&#8243;]<\/p>\n<h3 style=\"text-align: center; margin-bottom: 5px;\">Dr. med. Catherine Waeber<\/h3>\n<p style=\"text-align: center; margin-bottom: 0px;\"><em>Fach\u00e4rztin FMH Radiologie<\/em><\/p>\n<p>[\/vc_column_text][\/vc_column][vc_column width=&#8220;1\/3&#8243; extra_css_id=&#8220;extra-css-id-5e68a97c4ce72&#8243; css=&#8220;.vc_custom_5e68a97c4d6f8{margin-bottom: 50px !important;}&#8220;]<div class=\"pix-image-box wpb_animate_when_almost_visible fadeIn with_zoom  vc_custom_1752226246530 pix-custom-css-63f7378f4ca2b\" style=\"-moz-border-radius: 0px; border-radius: 0px; \"><a href='https:\/\/iris-radiologie.ch\/de\/dr-med-lysiane-rohrer\/'  ><img loading=\"lazy\" decoding=\"async\" width=\"1200\" height=\"1500\" src=\"https:\/\/iris-radiologie.ch\/wp-content\/uploads\/2017\/06\/placeholder.jpg\" class=\"attachment-full size-full\" alt=\"\" srcset=\"https:\/\/iris-radiologie.ch\/wp-content\/uploads\/2017\/06\/placeholder.jpg 1200w, https:\/\/iris-radiologie.ch\/wp-content\/uploads\/2017\/06\/placeholder-240x300.jpg 240w, https:\/\/iris-radiologie.ch\/wp-content\/uploads\/2017\/06\/placeholder-768x960.jpg 768w, https:\/\/iris-radiologie.ch\/wp-content\/uploads\/2017\/06\/placeholder-819x1024.jpg 819w, https:\/\/iris-radiologie.ch\/wp-content\/uploads\/2017\/06\/placeholder-100x125.jpg 100w, https:\/\/iris-radiologie.ch\/wp-content\/uploads\/2017\/06\/placeholder-750x938.jpg 750w, https:\/\/iris-radiologie.ch\/wp-content\/uploads\/2017\/06\/placeholder-560x700.jpg 560w, https:\/\/iris-radiologie.ch\/wp-content\/uploads\/2017\/06\/placeholder-600x750.jpg 600w\" sizes=\"(max-width: 1200px) 100vw, 1200px\" ><\/a><\/div><!-- .pix-image-box -->[vc_column_text css_animation=&#8220;fadeIn&#8220; custom_css_uniq_id=&#8220;pix-custom-css-63f7378f4ca62&#8243;]<\/p>\n<h3 style=\"text-align: center; margin-bottom: 5px;\">Dr. med. Patricia Nin Garaizabal<\/h3>\n<p style=\"text-align: center; margin-bottom: 0px;\"><em>Fach\u00e4rztin FMH Radiologie<\/em><\/p>\n<p>[\/vc_column_text][\/vc_column][vc_column width=&#8220;1\/3&#8243; extra_css_id=&#8220;extra-css-id-5e68a97c4ceab&#8220; css=&#8220;.vc_custom_5e68a97c4d731{margin-bottom: 50px !important;}&#8220;]<div class=\"pix-image-box wpb_animate_when_almost_visible fadeIn with_zoom  vc_custom_1677145963701 pix-custom-css-63f7378f4caa7\" style=\"-moz-border-radius: 0px; border-radius: 0px; \"><a href=''  ><img loading=\"lazy\" decoding=\"async\" width=\"1200\" height=\"1500\" src=\"https:\/\/iris-radiologie.ch\/wp-content\/uploads\/2017\/06\/placeholder.jpg\" class=\"attachment-full size-full\" alt=\"\" srcset=\"https:\/\/iris-radiologie.ch\/wp-content\/uploads\/2017\/06\/placeholder.jpg 1200w, https:\/\/iris-radiologie.ch\/wp-content\/uploads\/2017\/06\/placeholder-240x300.jpg 240w, https:\/\/iris-radiologie.ch\/wp-content\/uploads\/2017\/06\/placeholder-768x960.jpg 768w, https:\/\/iris-radiologie.ch\/wp-content\/uploads\/2017\/06\/placeholder-819x1024.jpg 819w, https:\/\/iris-radiologie.ch\/wp-content\/uploads\/2017\/06\/placeholder-100x125.jpg 100w, https:\/\/iris-radiologie.ch\/wp-content\/uploads\/2017\/06\/placeholder-750x938.jpg 750w, https:\/\/iris-radiologie.ch\/wp-content\/uploads\/2017\/06\/placeholder-560x700.jpg 560w, https:\/\/iris-radiologie.ch\/wp-content\/uploads\/2017\/06\/placeholder-600x750.jpg 600w\" sizes=\"(max-width: 1200px) 100vw, 1200px\" ><\/a><\/div><!-- .pix-image-box -->[vc_column_text css_animation=&#8220;fadeIn&#8220; custom_css_uniq_id=&#8220;pix-custom-css-63f7378f4cade&#8220;]<\/p>\n<h3 style=\"text-align: center; margin-bottom: 5px;\">Dr. med. Mourad Amor<\/h3>\n<p style=\"text-align: center; margin-bottom: 0px;\"><em>Facharzt FMH Radiologie<\/em><\/p>\n<p>[\/vc_column_text][\/vc_column][\/vc_row][vc_row 0=&#8220;&#8220;][vc_column 0=&#8220;&#8220;][vc_separator 0=&#8220;&#8220;][\/vc_column][\/vc_row][\/vc_section][vc_section 0=&#8220;&#8220;][vc_row extra_css_id=&#8220;extra-css-id-5e68a97c4cee6&#8243; css=&#8220;.vc_custom_5e68a97c4d76a{margin-top: 125px !important;margin-bottom: 50px !important;}&#8220;][vc_column width=&#8220;1\/4&#8243;][\/vc_column][vc_column width=&#8220;1\/2&#8243;][vc_custom_heading text=&#8220;Das Team&#8220; font_container=&#8220;tag:h1|text_align:center|color:%23005d87&#8243; use_theme_fonts=&#8220;yes&#8220; css_animation=&#8220;fadeIn&#8220;][\/vc_column][vc_column width=&#8220;1\/4&#8243;][\/vc_column][\/vc_row][vc_row extra_css_id=&#8220;extra-css-id-5e68a97c4cf22&#8243;][vc_column width=&#8220;1\/4&#8243; extra_css_id=&#8220;extra-css-id-5e68a97c4cf5b&#8220; css=&#8220;.vc_custom_5e68a97c4d7a3{margin-bottom: 50px !important;}&#8220;]<div class=\"pix-image-box wpb_animate_when_almost_visible fadeIn with_zoom  vc_custom_5e68a97c4d7dc pix-custom-css-63f7378f4cb17\" style=\"-moz-border-radius: 0px; border-radius: 0px; \"><img loading=\"lazy\" decoding=\"async\" width=\"600\" height=\"750\" src=\"https:\/\/iris-radiologie.ch\/wp-content\/uploads\/2020\/03\/Deborah-Pais.jpg\" class=\"attachment-full size-full\" alt=\"\" srcset=\"https:\/\/iris-radiologie.ch\/wp-content\/uploads\/2020\/03\/Deborah-Pais.jpg 600w, https:\/\/iris-radiologie.ch\/wp-content\/uploads\/2020\/03\/Deborah-Pais-240x300.jpg 240w, https:\/\/iris-radiologie.ch\/wp-content\/uploads\/2020\/03\/Deborah-Pais-100x125.jpg 100w, https:\/\/iris-radiologie.ch\/wp-content\/uploads\/2020\/03\/Deborah-Pais-560x700.jpg 560w\" sizes=\"(max-width: 600px) 100vw, 600px\" ><\/div><!-- .pix-image-box -->[vc_column_text css_animation=&#8220;fadeIn&#8220; custom_css_uniq_id=&#8220;pix-custom-css-63f7378f4cb45&#8243;]<\/p>\n<h3 style=\"text-align: center; margin-bottom: 5px;\">Deborah Pais<\/h3>\n<p style=\"text-align: center;\"><em>Leitung Sekretariat<\/em><\/p>\n<p>[\/vc_column_text][\/vc_column][vc_column width=&#8220;1\/4&#8243; extra_css_id=&#8220;extra-css-id-5e68a97c4cf98&#8243; css=&#8220;.vc_custom_5e68a97c4d815{margin-bottom: 50px !important;}&#8220;]<div class=\"pix-image-box wpb_animate_when_almost_visible fadeIn with_zoom  vc_custom_5e68a97c4d84e pix-custom-css-63f7378f4cb7d\" style=\"-moz-border-radius: 0px; border-radius: 0px; \"><img loading=\"lazy\" decoding=\"async\" width=\"600\" height=\"750\" src=\"https:\/\/iris-radiologie.ch\/wp-content\/uploads\/2017\/06\/benjamin-1-e1539157210305.jpg\" class=\"attachment-full size-full\" alt=\"\"  srcset=\"\" sizes=\"(max-width: 600px) 100vw, 600px\"><\/div><!-- .pix-image-box -->[vc_column_text css_animation=&#8220;fadeIn&#8220; custom_css_uniq_id=&#8220;pix-custom-css-63f7378f4cbb7&#8243;]<\/p>\n<h3 style=\"text-align: center; margin-bottom: 5px;\">Benjamin Guyon<\/h3>\n<p style=\"text-align: center;\"><em>Leitender MTRA CT \/ R\u00f6ntgen<br \/>\n<\/em><\/p>\n<p>[\/vc_column_text][\/vc_column][vc_column css_animation=&#8220;none&#8220; width=&#8220;1\/4&#8243; extra_css_id=&#8220;extra-css-id-5e68a97c4cfd5&#8243; css=&#8220;.vc_custom_5e68a97c4d887{margin-bottom: 50px !important;}&#8220;]<div class=\"pix-image-box wpb_animate_when_almost_visible fadeIn with_zoom  vc_custom_5e68a97c4d8c0 pix-custom-css-63f7378f4cbf0\" style=\"-moz-border-radius: 0px; border-radius: 0px; \"><img loading=\"lazy\" decoding=\"async\" width=\"600\" height=\"750\" src=\"https:\/\/iris-radiologie.ch\/wp-content\/uploads\/2017\/06\/sandie-1-e1539157153333.jpg\" class=\"attachment-full size-full\" alt=\"\"  srcset=\"\" sizes=\"(max-width: 600px) 100vw, 600px\"><\/div><!-- .pix-image-box -->[vc_column_text css_animation=&#8220;fadeIn&#8220; custom_css_uniq_id=&#8220;pix-custom-css-63f7378f4cc28&#8243;]<\/p>\n<h3 style=\"text-align: center; margin-bottom: 5px;\">Sandie Cuennet<\/h3>\n<p style=\"text-align: center;\"><em>Leitende MTRA Mammographie<\/em><\/p>\n<p>[\/vc_column_text][\/vc_column][vc_column width=&#8220;1\/4&#8243; extra_css_id=&#8220;extra-css-id-5e68a97c4d013&#8243; css=&#8220;.vc_custom_5e68a97c4d8f9{margin-bottom: 50px !important;}&#8220;]<div class=\"pix-image-box wpb_animate_when_almost_visible fadeIn with_zoom  vc_custom_5e68a97c4d932 pix-custom-css-63f7378f4cc61\" style=\"-moz-border-radius: 0px; border-radius: 0px; \"><img loading=\"lazy\" decoding=\"async\" width=\"600\" height=\"750\" src=\"https:\/\/iris-radiologie.ch\/wp-content\/uploads\/2017\/06\/laetitia-1-e1539157177455.jpg\" class=\"attachment-full size-full\" alt=\"\"  srcset=\"\" sizes=\"(max-width: 600px) 100vw, 600px\"><\/div><!-- .pix-image-box -->[vc_column_text css_animation=&#8220;fadeIn&#8220; custom_css_uniq_id=&#8220;pix-custom-css-63f7378f4cca4&#8243;]<\/p>\n<h3 style=\"text-align: center; margin-bottom: 5px;\">Laetitia Lauper<\/h3>\n<p style=\"text-align: center;\"><em>Leitende MTRA MRI<\/em><\/p>\n<p>[\/vc_column_text][\/vc_column][\/vc_row][vc_row extra_css_id=&#8220;extra-css-id-5e68a97c4d04f&#8220; css=&#8220;.vc_custom_5e68a97c4d96b{margin-bottom: 100px !important;}&#8220;][vc_column width=&#8220;1\/4&#8243; extra_css_id=&#8220;extra-css-id-5e68a97c4d089&#8243;]<div class=\"pix-image-box wpb_animate_when_almost_visible fadeIn with_zoom  vc_custom_5e68a97c4d9a4 pix-custom-css-63f7378f4ccdc\" style=\"-moz-border-radius: 0px; border-radius: 0px; \"><img loading=\"lazy\" decoding=\"async\" width=\"600\" height=\"750\" src=\"https:\/\/iris-radiologie.ch\/wp-content\/uploads\/2017\/06\/virginie-e1539157120179.jpg\" class=\"attachment-full size-full\" alt=\"\"  srcset=\"\" sizes=\"(max-width: 600px) 100vw, 600px\"><\/div><!-- .pix-image-box -->[vc_column_text css_animation=&#8220;fadeIn&#8220; custom_css_uniq_id=&#8220;pix-custom-css-63f7378f4cd13&#8243;]<\/p>\n<h3 style=\"text-align: center; margin-bottom: 5px;\">Virginie Grossen<\/h3>\n<p style=\"text-align: center;\"><em>Administration (Buchhaltung und Abrechnung)<\/em><\/p>\n<p>[\/vc_column_text][\/vc_column][vc_column width=&#8220;1\/4&#8243; extra_css_id=&#8220;extra-css-id-5e68a97c4d0c6&#8243; css=&#8220;.vc_custom_5e68a97c4d9dd{margin-bottom: 50px !important;}&#8220;][\/vc_column][vc_column width=&#8220;1\/4&#8243;][\/vc_column][\/vc_row][\/vc_section]<\/p>\n<a href=\"https:\/\/maradiologie.groupe3r.ch\" target=\"_blank\"><div class=\"lasche lasche-de\">Untersuchungsergebnisse<\/div><\/a>","protected":false},"excerpt":{"rendered":"<p>[vc_section full_width=&#8220;stretch_row&#8220; css=&#8220;.vc_custom_5e68a97c4d1ce{margin-bottom: 150px !important;}&#8220;][vc_row full_width=&#8220;stretch_row&#8220; pix_background_position=&#8220;center&#8220; extra_css_id=&#8220;extra-css-id-5e68a97c4ca24&#8243; overlay=&#8220;#003f5d&#8220; gradient=&#8220;rgba(0,93,135,0.8)&#8220; gradient_dir=&#8220;135&#8243; css=&#8220;.vc_custom_5e68a97c4d208{background-image: url(https:\/\/iris-radiologie.ch\/wp-content\/uploads\/2017\/11\/3.jpg?id=922) !important;background-position: center !important;background-repeat: no-repeat !important;background-size: cover !important;}&#8220;][vc_column 0=&#8220;&#8220;][vc_column_text css_animation=&#8220;none&#8220; custom_css_uniq_id=&#8220;pix-custom-css-63f7378f4c5c6&#8243; css=&#8220;.vc_custom_5e68a97c4d241{margin-top: 50vh !important;margin-bottom: 10vh !important;}&#8220;] \u00dcber Uns [\/vc_column_text][\/vc_column][\/vc_row][\/vc_section][vc_section css=&#8220;.vc_custom_5e68a97c4d27a{margin-bottom: 150px !important;}&#8220;][vc_row extra_css_id=&#8220;extra-css-id-5e68a97c4ca63&#8243;][vc_column css_animation=&#8220;fadeIn&#8220; width=&#8220;1\/3&#8243; extra_css_id=&#8220;extra-css-id-5e68a97c4caa5&#8243;][vc_separator color=&#8220;custom&#8220; align=&#8220;align_left&#8220; border_width=&#8220;2&#8243; el_width=&#8220;50&#8243; accent_color=&#8220;#005d87&#8243;][vc_custom_heading text=&#8220;Das Institut&#8220; font_container=&#8220;tag:h2|text_align:left|color:%23005d87&#8243; use_theme_fonts=&#8220;yes&#8220; css_animation=&#8220;none&#8220;][\/vc_column][vc_column css_animation=&#8220;fadeIn&#8220; width=&#8220;1\/3&#8243; extra_css_id=&#8220;extra-css-id-5e68a97c4cae0&#8243;][vc_column_text custom_css_uniq_id=&#8220;pix-custom-css-63f7378f4c602&#8243;] Unser Team kann [&hellip;]<\/p>\n","protected":false},"author":1,"featured_media":0,"parent":0,"menu_order":0,"comment_status":"closed","ping_status":"closed","template":"","meta":{"footnotes":""},"_links":{"self":[{"href":"https:\/\/iris-radiologie.ch\/de\/wp-json\/wp\/v2\/pages\/244"}],"collection":[{"href":"https:\/\/iris-radiologie.ch\/de\/wp-json\/wp\/v2\/pages"}],"about":[{"href":"https:\/\/iris-radiologie.ch\/de\/wp-json\/wp\/v2\/types\/page"}],"author":[{"embeddable":true,"href":"https:\/\/iris-radiologie.ch\/de\/wp-json\/wp\/v2\/users\/1"}],"replies":[{"embeddable":true,"href":"https:\/\/iris-radiologie.ch\/de\/wp-json\/wp\/v2\/comments?post=244"}],"version-history":[{"count":110,"href":"https:\/\/iris-radiologie.ch\/de\/wp-json\/wp\/v2\/pages\/244\/revisions"}],"predecessor-version":[{"id":2841,"href":"https:\/\/iris-radiologie.ch\/de\/wp-json\/wp\/v2\/pages\/244\/revisions\/2841"}],"wp:attachment":[{"href":"https:\/\/iris-radiologie.ch\/de\/wp-json\/wp\/v2\/media?parent=244"}],"curies":[{"name":"wp","href":"https:\/\/api.w.org\/{rel}","templated":true}]}}