{"id":2533,"date":"2021-10-05T13:30:35","date_gmt":"2021-10-05T11:30:35","guid":{"rendered":"https:\/\/iris-radiologie.ch\/cadolles\/"},"modified":"2025-07-11T13:31:02","modified_gmt":"2025-07-11T11:31:02","slug":"cadolles","status":"publish","type":"page","link":"https:\/\/iris-radiologie.ch\/de\/cadolles\/","title":{"rendered":"CADOLLES"},"content":{"rendered":"<p>[vc_row full_width=&#8220;stretch_row&#8220; pix_background_position=&#8220;center&#8220; extra_css_id=&#8220;extra-css-id-5e68c26516f23&#8243; overlay=&#8220;#dc030e&#8220; gradient=&#8220;rgba(220,3,14,0.7)&#8220; gradient_dir=&#8220;135&#8243; css=&#8220;.vc_custom_1633437365541{background-image: url(https:\/\/iris-radiologie.ch\/wp-content\/uploads\/2017\/11\/2-e1546946053461.jpg?id=921) !important;background-position: center !important;background-repeat: no-repeat !important;background-size: cover !important;}&#8220;][vc_column][vc_column_text css_animation=&#8220;none&#8220; custom_css_uniq_id=&#8220;pix-custom-css-63f736ef7d600&#8243; css=&#8220;.vc_custom_5e68c26517588{margin-top: 50vh !important;margin-bottom: 10vh !important;}&#8220;]<\/p>\n<h1 style=\"color: #fff;\">\u00dcber Uns<\/h1>\n<p>[\/vc_column_text][\/vc_column][\/vc_row][vc_section css=&#8220;.vc_custom_5e68c265175bf{margin-top: 150px !important;margin-bottom: 150px !important;}&#8220;][vc_row extra_css_id=&#8220;extra-css-id-5e68c26516f5e&#8220;][vc_column css_animation=&#8220;fadeIn&#8220; width=&#8220;1\/3&#8243; extra_css_id=&#8220;extra-css-id-5e68c26516f95&#8243;][vc_separator color=&#8220;custom&#8220; align=&#8220;align_left&#8220; border_width=&#8220;2&#8243; el_width=&#8220;50&#8243; accent_color=&#8220;#dc0e15&#8243;][vc_custom_heading text=&#8220;Das Institut&#8220; font_container=&#8220;tag:h2|text_align:left|color:%23dc0e15&#8243; use_theme_fonts=&#8220;yes&#8220; css_animation=&#8220;none&#8220;][\/vc_column][vc_column css_animation=&#8220;fadeIn&#8220; width=&#8220;1\/3&#8243; extra_css_id=&#8220;extra-css-id-5e68c26516fb5&#8243;][vc_column_text custom_css_uniq_id=&#8220;pix-custom-css-63f736ef7d643&#8243;]<\/p>\n<p>Unser Team kann auf neueste technische Ger\u00e4te zur\u00fcckgreifen und wendet modernste Verfahren der Diagnostik und Therapie an \u2013 so stellen wir eine bestm\u00f6gliche und schonende Behandlung sicher. Unter \u201eunser Angebot\u201c sind die diagnostischen und therapeutischen Verfahren im Einzelnen beschrieben.Wir bilden ein qualifiziertes Kollektiv aus erfahrenen Radiologen, MTRA, Arzthelferinnen, zus\u00e4tzlichen Mitarbeiterinnen des Callcenters, der Anmeldung und Administration.<\/p>\n<p>[\/vc_column_text][\/vc_column][vc_column css_animation=&#8220;fadeIn&#8220; width=&#8220;1\/3&#8243; extra_css_id=&#8220;extra-css-id-5e68c26516fee&#8220;][vc_column_text custom_css_uniq_id=&#8220;pix-custom-css-63f736ef7d684&#8243;]Diese enge Zusammenarbeit innerhalb unseres Zentrums hat Vorteile f\u00fcr unsere Patienten:\u00a0Austausch von Informationen \u00fcber Voruntersuchungen und evtl. Vortherapien, Konferenz, kollegiales Gespr\u00e4ch bei schwierigen Befunden. Auch wenn wir als Radiologen mit hochmoderner Technik arbeiten, steht der Patient stets im Mittelpunkt. Seit der Gr\u00fcndung des Instituts w\u00e4chst das Team und entwickelt Ideen zur Optimierung.[\/vc_column_text][\/vc_column][\/vc_row][vc_row extra_css_id=&#8220;extra-css-id-5e68c26517029&#8243; css=&#8220;.vc_custom_5e68c265175f7{margin-top: 50px !important;}&#8220;][vc_column width=&#8220;1\/3&#8243;][\/vc_column][vc_column width=&#8220;2\/3&#8243;][vc_column_text css_animation=&#8220;fadeIn&#8220; custom_css_uniq_id=&#8220;pix-custom-css-63f736ef7d6c3&#8243;]IRIS Radiologie Cadolles ist die j\u00fcngste Zweigstelle unseres Instituts, die aus einer Zusammenarbeit mit dem Centre M\u00e9dical des Cadolles hervorgegangen ist und seit Februar 2022 in Betrieb ist.<br \/>\nDie au\u00dfergew\u00f6hnliche Expertise der \u00c4rzte von IRIS Radiology auf dem Gebiet der Bildgebung bildete die Grundlage f\u00fcr die Partnerschaft mit diesem neuen medizinischen Zentrum auf den H\u00f6hen von Neuch\u00e2tel, um Patienten qualitativ hochwertige Bildgebungsdienste anzubieten. Die vorgeschlagenen bildgebenden Verfahren sind Radiographie und Ultraschall (US).<br \/>\nBei Bedarf k\u00f6nnen weiterf\u00fchrende bildgebende Untersuchungen wie MRT oder CT (Scanner) oder interventionelle Verfahren wie Punktionen, Biopsien oder Infiltrationen kurzfristig an unseren Standorten IRIS Radiologie Neuch\u00e2tel oder IRIS Radiologie Trois-Lacs (MRT ).<br \/>\nDas Cadolles Medical Center wurde im Februar 2022 in einem gro\u00dfen Geb\u00e4ude er\u00f6ffnet, das bereits Gesch\u00e4fte und eine Apotheke mit 7\/7-Service und Walk-in-Sprechstunden beherbergt. Neben der Bildgebung, die ein zentraler und integraler Bestandteil davon ist, umfasst der Standort ein Dutzend Arztpraxen, ein Labor, einen Physiotherapeuten, einen Ergotherapeuten und eine Zahnarztpraxis.<\/p>\n<p>[\/vc_column_text][\/vc_column][\/vc_row][\/vc_section][vc_section css=&#8220;.vc_custom_5e68c2651762f{margin-bottom: 150px !important;}&#8220;][vc_row full_width=&#8220;stretch_row&#8220; parallax=&#8220;content-moving&#8220; parallax_image=&#8220;950&#8243; pix_background_position=&#8220;center top&#8220; extra_css_id=&#8220;extra-css-id-5e68c26517067&#8243; overlay=&#8220;#dc030e&#8220; gradient=&#8220;rgba(220,3,14,0.7)&#8220; css=&#8220;.vc_custom_1633437588540{padding-top: 150px !important;padding-bottom: 150px !important;background-position: center;background-repeat: no-repeat;background-size:cover !important;}&#8220;][vc_column width=&#8220;1\/2&#8243;][vc_column_text css_animation=&#8220;fadeIn&#8220; custom_css_uniq_id=&#8220;pix-custom-css-63f736ef7d705&#8243;]<\/p>\n<h1 style=\"font-size: 25px; color: white;\">\u00bbWer neue Mittel scheut, muss alte Leiden ertragen.\u00ab<\/h1>\n\n<p>[\/vc_column_text][vc_column_text css_animation=&#8220;fadeIn&#8220; custom_css_uniq_id=&#8220;pix-custom-css-63f736ef7d743&#8243;]<\/p>\n<p style=\"color: white;\">&#8211; SIR FRANCIS BACON<\/p>\n<p>[\/vc_column_text][\/vc_column][vc_column width=&#8220;1\/2&#8243;][\/vc_column][\/vc_row][\/vc_section][vc_row][vc_column][vc_column_text]<br \/>\n[\/vc_column_text][\/vc_column][\/vc_row][vc_section][vc_row extra_css_id=&#8220;extra-css-id-5e68bab936b31&#8243; css=&#8220;.vc_custom_5e68bab9371ec{margin-bottom: 50px !important;}&#8220;][vc_column width=&#8220;1\/4&#8243;][\/vc_column][vc_column width=&#8220;1\/2&#8243;][vc_custom_heading text=&#8220;Unsere Chef\u00e4rzte&#8220; font_container=&#8220;tag:h1|text_align:center|color:%23fcae00&#8243; use_theme_fonts=&#8220;yes&#8220; css_animation=&#8220;fadeIn&#8220;][\/vc_column][vc_column width=&#8220;1\/4&#8243;][\/vc_column][\/vc_row][vc_row extra_css_id=&#8220;extra-css-id-5e68bab936b74&#8243;][vc_column css_animation=&#8220;none&#8220; width=&#8220;1\/3&#8243; extra_css_id=&#8220;extra-css-id-5e68bab936bae&#8220; css=&#8220;.vc_custom_1643713956082{margin-bottom: 51px !important;}&#8220;]<div class=\"pix-image-box wpb_animate_when_almost_visible fadeIn with_zoom  vc_custom_5e68bab93725f pix-custom-css-63f736ef7d786\" style=\"-moz-border-radius: 0px; border-radius: 0px; \"><a href='\/de\/dr-med-iheb-bougamra\/'  ><img loading=\"lazy\" decoding=\"async\" width=\"600\" height=\"750\" src=\"https:\/\/iris-radiologie.ch\/wp-content\/uploads\/2017\/06\/iheb-1-e1539157111269.jpg\" class=\"attachment-full size-full\" alt=\"\"  srcset=\"\" sizes=\"(max-width: 600px) 100vw, 600px\"><\/a><\/div><!-- .pix-image-box -->[vc_column_text css_animation=&#8220;fadeIn&#8220; custom_css_uniq_id=&#8220;pix-custom-css-63f736ef7d7c5&#8243;]<\/p>\n<h3 style=\"text-align: center; margin-bottom: 5px;\">Dr. med. Iheb Bougamra<\/h3>\n<p style=\"text-align: center;\"><em>Facharzt FMH Radiologie<\/em><\/p>\n<p>[\/vc_column_text][\/vc_column][vc_column width=&#8220;1\/3&#8243; extra_css_id=&#8220;extra-css-id-5e68bab936bec&#8220; css=&#8220;.vc_custom_1643713972477{margin-bottom: 51px !important;}&#8220;]<div class=\"pix-image-box wpb_animate_when_almost_visible fadeIn with_zoom  vc_custom_5e68bab9372d2 pix-custom-css-63f736ef7d811\" style=\"-moz-border-radius: 0px; border-radius: 0px; \"><a href='\/de\/dr-med-sofiane-derrouis\/'  ><img loading=\"lazy\" decoding=\"async\" width=\"600\" height=\"750\" src=\"https:\/\/iris-radiologie.ch\/wp-content\/uploads\/2017\/06\/sofiane-e1539157147167.jpg\" class=\"attachment-full size-full\" alt=\"\"  srcset=\"\" sizes=\"(max-width: 600px) 100vw, 600px\"><\/a><\/div><!-- .pix-image-box -->[vc_column_text css_animation=&#8220;fadeIn&#8220; custom_css_uniq_id=&#8220;pix-custom-css-63f736ef7d84d&#8220;]<\/p>\n<h3 style=\"text-align: center; margin-bottom: 5px;\">Dr. med. Sofiane Derrouis<\/h3>\n<p style=\"text-align: center;\"><em>Facharzt FMH Radiologie<\/em><\/p>\n<p>[\/vc_column_text][\/vc_column][vc_column width=&#8220;1\/3&#8243; extra_css_id=&#8220;extra-css-id-5e68bab936c2a&#8220; css=&#8220;.vc_custom_1643714035408{margin-bottom: 51px !important;}&#8220;]<div class=\"pix-image-box wpb_animate_when_almost_visible fadeIn with_zoom  vc_custom_5e68bab937345 pix-custom-css-63f736ef7d88a\" style=\"-moz-border-radius: 0px; border-radius: 0px; \"><a href='\/de\/dr-med-benoit-morel\/'  ><img loading=\"lazy\" decoding=\"async\" width=\"600\" height=\"750\" src=\"https:\/\/iris-radiologie.ch\/wp-content\/uploads\/2017\/06\/benoit-1-e1539157203940.jpg\" class=\"attachment-full size-full\" alt=\"\"  srcset=\"\" sizes=\"(max-width: 600px) 100vw, 600px\"><\/a><\/div><!-- .pix-image-box -->[vc_column_text css_animation=&#8220;fadeIn&#8220; custom_css_uniq_id=&#8220;pix-custom-css-63f736ef7d8c7&#8243;]<\/p>\n<h3 style=\"text-align: center; margin-bottom: 5px;\">Dr. med. Beno\u00eet Morel<\/h3>\n<p style=\"text-align: center; margin-bottom: 0px;\"><em>Facharzt FMH Radiologie<\/em><\/p>\n<p style=\"text-align: center;\"><em>Facharzt FMH P\u00e4diatrische Radiologie<\/em><\/p>\n<p>[\/vc_column_text][\/vc_column][\/vc_row][vc_row extra_css_id=&#8220;extra-css-id-5e68bab936c67&#8243;][vc_column width=&#8220;1\/3&#8243; extra_css_id=&#8220;extra-css-id-5e68bab936ca2&#8243; css=&#8220;.vc_custom_1643714056172{margin-bottom: 51px !important;}&#8220;]<div class=\"pix-image-box wpb_animate_when_almost_visible fadeIn with_zoom  vc_custom_5e68bab9373cd pix-custom-css-63f736ef7d906\" style=\"-moz-border-radius: 0px; border-radius: 0px; \"><a href='\/de\/dr-med-mehmet-oe-oeksuez\/'  ><img loading=\"lazy\" decoding=\"async\" width=\"600\" height=\"750\" src=\"https:\/\/iris-radiologie.ch\/wp-content\/uploads\/2017\/06\/mehmet-1-e1539157169879.jpg\" class=\"attachment-full size-full\" alt=\"\"  srcset=\"\" sizes=\"(max-width: 600px) 100vw, 600px\"><\/a><\/div><!-- .pix-image-box -->[vc_column_text css_animation=&#8220;fadeIn&#8220; custom_css_uniq_id=&#8220;pix-custom-css-63f736ef7d943&#8243;]<\/p>\n<h3 style=\"text-align: center; margin-bottom: 5px;\">Dr. med. Mehmet \u00d6. \u00d6ks\u00fcz<\/h3>\n<p style=\"text-align: center; margin-bottom: 0px;\"><em>Facharzt FMH Radiologie<\/em><\/p>\n<p style=\"text-align: center;\"><em>Facharzt FMH Nuklearmedizin<\/em><\/p>\n<p>[\/vc_column_text][\/vc_column][vc_column width=&#8220;1\/3&#8243; extra_css_id=&#8220;extra-css-id-5e68bab936ce0&#8243; css=&#8220;.vc_custom_1643714071465{margin-bottom: 51px !important;}&#8220;]<div class=\"pix-image-box wpb_animate_when_almost_visible fadeIn with_zoom  vc_custom_5e68bab937442 pix-custom-css-63f736ef7d980\" style=\"-moz-border-radius: 0px; border-radius: 0px; \"><a href='\/de\/jacques-perrin\/'  ><img loading=\"lazy\" decoding=\"async\" width=\"600\" height=\"750\" src=\"https:\/\/iris-radiologie.ch\/wp-content\/uploads\/2017\/06\/jaques-e1539157185792.jpg\" class=\"attachment-full size-full\" alt=\"\"  srcset=\"\" sizes=\"(max-width: 600px) 100vw, 600px\"><\/a><\/div><!-- .pix-image-box -->[vc_column_text css_animation=&#8220;fadeIn&#8220; custom_css_uniq_id=&#8220;pix-custom-css-63f736ef7d9bc&#8220;]<\/p>\n<h3 style=\"text-align: center; margin-bottom: 5px;\">Jacques Perrin<\/h3>\n<p style=\"text-align: center;\"><em>Facharzt FMH Radiologie<\/em><\/p>\n<p>[\/vc_column_text][\/vc_column][vc_column width=&#8220;1\/3&#8243; extra_css_id=&#8220;extra-css-id-5e68bab936d1e&#8220; css=&#8220;.vc_custom_1643714086559{margin-bottom: 51px !important;}&#8220;]<div class=\"pix-image-box wpb_animate_when_almost_visible fadeIn with_zoom  vc_custom_5e68bab9374b5 pix-custom-css-63f736ef7d9f8\" style=\"-moz-border-radius: 0px; border-radius: 0px; \"><a href='\/de\/dr-marc-giraud\/'  ><img loading=\"lazy\" decoding=\"async\" width=\"600\" height=\"750\" src=\"https:\/\/iris-radiologie.ch\/wp-content\/uploads\/2018\/11\/marc_giraud.jpg\" class=\"attachment-full size-full\" alt=\"\" srcset=\"https:\/\/iris-radiologie.ch\/wp-content\/uploads\/2018\/11\/marc_giraud.jpg 600w, https:\/\/iris-radiologie.ch\/wp-content\/uploads\/2018\/11\/marc_giraud-240x300.jpg 240w, https:\/\/iris-radiologie.ch\/wp-content\/uploads\/2018\/11\/marc_giraud-100x125.jpg 100w, https:\/\/iris-radiologie.ch\/wp-content\/uploads\/2018\/11\/marc_giraud-560x700.jpg 560w\" sizes=\"(max-width: 600px) 100vw, 600px\" ><\/a><\/div><!-- .pix-image-box -->[vc_column_text css_animation=&#8220;fadeIn&#8220; custom_css_uniq_id=&#8220;pix-custom-css-63f736ef7da34&#8243;]<\/p>\n<h3 style=\"text-align: center; margin-bottom: 5px;\">Dr. med. Marc Giraud<\/h3>\n<p style=\"text-align: center; margin-bottom: 0px;\"><em>Facharzt FMH Radiologie<\/em><\/p>\n<p style=\"text-align: center; margin-bottom: 0px;\"><em>Facharzt Kardiovaskul\u00e4re Radiologie<\/em><\/p>\n<p>[\/vc_column_text][\/vc_column][\/vc_row][vc_row extra_css_id=&#8220;extra-css-id-5e68bab936d5b&#8220; css=&#8220;.vc_custom_5e68bab9374ee{margin-bottom: 100px !important;}&#8220;][vc_column width=&#8220;1\/3&#8243; extra_css_id=&#8220;extra-css-id-5e68bab936d96&#8243; css=&#8220;.vc_custom_1643714099385{margin-bottom: 51px !important;}&#8220;]<div class=\"pix-image-box wpb_animate_when_almost_visible fadeIn with_zoom  vc_custom_1583923412389 pix-custom-css-63f736ef7da72\" style=\"-moz-border-radius: 0px; border-radius: 0px; \"><a href='https:\/\/iris-radiologie.ch\/de\/dr-med-catherine-waeber\/'  ><img loading=\"lazy\" decoding=\"async\" width=\"600\" height=\"750\" src=\"https:\/\/iris-radiologie.ch\/wp-content\/uploads\/2020\/03\/Catherine-Waeber.jpg\" class=\"attachment-full size-full\" alt=\"\" srcset=\"https:\/\/iris-radiologie.ch\/wp-content\/uploads\/2020\/03\/Catherine-Waeber.jpg 600w, https:\/\/iris-radiologie.ch\/wp-content\/uploads\/2020\/03\/Catherine-Waeber-240x300.jpg 240w, https:\/\/iris-radiologie.ch\/wp-content\/uploads\/2020\/03\/Catherine-Waeber-100x125.jpg 100w, https:\/\/iris-radiologie.ch\/wp-content\/uploads\/2020\/03\/Catherine-Waeber-560x700.jpg 560w\" sizes=\"(max-width: 600px) 100vw, 600px\" ><\/a><\/div><!-- .pix-image-box -->[vc_column_text css_animation=&#8220;fadeIn&#8220; custom_css_uniq_id=&#8220;pix-custom-css-63f736ef7dab0&#8243;]<\/p>\n<h3 style=\"text-align: center; margin-bottom: 5px;\">Dr. med. Catherine Waeber<\/h3>\n<p style=\"text-align: center; margin-bottom: 0px;\"><em>Fach\u00e4rztin FMH Radiologie<\/em><\/p>\n<p>[\/vc_column_text][\/vc_column][vc_column width=&#8220;1\/3&#8243; extra_css_id=&#8220;extra-css-id-5e68bab936dd3&#8243; css=&#8220;.vc_custom_5e68bab93759b{margin-bottom: 50px !important;}&#8220;]<div class=\"pix-image-box wpb_animate_when_almost_visible fadeIn with_zoom  vc_custom_1752233027517 pix-custom-css-63f736ef7daef\" style=\"-moz-border-radius: 0px; border-radius: 0px; \"><a href='https:\/\/iris-radiologie.ch\/de\/dr-med-lysiane-rohrer\/'  ><img loading=\"lazy\" decoding=\"async\" width=\"1200\" height=\"1500\" src=\"https:\/\/iris-radiologie.ch\/wp-content\/uploads\/2017\/06\/placeholder.jpg\" class=\"attachment-full size-full\" alt=\"\" srcset=\"https:\/\/iris-radiologie.ch\/wp-content\/uploads\/2017\/06\/placeholder.jpg 1200w, https:\/\/iris-radiologie.ch\/wp-content\/uploads\/2017\/06\/placeholder-240x300.jpg 240w, https:\/\/iris-radiologie.ch\/wp-content\/uploads\/2017\/06\/placeholder-768x960.jpg 768w, https:\/\/iris-radiologie.ch\/wp-content\/uploads\/2017\/06\/placeholder-819x1024.jpg 819w, https:\/\/iris-radiologie.ch\/wp-content\/uploads\/2017\/06\/placeholder-100x125.jpg 100w, https:\/\/iris-radiologie.ch\/wp-content\/uploads\/2017\/06\/placeholder-750x938.jpg 750w, https:\/\/iris-radiologie.ch\/wp-content\/uploads\/2017\/06\/placeholder-560x700.jpg 560w, https:\/\/iris-radiologie.ch\/wp-content\/uploads\/2017\/06\/placeholder-600x750.jpg 600w\" sizes=\"(max-width: 1200px) 100vw, 1200px\" ><\/a><\/div><!-- .pix-image-box -->[vc_column_text css_animation=&#8220;fadeIn&#8220; custom_css_uniq_id=&#8220;pix-custom-css-63f736ef7db2b&#8220;]<\/p>\n<h3 style=\"text-align: center; margin-bottom: 5px;\">Dr. med. Patricia Nin Garaizabal<\/h3>\n<p style=\"text-align: center; margin-bottom: 0px;\"><em>Fach\u00e4rztin FMH Radiologie<\/em><\/p>\n<p>[\/vc_column_text][\/vc_column][\/vc_row][vc_row][vc_column][vc_separator][\/vc_column][\/vc_row][\/vc_section]<\/p>\n<a href=\"https:\/\/maradiologie.groupe3r.ch\" target=\"_blank\"><div class=\"lasche lasche-de\">Untersuchungsergebnisse<\/div><\/a>","protected":false},"excerpt":{"rendered":"<p>[vc_row full_width=&#8220;stretch_row&#8220; pix_background_position=&#8220;center&#8220; extra_css_id=&#8220;extra-css-id-5e68c26516f23&#8243; overlay=&#8220;#dc030e&#8220; gradient=&#8220;rgba(220,3,14,0.7)&#8220; gradient_dir=&#8220;135&#8243; css=&#8220;.vc_custom_1633437365541{background-image: url(https:\/\/iris-radiologie.ch\/wp-content\/uploads\/2017\/11\/2-e1546946053461.jpg?id=921) !important;background-position: center !important;background-repeat: no-repeat !important;background-size: cover !important;}&#8220;][vc_column][vc_column_text css_animation=&#8220;none&#8220; custom_css_uniq_id=&#8220;pix-custom-css-63f736ef7d600&#8243; css=&#8220;.vc_custom_5e68c26517588{margin-top: 50vh !important;margin-bottom: 10vh !important;}&#8220;] \u00dcber Uns [\/vc_column_text][\/vc_column][\/vc_row][vc_section css=&#8220;.vc_custom_5e68c265175bf{margin-top: 150px !important;margin-bottom: 150px !important;}&#8220;][vc_row extra_css_id=&#8220;extra-css-id-5e68c26516f5e&#8220;][vc_column css_animation=&#8220;fadeIn&#8220; width=&#8220;1\/3&#8243; extra_css_id=&#8220;extra-css-id-5e68c26516f95&#8243;][vc_separator color=&#8220;custom&#8220; align=&#8220;align_left&#8220; border_width=&#8220;2&#8243; el_width=&#8220;50&#8243; accent_color=&#8220;#dc0e15&#8243;][vc_custom_heading text=&#8220;Das Institut&#8220; font_container=&#8220;tag:h2|text_align:left|color:%23dc0e15&#8243; use_theme_fonts=&#8220;yes&#8220; css_animation=&#8220;none&#8220;][\/vc_column][vc_column css_animation=&#8220;fadeIn&#8220; width=&#8220;1\/3&#8243; extra_css_id=&#8220;extra-css-id-5e68c26516fb5&#8243;][vc_column_text custom_css_uniq_id=&#8220;pix-custom-css-63f736ef7d643&#8243;] Unser Team kann auf neueste technische [&hellip;]<\/p>\n","protected":false},"author":1,"featured_media":0,"parent":0,"menu_order":0,"comment_status":"closed","ping_status":"closed","template":"","meta":{"footnotes":""},"_links":{"self":[{"href":"https:\/\/iris-radiologie.ch\/de\/wp-json\/wp\/v2\/pages\/2533"}],"collection":[{"href":"https:\/\/iris-radiologie.ch\/de\/wp-json\/wp\/v2\/pages"}],"about":[{"href":"https:\/\/iris-radiologie.ch\/de\/wp-json\/wp\/v2\/types\/page"}],"author":[{"embeddable":true,"href":"https:\/\/iris-radiologie.ch\/de\/wp-json\/wp\/v2\/users\/1"}],"replies":[{"embeddable":true,"href":"https:\/\/iris-radiologie.ch\/de\/wp-json\/wp\/v2\/comments?post=2533"}],"version-history":[{"count":12,"href":"https:\/\/iris-radiologie.ch\/de\/wp-json\/wp\/v2\/pages\/2533\/revisions"}],"predecessor-version":[{"id":2858,"href":"https:\/\/iris-radiologie.ch\/de\/wp-json\/wp\/v2\/pages\/2533\/revisions\/2858"}],"wp:attachment":[{"href":"https:\/\/iris-radiologie.ch\/de\/wp-json\/wp\/v2\/media?parent=2533"}],"curies":[{"name":"wp","href":"https:\/\/api.w.org\/{rel}","templated":true}]}}