{"id":2534,"date":"2021-10-05T14:34:29","date_gmt":"2021-10-05T12:34:29","guid":{"rendered":"https:\/\/iris-radiologie.ch\/cadolles\/notre-offre\/"},"modified":"2022-02-01T11:37:50","modified_gmt":"2022-02-01T10:37:50","slug":"unser-angebot","status":"publish","type":"page","link":"https:\/\/iris-radiologie.ch\/de\/cadolles\/unser-angebot\/","title":{"rendered":"Unser Angebot"},"content":{"rendered":"<p>[vc_section full_width=&#8220;stretch_row_content&#8220;][vc_row equal_height=&#8220;yes&#8220; extra_css_id=&#8220;extra-css-id-594bd94f96351&#8243; nav_label=&#8220;Ultraschall&#8220;][vc_column css_animation=&#8220;fadeIn&#8220; extra_css_id=&#8220;extra-css-id-594bd94f9635a&#8220; column_resp_css=&#8220;.vc_custom_1515491680149{padding-top: 10% !important;padding-right: 5% !important;padding-bottom: 150px !important;padding-left: 5% !important;}&#8220; column_resp_width=&#8220;991&#8243; css=&#8220;.vc_custom_1515491680146{padding-top: 25% !important;padding-right: 5% !important;padding-bottom: 25% !important;padding-left: 25% !important;}&#8220; offset=&#8220;vc_col-md-6&#8243;][vc_single_image image=&#8220;574&#8243; img_size=&#8220;large&#8220; alignment=&#8220;center&#8220; css_animation=&#8220;fadeInUp&#8220; el_class=&#8220;angebot-img&#8220;][vc_column_text content_align=&#8220;left&#8220; custom_css_uniq_id=&#8220;pix-custom-css-594bd94f9612a&#8220;]<\/p>\n<h2>Sonographie\/Ultraschall (US)<\/h2>\n<p>[\/vc_column_text][vc_separator color=&#8220;custom&#8220; align=&#8220;align_left&#8220; border_width=&#8220;2&#8243; el_width=&#8220;20&#8243; accent_color=&#8220;#dc0e15&#8243; css=&#8220;.vc_custom_1634020391578{padding-top: 20px !important;padding-bottom: 20px !important;}&#8220;][vc_column_text custom_css_uniq_id=&#8220;pix-custom-css-594bd94f96133&#8243;]<\/p>\n<h5 style=\"line-height: 30px; font-size: 18px;\">Die Sonographie, auch Echographie oder Ultraschall genannt, ist das am h\u00e4ufigsten genutzte bildgebende Verfahren in der Medizin \u00fcberhaupt. Wegen der hohen Verf\u00fcgbarkeit der Methode sowie der fehlenden Strahlenexposition kann dieses Verfahren ohne Bedenken bei jedem Patienten zum Einsatz kommen.<\/h5>\n<p>[\/vc_column_text][vc_column_text custom_css_uniq_id=&#8220;pix-custom-59f19a351c934&#8243;]<\/p>\n<p>Damit ist die Sonographie sowohl zur Erstbeurteilung bei unklarem Krankheitsbild als auch f\u00fcr Verlaufskontrollen geeignet. Zum Beispiel k\u00f6nnen in der Brust tumorverd\u00e4chtige Befunde ab einer gewissen Mindestgr\u00f6sse (ca.&gt;5mm) erkannt und erste Hinweise auf ihre B\u00f6sartigkeit gewonnen werden. Dar\u00fcber hinaus sind ultraschallgesteuerte Biopsien durchf\u00fchrbar.<\/p>\n<p>Allerdings gibt es physikalisch begr\u00fcndete Unterschiede im Hinblick auf die zu untersuchenden Organstrukturen sowie das individuell am Patienten zu erzielende Ergebnis. So unterscheiden sich die Gewebetypen prim\u00e4r aufgrund ihrer Beschaffenheit und sind einer Sonographie eher gut bzw. weniger gut zug\u00e4nglich. Prinzipiell gilt, dass alle wasserhaltigen, blutreichen Organe gut zu untersuchen sind. Demgegen\u00fcber schlecht sind alle gashaltigen Organe, z.B. meteoristisch gebl\u00e4hter D\u00fcnn- oder Dickdarm, die Lunge oder der Knochen der Sonographie nicht zug\u00e4nglich. Ferner sind manche Organe im Normalzustand nur kaum, im krankhaft vergr\u00f6sserten Zustand dagegen gut erkennbar (Appendix, Harnleiter, Nebennieren).<\/p>\n<p>[\/vc_column_text][\/vc_column][vc_column css_animation=&#8220;fadeIn&#8220; width=&#8220;1\/2&#8243; pix_background_position=&#8220;center&#8220; extra_css_id=&#8220;extra-css-id-594bd94f96366&#8243; css=&#8220;.vc_custom_1574082515108{padding-bottom: 75vh !important;background-image: url(https:\/\/iris-radiologie.ch\/wp-content\/uploads\/2017\/06\/Ultraschall_Neuchatel-1.jpg?id=574) !important;background-position: center !important;background-repeat: no-repeat !important;background-size: contain !important;}&#8220; offset=&#8220;vc_hidden-sm vc_hidden-xs&#8220;][\/vc_column][\/vc_row][vc_row full_width=&#8220;stretch_row_content_no_spaces&#8220; equal_height=&#8220;yes&#8220; extra_css_id=&#8220;extra-css-id-594bd94f96337&#8243; nav_label=&#8220;R\u00f6ntgen&#8220;][vc_column css_animation=&#8220;fadeIn&#8220; width=&#8220;1\/2&#8243; pix_background_position=&#8220;center&#8220; extra_css_id=&#8220;extra-css-id-594bd94f9633f&#8220; css=&#8220;.vc_custom_1633437160756{padding-bottom: 75vh !important;background-image: url(https:\/\/iris-radiologie.ch\/wp-content\/uploads\/2021\/10\/samsung-iris-cadolles.jpg?id=2499) !important;background-position: center !important;background-repeat: no-repeat !important;background-size: contain !important;}&#8220; offset=&#8220;vc_hidden-sm vc_hidden-xs&#8220;][\/vc_column][vc_column css_animation=&#8220;fadeIn&#8220; extra_css_id=&#8220;extra-css-id-594bd94f96347&#8243; column_resp_css=&#8220;.vc_custom_1515491691590{padding-top: 10% !important;padding-right: 5% !important;padding-bottom: 150px !important;padding-left: 5% !important;}&#8220; column_resp_width=&#8220;991&#8243; css=&#8220;.vc_custom_1515491691584{padding-top: 25% !important;padding-right: 25% !important;padding-bottom: 25% !important;padding-left: 5% !important;}&#8220; offset=&#8220;vc_col-md-6&#8243;][vc_single_image image=&#8220;2499&#8243; img_size=&#8220;large&#8220; alignment=&#8220;center&#8220; css_animation=&#8220;fadeInUp&#8220; el_class=&#8220;angebot-img&#8220;][vc_column_text content_align=&#8220;left&#8220; custom_css_uniq_id=&#8220;pix-custom-css-594bd94f96152&#8243;]<\/p>\n<h2>Digitale Radiologie \u2013 R\u00f6ntgen<\/h2>\n<p>[\/vc_column_text][vc_separator color=&#8220;custom&#8220; align=&#8220;align_left&#8220; border_width=&#8220;2&#8243; el_width=&#8220;20&#8243; accent_color=&#8220;#dc0e15&#8243; css=&#8220;.vc_custom_1634020402835{padding-top: 20px !important;padding-bottom: 20px !important;}&#8220;][vc_column_text custom_css_uniq_id=&#8220;pix-custom-css-594bd94f9615b&#8220;]<\/p>\n<h5 style=\"line-height: 30px; font-size: 18px;\">Das klassische \u201eR\u00f6ntgen\u201c ist auch heute noch fester Bestandteil der Routinediagnostik. Oft sind Aufnahmen z.B. der Lungen, von Knochen und Gelenken sowie der Wirbels\u00e4ule der erste Schritt und k\u00f6nnen bereits viele Fragen beantworten.<\/h5>\n<p>[\/vc_column_text][\/vc_column][\/vc_row][\/vc_section]<\/p>\n<a href=\"https:\/\/maradiologie.groupe3r.ch\" target=\"_blank\"><div class=\"lasche lasche-de\">Untersuchungsergebnisse<\/div><\/a>","protected":false},"excerpt":{"rendered":"<p>[vc_section full_width=&#8220;stretch_row_content&#8220;][vc_row equal_height=&#8220;yes&#8220; extra_css_id=&#8220;extra-css-id-594bd94f96351&#8243; nav_label=&#8220;Ultraschall&#8220;][vc_column css_animation=&#8220;fadeIn&#8220; extra_css_id=&#8220;extra-css-id-594bd94f9635a&#8220; column_resp_css=&#8220;.vc_custom_1515491680149{padding-top: 10% !important;padding-right: 5% !important;padding-bottom: 150px !important;padding-left: 5% !important;}&#8220; column_resp_width=&#8220;991&#8243; css=&#8220;.vc_custom_1515491680146{padding-top: 25% !important;padding-right: 5% !important;padding-bottom: 25% !important;padding-left: 25% !important;}&#8220; offset=&#8220;vc_col-md-6&#8243;][vc_single_image image=&#8220;574&#8243; img_size=&#8220;large&#8220; alignment=&#8220;center&#8220; css_animation=&#8220;fadeInUp&#8220; el_class=&#8220;angebot-img&#8220;][vc_column_text content_align=&#8220;left&#8220; custom_css_uniq_id=&#8220;pix-custom-css-594bd94f9612a&#8220;] Sonographie\/Ultraschall (US) [\/vc_column_text][vc_separator color=&#8220;custom&#8220; align=&#8220;align_left&#8220; border_width=&#8220;2&#8243; el_width=&#8220;20&#8243; accent_color=&#8220;#dc0e15&#8243; css=&#8220;.vc_custom_1634020391578{padding-top: 20px !important;padding-bottom: 20px !important;}&#8220;][vc_column_text custom_css_uniq_id=&#8220;pix-custom-css-594bd94f96133&#8243;] Die Sonographie, auch Echographie oder Ultraschall genannt, [&hellip;]<\/p>\n","protected":false},"author":1,"featured_media":0,"parent":2533,"menu_order":0,"comment_status":"closed","ping_status":"closed","template":"","meta":{"footnotes":""},"_links":{"self":[{"href":"https:\/\/iris-radiologie.ch\/de\/wp-json\/wp\/v2\/pages\/2534"}],"collection":[{"href":"https:\/\/iris-radiologie.ch\/de\/wp-json\/wp\/v2\/pages"}],"about":[{"href":"https:\/\/iris-radiologie.ch\/de\/wp-json\/wp\/v2\/types\/page"}],"author":[{"embeddable":true,"href":"https:\/\/iris-radiologie.ch\/de\/wp-json\/wp\/v2\/users\/1"}],"replies":[{"embeddable":true,"href":"https:\/\/iris-radiologie.ch\/de\/wp-json\/wp\/v2\/comments?post=2534"}],"version-history":[{"count":2,"href":"https:\/\/iris-radiologie.ch\/de\/wp-json\/wp\/v2\/pages\/2534\/revisions"}],"predecessor-version":[{"id":2536,"href":"https:\/\/iris-radiologie.ch\/de\/wp-json\/wp\/v2\/pages\/2534\/revisions\/2536"}],"up":[{"embeddable":true,"href":"https:\/\/iris-radiologie.ch\/de\/wp-json\/wp\/v2\/pages\/2533"}],"wp:attachment":[{"href":"https:\/\/iris-radiologie.ch\/de\/wp-json\/wp\/v2\/media?parent=2534"}],"curies":[{"name":"wp","href":"https:\/\/api.w.org\/{rel}","templated":true}]}}