{"id":631,"date":"2017-10-19T11:00:56","date_gmt":"2017-10-19T09:00:56","guid":{"rendered":"http:\/\/iris-swiss.ch\/?page_id=631"},"modified":"2018-03-29T17:10:12","modified_gmt":"2018-03-29T15:10:12","slug":"dr-med-benoit-morel","status":"publish","type":"page","link":"https:\/\/iris-radiologie.ch\/de\/dr-med-benoit-morel\/","title":{"rendered":"Dr. med. Beno\u00eet Morel"},"content":{"rendered":"<p>[vc_section full_width=&#8220;stretch_row&#8220; css=&#8220;.vc_custom_1513263082896{margin-bottom: 150px !important;}&#8220;][vc_row full_width=&#8220;stretch_row&#8220; content_placement=&#8220;top&#8220; parallax=&#8220;content-moving&#8220; pix_background_position=&#8220;right&#8220; extra_css_id=&#8220;extra-css-id-5a328ff6459a2&#8243; overlay=&#8220;rgba(0,0,0,0.3)&#8220; gradient=&#8220;rgba(0,0,0,0.01)&#8220; el_class=&#8220;background-right&#8220; css=&#8220;.vc_custom_1515584495360{background-image: url(https:\/\/iris-radiologie.ch\/wp-content\/uploads\/2017\/10\/6538_5561_benoit-bg.jpg?id=1092) !important;background-position: center;background-repeat: no-repeat !important;background-size: cover !important;}&#8220;][vc_column][vc_column_text css_animation=&#8220;fadeInUp&#8220; custom_css_uniq_id=&#8220;pix-custom-5a328fcf30221&#8243; resp_css=&#8220;.resp_vc_custom_1522336204863{margin-top: 20vh !important;margin-bottom: 10vh !important;}&#8220; css=&#8220;.vc_custom_1522336204859{margin-top: 50vh !important;margin-bottom: 10vh !important;}&#8220;]<\/p>\n<h1 style=\"color: #fff;\">Dr. med. Beno\u00eet Morel<\/h1>\n<h4 style=\"color: #fff; margin-top: -20px;\">Facharzt FMH Radiologie<br \/>\nFacharzt FMH P\u00e4diatrische Radiologie<br \/>\nVormals Leitender Arzt im Universit\u00e4tsklinikum Lyon, Lyon, Frankreich<\/h4>\n<p>[\/vc_column_text][\/vc_column][\/vc_row][\/vc_section][vc_section][vc_row extra_css_id=&#8220;extra-css-id-59e76d2c0e829&#8243;][vc_column][vc_column_text css_animation=&#8220;fadeInUp&#8220; custom_css_uniq_id=&#8220;pix-custom-59e76499566bf&#8220;]<\/p>\n<h4>Hochschulstudium<\/h4>\n<p>Humanmedizin an der Universit\u00e4t Lyon (Frankreich)<\/p>\n<hr \/>\n<h4>Ausbildung<\/h4>\n<p>Radiologie, Universit\u00e4tskliniken Lyon (Frankreich)<br \/>\nP\u00e4diatrische Radiologie, Universit\u00e4tskliniken Lyon (Frankreich)<br \/>\nMaster Degree in Sciences, Polytech Lyon (Frankreich)<\/p>\n<hr \/>\n<h4>Weiterbildung \/ Schwerpunkte<\/h4>\n<p>P\u00e4diatrische Radiologie<br \/>\nAbdominale Bildgebung<br \/>\nInterventionelle Radiologie<\/p>\n<hr \/>\n<h4>Publikationen<\/h4>\n<p><a href=\"https:\/\/www.researchgate.net\/profile\/Benoit_Morel3\" target=\"_blank\" rel=\"noopener\">ResearchGate-Artikel<\/a><br \/>\n<a href=\"https:\/\/www.ncbi.nlm.nih.gov\/pubmed\/?term=Morel%20B%5BAuthor%5D&amp;cauthor=true&amp;cauthor_uid=23721862\" target=\"_blank\" rel=\"noopener\">PubMed-Artikel<\/a><\/p>\n<hr \/>\n<h4>Preise und Auszeichnungen<\/h4>\n<p>Interuniversit\u00e4res Diplom Senologie, Universit\u00e4tsklinik Grenoble (Frankreich), 2007<br \/>\nJacques-Moinard-Preis, Franz\u00f6sischer Radiologiekongress (Frankreich), 2008<\/p>\n<hr \/>\n<h4>Mitgliedschaften<\/h4>\n<p>Franz\u00f6sische Gesellschaft f\u00fcr Radiologie (SFR)<br \/>\nSchweizerische Gesellschaft f\u00fcr Radiologie (SGR-SSR)<br \/>\nSchweizerische Gesellschaft f\u00fcr P\u00e4diatrische Radiologie (SGR-SSR)<br \/>\nFranz\u00f6sische Gesellschaft f\u00fcr P\u00e4diatrische und Pr\u00e4natale Radiologie (SFIPP)<br \/>\nRadiological Society of North America (RSNA)<\/p>\n<hr \/>\n<h4>Sprachen<\/h4>\n<p>Franz\u00f6sisch, Englisch<\/p>\n<hr \/>\n<p>[\/vc_column_text][vc_column_text custom_css_uniq_id=&#8220;pix-custom-59e7663bb0d0d&#8220; css=&#8220;.vc_custom_1513854205743{margin-top: 50px !important;margin-bottom: 50px !important;}&#8220;]<strong>Dr. med. Benoit Morel<\/strong><br \/>\n<em>Facharzt FMH Radiologie<\/em><br \/>\n<em>Facharzt FMH P\u00e4diatrische Radiologie <\/em><\/p>\n<p>IRIS &#8211; Neuch\u00e2tel<br \/>\nRue Pury 4-6<br \/>\nCH-2000 Neuch\u00e2tel<br \/>\nTel: +41 (0)32 723 96 96<br \/>\n<a href=\"mailto:benoit.morel@iris-radiologie.ch\" target=\"_blank\" rel=\"noopener\">benoit.morel@iris-radiologie.ch<\/a>[\/vc_column_text][\/vc_column][\/vc_row][\/vc_section]<\/p>\n<a href=\"https:\/\/maradiologie.groupe3r.ch\" target=\"_blank\"><div class=\"lasche lasche-de\">Untersuchungsergebnisse<\/div><\/a>","protected":false},"excerpt":{"rendered":"<p>[vc_section full_width=&#8220;stretch_row&#8220; css=&#8220;.vc_custom_1513263082896{margin-bottom: 150px !important;}&#8220;][vc_row full_width=&#8220;stretch_row&#8220; content_placement=&#8220;top&#8220; parallax=&#8220;content-moving&#8220; pix_background_position=&#8220;right&#8220; extra_css_id=&#8220;extra-css-id-5a328ff6459a2&#8243; overlay=&#8220;rgba(0,0,0,0.3)&#8220; gradient=&#8220;rgba(0,0,0,0.01)&#8220; el_class=&#8220;background-right&#8220; css=&#8220;.vc_custom_1515584495360{background-image: url(https:\/\/iris-radiologie.ch\/wp-content\/uploads\/2017\/10\/6538_5561_benoit-bg.jpg?id=1092) !important;background-position: center;background-repeat: no-repeat !important;background-size: cover !important;}&#8220;][vc_column][vc_column_text css_animation=&#8220;fadeInUp&#8220; custom_css_uniq_id=&#8220;pix-custom-5a328fcf30221&#8243; resp_css=&#8220;.resp_vc_custom_1522336204863{margin-top: 20vh !important;margin-bottom: 10vh !important;}&#8220; css=&#8220;.vc_custom_1522336204859{margin-top: 50vh !important;margin-bottom: 10vh !important;}&#8220;] Dr. med. Beno\u00eet Morel Facharzt FMH Radiologie Facharzt FMH P\u00e4diatrische Radiologie Vormals Leitender Arzt im Universit\u00e4tsklinikum Lyon, Lyon, Frankreich [\/vc_column_text][\/vc_column][\/vc_row][\/vc_section][vc_section][vc_row extra_css_id=&#8220;extra-css-id-59e76d2c0e829&#8243;][vc_column][vc_column_text css_animation=&#8220;fadeInUp&#8220; [&hellip;]<\/p>\n","protected":false},"author":1,"featured_media":0,"parent":0,"menu_order":0,"comment_status":"closed","ping_status":"closed","template":"","meta":{"footnotes":""},"_links":{"self":[{"href":"https:\/\/iris-radiologie.ch\/de\/wp-json\/wp\/v2\/pages\/631"}],"collection":[{"href":"https:\/\/iris-radiologie.ch\/de\/wp-json\/wp\/v2\/pages"}],"about":[{"href":"https:\/\/iris-radiologie.ch\/de\/wp-json\/wp\/v2\/types\/page"}],"author":[{"embeddable":true,"href":"https:\/\/iris-radiologie.ch\/de\/wp-json\/wp\/v2\/users\/1"}],"replies":[{"embeddable":true,"href":"https:\/\/iris-radiologie.ch\/de\/wp-json\/wp\/v2\/comments?post=631"}],"version-history":[{"count":37,"href":"https:\/\/iris-radiologie.ch\/de\/wp-json\/wp\/v2\/pages\/631\/revisions"}],"predecessor-version":[{"id":1998,"href":"https:\/\/iris-radiologie.ch\/de\/wp-json\/wp\/v2\/pages\/631\/revisions\/1998"}],"wp:attachment":[{"href":"https:\/\/iris-radiologie.ch\/de\/wp-json\/wp\/v2\/media?parent=631"}],"curies":[{"name":"wp","href":"https:\/\/api.w.org\/{rel}","templated":true}]}}