{"id":636,"date":"2017-10-19T11:11:42","date_gmt":"2017-10-19T09:11:42","guid":{"rendered":"http:\/\/iris-swiss.ch\/?page_id=636"},"modified":"2018-03-29T17:09:19","modified_gmt":"2018-03-29T15:09:19","slug":"jacques-perrin","status":"publish","type":"page","link":"https:\/\/iris-radiologie.ch\/de\/jacques-perrin\/","title":{"rendered":"Jacques Perrin"},"content":{"rendered":"<p>[vc_section full_width=&#8220;stretch_row&#8220; css=&#8220;.vc_custom_1513263082896{margin-bottom: 150px !important;}&#8220;][vc_row full_width=&#8220;stretch_row&#8220; content_placement=&#8220;top&#8220; parallax=&#8220;content-moving&#8220; pix_background_position=&#8220;right&#8220; extra_css_id=&#8220;extra-css-id-5a328ff6459a2&#8243; overlay=&#8220;rgba(0,0,0,0.3)&#8220; gradient=&#8220;rgba(0,0,0,0.01)&#8220; el_class=&#8220;background-right&#8220; css=&#8220;.vc_custom_1515584539439{background-image: url(https:\/\/iris-radiologie.ch\/wp-content\/uploads\/2017\/12\/jackes_profile-1.jpg?id=1086) !important;background-position: center;background-repeat: no-repeat !important;background-size: cover !important;}&#8220;][vc_column][vc_column_text css_animation=&#8220;fadeInUp&#8220; custom_css_uniq_id=&#8220;pix-custom-5a328fcf30221&#8243; resp_css=&#8220;.resp_vc_custom_1522336154503{margin-top: 20vh !important;margin-bottom: 10vh !important;}&#8220; css=&#8220;.vc_custom_1522336154499{margin-top: 50vh !important;margin-bottom: 10vh !important;}&#8220;]<\/p>\n<h1 style=\"color: #fff;\">Jacques Perrin<\/h1>\n<h4 style=\"color: #fff; margin-top: -20px;\">Facharzt FMH Radiologie<br \/>\nVormals Chefarzt Radiologie Pourtal\u00e8s im Departement Medizinische Bildgebung des Neuenburger Kantonsspitals HNE, Neuenburg, Schweiz<\/h4>\n<p>[\/vc_column_text][\/vc_column][\/vc_row][\/vc_section][vc_section][vc_row extra_css_id=&#8220;extra-css-id-59e76d2c0e829&#8243;][vc_column][vc_column_text css_animation=&#8220;fadeInUp&#8220; custom_css_uniq_id=&#8220;pix-custom-59e76499566bf&#8220;]<\/p>\n<h4>Hochschulstudium<\/h4>\n<p>Humanmedizin Universit\u00e4tsspital Genf (Schweiz)<\/p>\n<hr \/>\n<h4>Ausbildung<\/h4>\n<p>Innere Medizin, St. Imier (Schweiz)<br \/>\nRadiologie, Universit\u00e4tsspital Z\u00fcrich (Schweiz)<br \/>\nRadiologie, Kantonsspital St-Gallen (Schweiz)<\/p>\n<hr \/>\n<h4>Weiterbildung \/ Schwerpunkte<\/h4>\n<p>Thoraxbildgebung<br \/>\nMuskuloskelettale Bildgebung<\/p>\n<hr \/>\n<h4>Publikationen<\/h4>\n<p><a href=\"http:\/\/www.pubmed.de\/data\/nlm.link.html\" target=\"_blank\" rel=\"noopener\">Zuletzt ver\u00f6ffentlichte Artikel<\/a><\/p>\n<hr \/>\n<h4>Mitgliedschaften<\/h4>\n<p>European Society of Radiology (ESR)<br \/>\nSoci\u00e9t\u00e9 Fran\u00e7aise de Radiologie (SFR)<br \/>\nSchweizerische Gesellschaft f\u00fcr Radiologie (SGR-SSR)<br \/>\nAmerican Roentgen Ray Society (ARRS)<br \/>\nRadiological Society of North America (RSNA)<\/p>\n<hr \/>\n<h4>Sprachen<\/h4>\n<p>Deutsch, Franz\u00f6sisch, Englisch<\/p>\n<hr \/>\n<p>[\/vc_column_text][vc_column_text custom_css_uniq_id=&#8220;pix-custom-59e7663bb0d0d&#8220; css=&#8220;.vc_custom_1513854247923{margin-top: 50px !important;margin-bottom: 50px !important;}&#8220;]<strong>Jacques Perrin<\/strong><br \/>\n<em>Facharzt FMH Radiologie<\/em><\/p>\n<p>IRIS &#8211; Neuch\u00e2tel<br \/>\nRue Pury 4-6<br \/>\nCH-2000 Neuch\u00e2tel<br \/>\nTel: +41 (0)32 723 96 96<br \/>\n<a href=\"mailto:jacques.perrin@iris-radiologie.ch\" target=\"_blank\" rel=\"noopener\">jacques.perrin@iris-radiologie.ch<\/a>[\/vc_column_text][\/vc_column][\/vc_row][\/vc_section]<\/p>\n<a href=\"https:\/\/maradiologie.groupe3r.ch\" target=\"_blank\"><div class=\"lasche lasche-de\">Untersuchungsergebnisse<\/div><\/a>","protected":false},"excerpt":{"rendered":"<p>[vc_section full_width=&#8220;stretch_row&#8220; css=&#8220;.vc_custom_1513263082896{margin-bottom: 150px !important;}&#8220;][vc_row full_width=&#8220;stretch_row&#8220; content_placement=&#8220;top&#8220; parallax=&#8220;content-moving&#8220; pix_background_position=&#8220;right&#8220; extra_css_id=&#8220;extra-css-id-5a328ff6459a2&#8243; overlay=&#8220;rgba(0,0,0,0.3)&#8220; gradient=&#8220;rgba(0,0,0,0.01)&#8220; el_class=&#8220;background-right&#8220; css=&#8220;.vc_custom_1515584539439{background-image: url(https:\/\/iris-radiologie.ch\/wp-content\/uploads\/2017\/12\/jackes_profile-1.jpg?id=1086) !important;background-position: center;background-repeat: no-repeat !important;background-size: cover !important;}&#8220;][vc_column][vc_column_text css_animation=&#8220;fadeInUp&#8220; custom_css_uniq_id=&#8220;pix-custom-5a328fcf30221&#8243; resp_css=&#8220;.resp_vc_custom_1522336154503{margin-top: 20vh !important;margin-bottom: 10vh !important;}&#8220; css=&#8220;.vc_custom_1522336154499{margin-top: 50vh !important;margin-bottom: 10vh !important;}&#8220;] Jacques Perrin Facharzt FMH Radiologie Vormals Chefarzt Radiologie Pourtal\u00e8s im Departement Medizinische Bildgebung des Neuenburger Kantonsspitals HNE, Neuenburg, Schweiz [\/vc_column_text][\/vc_column][\/vc_row][\/vc_section][vc_section][vc_row extra_css_id=&#8220;extra-css-id-59e76d2c0e829&#8243;][vc_column][vc_column_text css_animation=&#8220;fadeInUp&#8220; [&hellip;]<\/p>\n","protected":false},"author":1,"featured_media":0,"parent":0,"menu_order":0,"comment_status":"closed","ping_status":"closed","template":"","meta":{"footnotes":""},"_links":{"self":[{"href":"https:\/\/iris-radiologie.ch\/de\/wp-json\/wp\/v2\/pages\/636"}],"collection":[{"href":"https:\/\/iris-radiologie.ch\/de\/wp-json\/wp\/v2\/pages"}],"about":[{"href":"https:\/\/iris-radiologie.ch\/de\/wp-json\/wp\/v2\/types\/page"}],"author":[{"embeddable":true,"href":"https:\/\/iris-radiologie.ch\/de\/wp-json\/wp\/v2\/users\/1"}],"replies":[{"embeddable":true,"href":"https:\/\/iris-radiologie.ch\/de\/wp-json\/wp\/v2\/comments?post=636"}],"version-history":[{"count":13,"href":"https:\/\/iris-radiologie.ch\/de\/wp-json\/wp\/v2\/pages\/636\/revisions"}],"predecessor-version":[{"id":1994,"href":"https:\/\/iris-radiologie.ch\/de\/wp-json\/wp\/v2\/pages\/636\/revisions\/1994"}],"wp:attachment":[{"href":"https:\/\/iris-radiologie.ch\/de\/wp-json\/wp\/v2\/media?parent=636"}],"curies":[{"name":"wp","href":"https:\/\/api.w.org\/{rel}","templated":true}]}}