{"id":1555,"date":"2018-01-10T15:41:33","date_gmt":"2018-01-10T14:41:33","guid":{"rendered":"http:\/\/iris-swiss.ch\/providence\/"},"modified":"2025-07-11T13:34:08","modified_gmt":"2025-07-11T11:34:08","slug":"providence","status":"publish","type":"page","link":"https:\/\/iris-radiologie.ch\/en\/providence\/","title":{"rendered":"PROVIDENCE"},"content":{"rendered":"<p>[vc_row full_width=&#8221;stretch_row&#8221; pix_background_position=&#8221;center&#8221; extra_css_id=&#8221;extra-css-id-5e68c1aae85e9&#8243; overlay=&#8221;#066159&#8243; gradient=&#8221;rgba(29,171,158,0.8)&#8221; gradient_dir=&#8221;135&#8243; css=&#8221;.vc_custom_6870f1619a9d9{background-image: url(https:\/\/iris-radiologie.ch\/wp-content\/uploads\/2017\/06\/GetFileAttachment-2.jpg?id=959) !important;background-position: center !important;background-repeat: no-repeat !important;background-size: cover !important;}&#8221;][vc_column][vc_column_text css_animation=&#8221;none&#8221; custom_css_uniq_id=&#8221;pix-custom-css-6870f1619a22d&#8221; css=&#8221;.vc_custom_6870f1619aa11{margin-top: 50vh !important;margin-bottom: 10vh !important;}&#8221;]<\/p>\n<h1 style=\"color: #fff;\">About us<\/h1>\n<p>[\/vc_column_text][\/vc_column][\/vc_row][vc_section css=&#8221;.vc_custom_6870f1619aa49{margin-top: 150px !important;margin-bottom: 150px !important;}&#8221;][vc_row extra_css_id=&#8221;extra-css-id-5e68c1aae8628&#8243;][vc_column css_animation=&#8221;fadeIn&#8221; width=&#8221;1\/3&#8243; extra_css_id=&#8221;extra-css-id-5e68c1aae8662&#8243;][vc_separator color=&#8221;custom&#8221; align=&#8221;align_left&#8221; border_width=&#8221;2&#8243; el_width=&#8221;50&#8243; accent_color=&#8221;#1dab9e&#8221;][vc_custom_heading text=&#8221;The institute&#8221; font_container=&#8221;tag:h2|text_align:left|color:%231dab9e&#8221; use_theme_fonts=&#8221;yes&#8221; css_animation=&#8221;none&#8221;][\/vc_column][vc_column css_animation=&#8221;fadeIn&#8221; width=&#8221;1\/3&#8243; extra_css_id=&#8221;extra-css-id-5e68c1aae869e&#8221;][vc_column_text custom_css_uniq_id=&#8221;pix-custom-css-6870f1619a269&#8243;]<\/p>\n<p>Our team is able to call upon innovative technical devices and uses the latest procedures for diagnosis and therapy \u2013 allowing us to provide optimum treatment in a minimally invasive manner. In the \u201cOur services\u201d area you will find information about the individual procedures for diagnosis and therapy. Our qualified team is made up of experienced radiologists, radiographers and doctor\u2019s assistants, as well as additional employees in our call centre, reception and administration.<\/p>\n<p>[\/vc_column_text][\/vc_column][vc_column css_animation=&#8221;fadeIn&#8221; width=&#8221;1\/3&#8243; extra_css_id=&#8221;extra-css-id-5e68c1aae86d9&#8243;][vc_column_text custom_css_uniq_id=&#8221;pix-custom-css-6870f1619a2a3&#8243;]The close cooperation within our centre brings benefits for our patients:\u00a0exchange of information on prior examinations and any previous therapies, conference sessions, consultation between colleagues in the event of complex findings. Even though as radiologists we use highly innovative technology, the patient is always the focus of our attention. Since the institute was founded, the team has grown and developed ideas for further optimisation.[\/vc_column_text][\/vc_column][\/vc_row][vc_row extra_css_id=&#8221;extra-css-id-5e68c1aae8716&#8243; css=&#8221;.vc_custom_6870f1619aa81{margin-top: 50px !important;}&#8221;][vc_column width=&#8221;1\/3&#8243;][\/vc_column][vc_column width=&#8221;2\/3&#8243;][vc_column_text css_animation=&#8221;fadeIn&#8221; custom_css_uniq_id=&#8221;pix-custom-css-6870f1619a2dc&#8221;]With its medical imaging expertise, the IRIS Neuch\u00e2tel Institute has partnered with the Providence Hospital since 2013 to provide quality imaging services for patients from the hospital, as well as external patients, at the IRIS Providence Institute (formerly the Providence Radiology Institute). This establishment currently offers imaging services such as X-rays and US (ultrasound), but more services will soon be available. In keeping with the philosophy of the Providence Institute, our aim is to continue providing the medical excellence that has been driving our Hospital for over 150 years.[\/vc_column_text][\/vc_column][\/vc_row][\/vc_section][vc_section css=&#8221;.vc_custom_6870f1619aaba{margin-bottom: 150px !important;}&#8221;][vc_row full_width=&#8221;stretch_row&#8221; parallax=&#8221;content-moving&#8221; parallax_image=&#8221;952&#8243; pix_background_position=&#8221;center top&#8221; extra_css_id=&#8221;extra-css-id-5e68c1aae8756&#8243; overlay=&#8221;#066159&#8243; gradient=&#8221;rgba(29,171,158,0.8)&#8221; css=&#8221;.vc_custom_6870f1619aaf1{padding-top: 150px !important;padding-bottom: 150px !important;background-position: center;background-repeat: no-repeat;background-size:cover !important;}&#8221;][vc_column width=&#8221;1\/2&#8243;][vc_column_text css_animation=&#8221;fadeIn&#8221; custom_css_uniq_id=&#8221;pix-custom-css-6870f1619a316&#8243;]<\/p>\n<h1 style=\"font-size: 25px; color: white;\">\u00bbAnyone who shuns new remedies must tolerate old evils.\u00ab<\/h1>\n<p>[\/vc_column_text][vc_column_text css_animation=&#8221;fadeIn&#8221; custom_css_uniq_id=&#8221;pix-custom-css-6870f1619a34f&#8221;]<\/p>\n<p style=\"color: white;\">&#8211; SIR FRANCIS BACON<\/p>\n<p>[\/vc_column_text][\/vc_column][vc_column width=&#8221;1\/2&#8243;][\/vc_column][\/vc_row][\/vc_section][vc_section][vc_row extra_css_id=&#8221;extra-css-id-5e68c1aae8794&#8243; css=&#8221;.vc_custom_6870f1619ab28{margin-bottom: 50px !important;}&#8221;][vc_column width=&#8221;1\/4&#8243;][\/vc_column][vc_column width=&#8221;1\/2&#8243;][vc_custom_heading text=&#8221;Our physicians&#8221; font_container=&#8221;tag:h1|text_align:center|color:%231dab9e&#8221; use_theme_fonts=&#8221;yes&#8221; css_animation=&#8221;fadeIn&#8221;][\/vc_column][vc_column width=&#8221;1\/4&#8243;][\/vc_column][\/vc_row][vc_row extra_css_id=&#8221;extra-css-id-5e68c1aae87d0&#8243;][vc_column css_animation=&#8221;none&#8221; width=&#8221;1\/3&#8243; extra_css_id=&#8221;extra-css-id-5e68c1aae880a&#8221; css=&#8221;.vc_custom_6870f1619ab60{margin-bottom: 50px !important;}&#8221;]<div class=\"pix-image-box wpb_animate_when_almost_visible fadeIn with_zoom  vc_custom_6870f1619ab97 pix-custom-css-6870f1619a389\" style=\"-moz-border-radius: 0px; border-radius: 0px; \"><a href='\/en\/iheb-bougamra-md\/'  ><img loading=\"lazy\" decoding=\"async\" width=\"600\" height=\"750\" src=\"https:\/\/iris-radiologie.ch\/wp-content\/uploads\/2017\/06\/iheb-1-e1539157111269.jpg\" class=\"attachment-full size-full\" alt=\"\"  srcset=\"\" sizes=\"(max-width: 600px) 100vw, 600px\"><\/a><\/div><!-- .pix-image-box -->[vc_column_text css_animation=&#8221;fadeIn&#8221; custom_css_uniq_id=&#8221;pix-custom-css-6870f1619a3c2&#8243;]<\/p>\n<h3 style=\"text-align: center; margin-bottom: 5px;\">Iheb Bougamra, MD<\/h3>\n<p style=\"text-align: center;\"><em>Radiologist FMH<\/em><\/p>\n<p>[\/vc_column_text][\/vc_column][vc_column width=&#8221;1\/3&#8243; extra_css_id=&#8221;extra-css-id-5e68c1aae8848&#8243; css=&#8221;.vc_custom_6870f1619abcf{margin-bottom: 50px !important;}&#8221;]<div class=\"pix-image-box wpb_animate_when_almost_visible fadeIn with_zoom  vc_custom_6870f1619ac06 pix-custom-css-6870f1619a3fb\" style=\"-moz-border-radius: 0px; border-radius: 0px; \"><a href='\/en\/sofiane-derrouis-md\/'  ><img loading=\"lazy\" decoding=\"async\" width=\"600\" height=\"750\" src=\"https:\/\/iris-radiologie.ch\/wp-content\/uploads\/2017\/06\/sofiane-e1539157147167.jpg\" class=\"attachment-full size-full\" alt=\"\"  srcset=\"\" sizes=\"(max-width: 600px) 100vw, 600px\"><\/a><\/div><!-- .pix-image-box -->[vc_column_text css_animation=&#8221;fadeIn&#8221; custom_css_uniq_id=&#8221;pix-custom-css-6870f1619a433&#8243;]<\/p>\n<h3 style=\"text-align: center; margin-bottom: 5px;\">Sofiane Derrouis, MD<\/h3>\n<p style=\"text-align: center;\"><em>Radiologist FMH<\/em><\/p>\n<p>[\/vc_column_text][\/vc_column][vc_column width=&#8221;1\/3&#8243; extra_css_id=&#8221;extra-css-id-5e68c1aae8885&#8243; css=&#8221;.vc_custom_6870f1619ac3d{margin-bottom: 50px !important;}&#8221;]<div class=\"pix-image-box wpb_animate_when_almost_visible fadeIn with_zoom  vc_custom_6870f1619ac74 pix-custom-css-6870f1619a46b\" style=\"-moz-border-radius: 0px; border-radius: 0px; \"><a href='\/en\/benoit-morel-md\/'  ><img loading=\"lazy\" decoding=\"async\" width=\"600\" height=\"750\" src=\"https:\/\/iris-radiologie.ch\/wp-content\/uploads\/2017\/06\/benoit-1-e1539157203940.jpg\" class=\"attachment-full size-full\" alt=\"\"  srcset=\"\" sizes=\"(max-width: 600px) 100vw, 600px\"><\/a><\/div><!-- .pix-image-box -->[vc_column_text css_animation=&#8221;fadeIn&#8221; custom_css_uniq_id=&#8221;pix-custom-css-6870f1619a4a3&#8243;]<\/p>\n<h3 style=\"text-align: center; margin-bottom: 5px;\">Beno\u00eet Morel, MD<\/h3>\n<p style=\"text-align: center; margin-bottom: 0px;\"><em>Radiologist FMH<\/em><\/p>\n<p style=\"text-align: center;\"><em>Pediatric Radiologist FMH<\/em><\/p>\n<p>[\/vc_column_text][\/vc_column][\/vc_row][vc_row extra_css_id=&#8221;extra-css-id-5e68c1aae88c3&#8243;][vc_column width=&#8221;1\/3&#8243; extra_css_id=&#8221;extra-css-id-5e68c1aae88fd&#8221; css=&#8221;.vc_custom_6870f1619acac{margin-bottom: 50px !important;}&#8221;]<div class=\"pix-image-box wpb_animate_when_almost_visible fadeIn with_zoom  vc_custom_6870f1619ace4 pix-custom-css-6870f1619a4dc\" style=\"-moz-border-radius: 0px; border-radius: 0px; \"><a href='\/en\/mehmet-oe-oeksuez-md\/'  ><img loading=\"lazy\" decoding=\"async\" width=\"600\" height=\"750\" src=\"https:\/\/iris-radiologie.ch\/wp-content\/uploads\/2017\/06\/mehmet-1-e1539157169879.jpg\" class=\"attachment-full size-full\" alt=\"\"  srcset=\"\" sizes=\"(max-width: 600px) 100vw, 600px\"><\/a><\/div><!-- .pix-image-box -->[vc_column_text css_animation=&#8221;fadeIn&#8221; custom_css_uniq_id=&#8221;pix-custom-css-6870f1619a514&#8243;]<\/p>\n<h3 style=\"text-align: center; margin-bottom: 5px;\">Mehmet \u00d6. \u00d6ks\u00fcz, MD<\/h3>\n<p style=\"text-align: center; margin-bottom: 0px;\"><em>Radiologist FMH<\/em><\/p>\n<p style=\"text-align: center;\"><em>Nuclear Medicine Physician FMH<\/em><\/p>\n<p>[\/vc_column_text][\/vc_column][vc_column width=&#8221;1\/3&#8243; extra_css_id=&#8221;extra-css-id-5e68c1aae893b&#8221; css=&#8221;.vc_custom_6870f1619ad1c{margin-bottom: 50px !important;}&#8221;]<div class=\"pix-image-box wpb_animate_when_almost_visible fadeIn with_zoom  vc_custom_6870f1619ad53 pix-custom-css-6870f1619a54d\" style=\"-moz-border-radius: 0px; border-radius: 0px; \"><a href='\/en\/jacques-perrin-md\/'  ><img loading=\"lazy\" decoding=\"async\" width=\"600\" height=\"750\" src=\"https:\/\/iris-radiologie.ch\/wp-content\/uploads\/2017\/06\/jaques-e1539157185792.jpg\" class=\"attachment-full size-full\" alt=\"\"  srcset=\"\" sizes=\"(max-width: 600px) 100vw, 600px\"><\/a><\/div><!-- .pix-image-box -->[vc_column_text css_animation=&#8221;fadeIn&#8221; custom_css_uniq_id=&#8221;pix-custom-css-6870f1619a584&#8243;]<\/p>\n<h3 style=\"text-align: center; margin-bottom: 5px;\">Jacques Perrin, MD<\/h3>\n<p style=\"text-align: center;\"><em>Radiologist FMH<\/em><\/p>\n<p>[\/vc_column_text][\/vc_column][vc_column width=&#8221;1\/3&#8243; extra_css_id=&#8221;extra-css-id-5e68c1aae8979&#8243; css=&#8221;.vc_custom_6870f1619ad8a{margin-bottom: 50px !important;}&#8221;]<div class=\"pix-image-box wpb_animate_when_almost_visible fadeIn with_zoom  vc_custom_6870f1619adc2 pix-custom-css-6870f1619a5bd\" style=\"-moz-border-radius: 0px; border-radius: 0px; \"><a href='\/en\/marc-giraud-md\/'  ><img loading=\"lazy\" decoding=\"async\" width=\"600\" height=\"750\" src=\"https:\/\/iris-radiologie.ch\/wp-content\/uploads\/2018\/11\/marc_giraud.jpg\" class=\"attachment-full size-full\" alt=\"\" srcset=\"https:\/\/iris-radiologie.ch\/wp-content\/uploads\/2018\/11\/marc_giraud.jpg 600w, https:\/\/iris-radiologie.ch\/wp-content\/uploads\/2018\/11\/marc_giraud-240x300.jpg 240w, https:\/\/iris-radiologie.ch\/wp-content\/uploads\/2018\/11\/marc_giraud-100x125.jpg 100w, https:\/\/iris-radiologie.ch\/wp-content\/uploads\/2018\/11\/marc_giraud-560x700.jpg 560w\" sizes=\"(max-width: 600px) 100vw, 600px\" ><\/a><\/div><!-- .pix-image-box -->[vc_column_text css_animation=&#8221;fadeIn&#8221; custom_css_uniq_id=&#8221;pix-custom-css-6870f1619a5f5&#8243;]<\/p>\n<h3 style=\"text-align: center; margin-bottom: 5px;\">Marc Giraud, MD<\/h3>\n<p style=\"text-align: center; margin-bottom: 0px;\"><em>Radiologist and Cardiovascular Radiologist <\/em><\/p>\n<p>[\/vc_column_text][\/vc_column][\/vc_row][vc_row extra_css_id=&#8221;extra-css-id-5e68c1aae89b7&#8243; css=&#8221;.vc_custom_6870f1619adf9{margin-bottom: 100px !important;}&#8221;][vc_column width=&#8221;1\/3&#8243; extra_css_id=&#8221;extra-css-id-5e68c1aae89f1&#8243; css=&#8221;.vc_custom_6870f1619ae30{margin-bottom: 50px !important;}&#8221;]<div class=\"pix-image-box wpb_animate_when_almost_visible fadeIn with_zoom  vc_custom_6870f1619ae68 pix-custom-css-6870f1619a62e\" style=\"-moz-border-radius: 0px; border-radius: 0px; \"><a href='https:\/\/iris-radiologie.ch\/en\/catherine-waeber-md\/'  ><img loading=\"lazy\" decoding=\"async\" width=\"600\" height=\"750\" src=\"https:\/\/iris-radiologie.ch\/wp-content\/uploads\/2020\/03\/Catherine-Waeber.jpg\" class=\"attachment-full size-full\" alt=\"\" srcset=\"https:\/\/iris-radiologie.ch\/wp-content\/uploads\/2020\/03\/Catherine-Waeber.jpg 600w, https:\/\/iris-radiologie.ch\/wp-content\/uploads\/2020\/03\/Catherine-Waeber-240x300.jpg 240w, https:\/\/iris-radiologie.ch\/wp-content\/uploads\/2020\/03\/Catherine-Waeber-100x125.jpg 100w, https:\/\/iris-radiologie.ch\/wp-content\/uploads\/2020\/03\/Catherine-Waeber-560x700.jpg 560w\" sizes=\"(max-width: 600px) 100vw, 600px\" ><\/a><\/div><!-- .pix-image-box -->[vc_column_text css_animation=&#8221;fadeIn&#8221; custom_css_uniq_id=&#8221;pix-custom-css-6870f1619a666&#8243;]<\/p>\n<h3 style=\"text-align: center; margin-bottom: 5px;\">Catherine Waeber, MD<\/h3>\n<p style=\"text-align: center; margin-bottom: 0px;\"><em>Radiologist FMH<\/em><\/p>\n<p>[\/vc_column_text][\/vc_column][vc_column width=&#8221;1\/3&#8243; extra_css_id=&#8221;extra-css-id-5e68c1aae8a2f&#8221; css=&#8221;.vc_custom_6870f1619aecc{margin-bottom: 50px !important;}&#8221;]<div class=\"pix-image-box wpb_animate_when_almost_visible fadeIn with_zoom  vc_custom_6870f1619af06 pix-custom-css-6870f1619a69e\" style=\"-moz-border-radius: 0px; border-radius: 0px; \"><a href=''  ><img loading=\"lazy\" decoding=\"async\" width=\"1200\" height=\"1500\" src=\"https:\/\/iris-radiologie.ch\/wp-content\/uploads\/2017\/06\/placeholder.jpg\" class=\"attachment-full size-full\" alt=\"\" srcset=\"https:\/\/iris-radiologie.ch\/wp-content\/uploads\/2017\/06\/placeholder.jpg 1200w, https:\/\/iris-radiologie.ch\/wp-content\/uploads\/2017\/06\/placeholder-240x300.jpg 240w, https:\/\/iris-radiologie.ch\/wp-content\/uploads\/2017\/06\/placeholder-768x960.jpg 768w, https:\/\/iris-radiologie.ch\/wp-content\/uploads\/2017\/06\/placeholder-819x1024.jpg 819w, https:\/\/iris-radiologie.ch\/wp-content\/uploads\/2017\/06\/placeholder-100x125.jpg 100w, https:\/\/iris-radiologie.ch\/wp-content\/uploads\/2017\/06\/placeholder-750x938.jpg 750w, https:\/\/iris-radiologie.ch\/wp-content\/uploads\/2017\/06\/placeholder-560x700.jpg 560w, https:\/\/iris-radiologie.ch\/wp-content\/uploads\/2017\/06\/placeholder-600x750.jpg 600w\" sizes=\"(max-width: 1200px) 100vw, 1200px\" ><\/a><\/div><!-- .pix-image-box -->[vc_column_text css_animation=&#8221;fadeIn&#8221; custom_css_uniq_id=&#8221;pix-custom-css-6870f1619a6d6&#8243;]<\/p>\n<h3 style=\"text-align: center; margin-bottom: 5px;\">Mourad Amor, MD<\/h3>\n<p style=\"text-align: center; margin-bottom: 0px;\"><em>Radiologist FMH<\/em><\/p>\n<p>[\/vc_column_text][\/vc_column][vc_column width=&#8221;1\/3&#8243; extra_css_id=&#8221;extra-css-id-5e68c1aae8a69&#8243; css=&#8221;.vc_custom_6870f1619af3e{margin-bottom: 50px !important;}&#8221;]<div class=\"pix-image-box wpb_animate_when_almost_visible fadeIn with_zoom  vc_custom_6870f1619af76 pix-custom-css-6870f1619a70f\" style=\"-moz-border-radius: 0px; border-radius: 0px; \"><a href=''  ><img loading=\"lazy\" decoding=\"async\" width=\"1200\" height=\"1500\" src=\"https:\/\/iris-radiologie.ch\/wp-content\/uploads\/2017\/06\/placeholder.jpg\" class=\"attachment-full size-full\" alt=\"\" srcset=\"https:\/\/iris-radiologie.ch\/wp-content\/uploads\/2017\/06\/placeholder.jpg 1200w, https:\/\/iris-radiologie.ch\/wp-content\/uploads\/2017\/06\/placeholder-240x300.jpg 240w, https:\/\/iris-radiologie.ch\/wp-content\/uploads\/2017\/06\/placeholder-768x960.jpg 768w, https:\/\/iris-radiologie.ch\/wp-content\/uploads\/2017\/06\/placeholder-819x1024.jpg 819w, https:\/\/iris-radiologie.ch\/wp-content\/uploads\/2017\/06\/placeholder-100x125.jpg 100w, https:\/\/iris-radiologie.ch\/wp-content\/uploads\/2017\/06\/placeholder-750x938.jpg 750w, https:\/\/iris-radiologie.ch\/wp-content\/uploads\/2017\/06\/placeholder-560x700.jpg 560w, https:\/\/iris-radiologie.ch\/wp-content\/uploads\/2017\/06\/placeholder-600x750.jpg 600w\" sizes=\"(max-width: 1200px) 100vw, 1200px\" ><\/a><\/div><!-- .pix-image-box -->[vc_column_text css_animation=&#8221;fadeIn&#8221; custom_css_uniq_id=&#8221;pix-custom-css-6870f1619a746&#8243;]<\/p>\n<h3 style=\"text-align: center; margin-bottom: 5px;\">Patricia Nin Garaizabal, MD<\/h3>\n<p style=\"text-align: center; margin-bottom: 0px;\"><em>Radiologist FMH<\/em><\/p>\n<p>[\/vc_column_text][\/vc_column][\/vc_row][vc_row][vc_column][vc_separator][\/vc_column][\/vc_row][\/vc_section][vc_section][vc_row extra_css_id=&#8221;extra-css-id-5e68c1aae8aa4&#8243; css=&#8221;.vc_custom_6870f1619afae{margin-top: 125px !important;margin-bottom: 50px !important;}&#8221;][vc_column width=&#8221;1\/4&#8243;][\/vc_column][vc_column width=&#8221;1\/2&#8243;][vc_custom_heading text=&#8221;Our team&#8221; font_container=&#8221;tag:h1|text_align:center|color:%231dab9e&#8221; use_theme_fonts=&#8221;yes&#8221; css_animation=&#8221;fadeIn&#8221;][\/vc_column][vc_column width=&#8221;1\/4&#8243;][\/vc_column][\/vc_row][vc_row extra_css_id=&#8221;extra-css-id-5e68c1aae8adf&#8221; css=&#8221;.vc_custom_6870f1619aff5{margin-bottom: 100px !important;}&#8221;][vc_column width=&#8221;1\/3&#8243; extra_css_id=&#8221;extra-css-id-5e68c1aae8b1a&#8221; css=&#8221;.vc_custom_6870f1619b02c{margin-bottom: 50px !important;}&#8221;]<div class=\"pix-image-box wpb_animate_when_almost_visible fadeIn with_zoom  vc_custom_6870f1619b063 pix-custom-css-6870f1619a781\" style=\"-moz-border-radius: 0px; border-radius: 0px; \"><img loading=\"lazy\" decoding=\"async\" width=\"600\" height=\"750\" src=\"https:\/\/iris-radiologie.ch\/wp-content\/uploads\/2020\/03\/Deborah-Pais.jpg\" class=\"attachment-full size-full\" alt=\"\" srcset=\"https:\/\/iris-radiologie.ch\/wp-content\/uploads\/2020\/03\/Deborah-Pais.jpg 600w, https:\/\/iris-radiologie.ch\/wp-content\/uploads\/2020\/03\/Deborah-Pais-240x300.jpg 240w, https:\/\/iris-radiologie.ch\/wp-content\/uploads\/2020\/03\/Deborah-Pais-100x125.jpg 100w, https:\/\/iris-radiologie.ch\/wp-content\/uploads\/2020\/03\/Deborah-Pais-560x700.jpg 560w\" sizes=\"(max-width: 600px) 100vw, 600px\" ><\/div><!-- .pix-image-box -->[vc_column_text css_animation=&#8221;fadeIn&#8221; custom_css_uniq_id=&#8221;pix-custom-css-6870f1619a7ba&#8221;]<\/p>\n<h3 style=\"text-align: center; margin-bottom: 5px;\">Deborah Pais<\/h3>\n<p style=\"text-align: center;\"><em>Head secretary<\/em><\/p>\n<p>[\/vc_column_text][\/vc_column][vc_column width=&#8221;1\/3&#8243; extra_css_id=&#8221;extra-css-id-5e68c1aae8b57&#8243; css=&#8221;.vc_custom_6870f1619b09a{margin-bottom: 50px !important;}&#8221;]<div class=\"pix-image-box wpb_animate_when_almost_visible fadeIn with_zoom  vc_custom_1752233641553 pix-custom-css-6870f1619a7f3\" style=\"-moz-border-radius: 0px; border-radius: 0px; \"><img loading=\"lazy\" decoding=\"async\" width=\"1200\" height=\"1500\" src=\"https:\/\/iris-radiologie.ch\/wp-content\/uploads\/2017\/06\/placeholder.jpg\" class=\"attachment-full size-full\" alt=\"\" srcset=\"https:\/\/iris-radiologie.ch\/wp-content\/uploads\/2017\/06\/placeholder.jpg 1200w, https:\/\/iris-radiologie.ch\/wp-content\/uploads\/2017\/06\/placeholder-240x300.jpg 240w, https:\/\/iris-radiologie.ch\/wp-content\/uploads\/2017\/06\/placeholder-768x960.jpg 768w, https:\/\/iris-radiologie.ch\/wp-content\/uploads\/2017\/06\/placeholder-819x1024.jpg 819w, https:\/\/iris-radiologie.ch\/wp-content\/uploads\/2017\/06\/placeholder-100x125.jpg 100w, https:\/\/iris-radiologie.ch\/wp-content\/uploads\/2017\/06\/placeholder-750x938.jpg 750w, https:\/\/iris-radiologie.ch\/wp-content\/uploads\/2017\/06\/placeholder-560x700.jpg 560w, https:\/\/iris-radiologie.ch\/wp-content\/uploads\/2017\/06\/placeholder-600x750.jpg 600w\" sizes=\"(max-width: 1200px) 100vw, 1200px\" ><\/div><!-- .pix-image-box -->[vc_column_text css_animation=&#8221;fadeIn&#8221; custom_css_uniq_id=&#8221;pix-custom-css-6870f1619a82b&#8221;]<\/p>\n<h3 style=\"text-align: center; margin-bottom: 5px;\">R\u00e9mi Louis<\/h3>\n<p style=\"text-align: center;\"><em>Chief radiographer<\/em><\/p>\n<p>[\/vc_column_text][\/vc_column][vc_column width=&#8221;1\/3&#8243; extra_css_id=&#8221;extra-css-id-5e68c1aae8b95&#8243; css=&#8221;.vc_custom_6870f1619b109{margin-bottom: 50px !important;}&#8221;]<div class=\"pix-image-box wpb_animate_when_almost_visible fadeIn with_zoom  vc_custom_6870f1619b140 pix-custom-css-6870f1619a864\" style=\"-moz-border-radius: 0px; border-radius: 0px; \"><img loading=\"lazy\" decoding=\"async\" width=\"600\" height=\"750\" src=\"https:\/\/iris-radiologie.ch\/wp-content\/uploads\/2017\/06\/virginie-e1539157120179.jpg\" class=\"attachment-full size-full\" alt=\"\"  srcset=\"\" sizes=\"(max-width: 600px) 100vw, 600px\"><\/div><!-- .pix-image-box -->[vc_column_text css_animation=&#8221;fadeIn&#8221; custom_css_uniq_id=&#8221;pix-custom-css-6870f1619a89d&#8221;]<\/p>\n<h3 style=\"text-align: center; margin-bottom: 5px;\">Virginie Grossen<\/h3>\n<p style=\"text-align: center;\"><em>Head of accounting and billing<\/em><\/p>\n<p>[\/vc_column_text][\/vc_column][\/vc_row][\/vc_section]<\/p>\n<a href=\"https:\/\/maradiologie.groupe3r.ch\" target=\"_blank\"><div class=\"lasche lasche-en\">Test results<\/div><\/a>","protected":false},"excerpt":{"rendered":"<p>[vc_row full_width=&#8221;stretch_row&#8221; pix_background_position=&#8221;center&#8221; extra_css_id=&#8221;extra-css-id-5e68c1aae85e9&#8243; overlay=&#8221;#066159&#8243; gradient=&#8221;rgba(29,171,158,0.8)&#8221; gradient_dir=&#8221;135&#8243; css=&#8221;.vc_custom_6870f1619a9d9{background-image: url(https:\/\/iris-radiologie.ch\/wp-content\/uploads\/2017\/06\/GetFileAttachment-2.jpg?id=959) !important;background-position: center !important;background-repeat: no-repeat !important;background-size: cover !important;}&#8221;][vc_column][vc_column_text css_animation=&#8221;none&#8221; custom_css_uniq_id=&#8221;pix-custom-css-6870f1619a22d&#8221; css=&#8221;.vc_custom_6870f1619aa11{margin-top: 50vh !important;margin-bottom: 10vh !important;}&#8221;] About us [\/vc_column_text][\/vc_column][\/vc_row][vc_section css=&#8221;.vc_custom_6870f1619aa49{margin-top: 150px !important;margin-bottom: 150px !important;}&#8221;][vc_row extra_css_id=&#8221;extra-css-id-5e68c1aae8628&#8243;][vc_column css_animation=&#8221;fadeIn&#8221; width=&#8221;1\/3&#8243; extra_css_id=&#8221;extra-css-id-5e68c1aae8662&#8243;][vc_separator color=&#8221;custom&#8221; align=&#8221;align_left&#8221; border_width=&#8221;2&#8243; el_width=&#8221;50&#8243; accent_color=&#8221;#1dab9e&#8221;][vc_custom_heading text=&#8221;The institute&#8221; font_container=&#8221;tag:h2|text_align:left|color:%231dab9e&#8221; use_theme_fonts=&#8221;yes&#8221; css_animation=&#8221;none&#8221;][\/vc_column][vc_column css_animation=&#8221;fadeIn&#8221; width=&#8221;1\/3&#8243; extra_css_id=&#8221;extra-css-id-5e68c1aae869e&#8221;][vc_column_text custom_css_uniq_id=&#8221;pix-custom-css-6870f1619a269&#8243;] Our team is able to call [&hellip;]<\/p>\n","protected":false},"author":1,"featured_media":0,"parent":0,"menu_order":0,"comment_status":"closed","ping_status":"closed","template":"","meta":{"footnotes":""},"_links":{"self":[{"href":"https:\/\/iris-radiologie.ch\/en\/wp-json\/wp\/v2\/pages\/1555"}],"collection":[{"href":"https:\/\/iris-radiologie.ch\/en\/wp-json\/wp\/v2\/pages"}],"about":[{"href":"https:\/\/iris-radiologie.ch\/en\/wp-json\/wp\/v2\/types\/page"}],"author":[{"embeddable":true,"href":"https:\/\/iris-radiologie.ch\/en\/wp-json\/wp\/v2\/users\/1"}],"replies":[{"embeddable":true,"href":"https:\/\/iris-radiologie.ch\/en\/wp-json\/wp\/v2\/comments?post=1555"}],"version-history":[{"count":46,"href":"https:\/\/iris-radiologie.ch\/en\/wp-json\/wp\/v2\/pages\/1555\/revisions"}],"predecessor-version":[{"id":2860,"href":"https:\/\/iris-radiologie.ch\/en\/wp-json\/wp\/v2\/pages\/1555\/revisions\/2860"}],"wp:attachment":[{"href":"https:\/\/iris-radiologie.ch\/en\/wp-json\/wp\/v2\/media?parent=1555"}],"curies":[{"name":"wp","href":"https:\/\/api.w.org\/{rel}","templated":true}]}}