{"id":2553,"date":"2022-02-01T12:24:47","date_gmt":"2022-02-01T11:24:47","guid":{"rendered":"https:\/\/iris-radiologie.ch\/cadolles\/"},"modified":"2025-07-11T13:31:34","modified_gmt":"2025-07-11T11:31:34","slug":"cadolles","status":"publish","type":"page","link":"https:\/\/iris-radiologie.ch\/en\/cadolles\/","title":{"rendered":"CADOLLES"},"content":{"rendered":"<p>[vc_row full_width=&#8221;stretch_row&#8221; pix_background_position=&#8221;center&#8221; extra_css_id=&#8221;extra-css-id-5e68c26516f23&#8243; overlay=&#8221;#dc030e&#8221; gradient=&#8221;rgba(220,3,14,0.7)&#8221; gradient_dir=&#8221;135&#8243; css=&#8221;.vc_custom_1633437365541{background-image: url(https:\/\/iris-radiologie.ch\/wp-content\/uploads\/2017\/11\/2-e1546946053461.jpg?id=921) !important;background-position: center !important;background-repeat: no-repeat !important;background-size: cover !important;}&#8221;][vc_column][vc_column_text css_animation=&#8221;none&#8221; custom_css_uniq_id=&#8221;pix-custom-css-63f73a9364e63&#8243; css=&#8221;.vc_custom_5e68c26517588{margin-top: 50vh !important;margin-bottom: 10vh !important;}&#8221;]<\/p>\n<h1 style=\"color: #fff;\">About us<\/h1>\n<p>[\/vc_column_text][\/vc_column][\/vc_row][vc_section css=&#8221;.vc_custom_5e68c265175bf{margin-top: 150px !important;margin-bottom: 150px !important;}&#8221;][vc_row extra_css_id=&#8221;extra-css-id-5e68c26516f5e&#8221;][vc_column css_animation=&#8221;fadeIn&#8221; width=&#8221;1\/3&#8243; extra_css_id=&#8221;extra-css-id-5e68c26516f95&#8243;][vc_separator color=&#8221;custom&#8221; align=&#8221;align_left&#8221; border_width=&#8221;2&#8243; el_width=&#8221;50&#8243; accent_color=&#8221;#dc0e15&#8243;][vc_custom_heading text=&#8221;The institute&#8221; font_container=&#8221;tag:h2|text_align:left|color:%23dc0e15&#8243; use_theme_fonts=&#8221;yes&#8221; css_animation=&#8221;none&#8221;][\/vc_column][vc_column css_animation=&#8221;fadeIn&#8221; width=&#8221;1\/3&#8243; extra_css_id=&#8221;extra-css-id-5e68c26516fb5&#8243;][vc_column_text custom_css_uniq_id=&#8221;pix-custom-css-63f73a9364ea1&#8243;]<\/p>\n<p>Our team is able to call upon innovative technical devices and uses the latest procedures for diagnosis and therapy \u2013 allowing us to provide optimum treatment in a minimally invasive manner. In the \u201cOur services\u201d area you will find information about the individual procedures for diagnosis and therapy. Our qualified team is made up of experienced radiologists, radiographers and doctor\u2019s assistants, as well as additional employees in our call centre, reception and administration.<\/p>\n<p>[\/vc_column_text][\/vc_column][vc_column css_animation=&#8221;fadeIn&#8221; width=&#8221;1\/3&#8243; extra_css_id=&#8221;extra-css-id-5e68c26516fee&#8221;][vc_column_text custom_css_uniq_id=&#8221;pix-custom-css-63f73a9364eda&#8221;]The close cooperation within our centre brings benefits for our patients: exchange of information on prior examinations and any previous therapies, conference sessions, consultation between colleagues in the event of complex findings. Even though as radiologists we use highly innovative technology, the patient is always the focus of our attention. Since the institute was founded, the team has grown and developed ideas for further optimisation.[\/vc_column_text][\/vc_column][\/vc_row][vc_row extra_css_id=&#8221;extra-css-id-5e68c26517029&#8243; css=&#8221;.vc_custom_5e68c265175f7{margin-top: 50px !important;}&#8221;][vc_column width=&#8221;1\/3&#8243;][\/vc_column][vc_column width=&#8221;2\/3&#8243;][vc_column_text css_animation=&#8221;fadeIn&#8221; custom_css_uniq_id=&#8221;pix-custom-css-63f73a9364f13&#8243;]IRIS Radiologie Cadolles is the latest branch of our institute resulting from a collaboration with the Center M\u00e9dical des Cadolles and has been operational since February 2022.<br \/>\nThe exceptional expertise of IRIS Radiology doctors in the field of imaging formed the basis of the partnership with this new Medical Center on the heights of Neuch\u00e2tel to offer patients high quality imaging services. The proposed imaging modalities are radiography and ultrasound (US).<br \/>\nIf necessary, more advanced imaging examinations such as MRI or CT (scanner), or interventional procedures such as punctures, biopsies or infiltrations, can be scheduled and performed at short notice at our IRIS Radiology sites. Neuch\u00e2tel or IRIS Radiology Trois-Lacs (MRI).<br \/>\nThe Cadolles Medical Center opened in February 2022 in a large building which already houses shops and a pharmacy with 7\/7 service and walk-in consultations. In addition to imaging, which is a central and integral part of it, the site includes a dozen medical offices, a laboratory, a physiotherapist, an occupational therapist and a dental office.[\/vc_column_text][\/vc_column][\/vc_row][\/vc_section][vc_section css=&#8221;.vc_custom_5e68c2651762f{margin-bottom: 150px !important;}&#8221;][vc_row full_width=&#8221;stretch_row&#8221; parallax=&#8221;content-moving&#8221; parallax_image=&#8221;950&#8243; pix_background_position=&#8221;center top&#8221; extra_css_id=&#8221;extra-css-id-5e68c26517067&#8243; overlay=&#8221;#dc030e&#8221; gradient=&#8221;rgba(220,3,14,0.7)&#8221; css=&#8221;.vc_custom_1633437588540{padding-top: 150px !important;padding-bottom: 150px !important;background-position: center;background-repeat: no-repeat;background-size:cover !important;}&#8221;][vc_column width=&#8221;1\/2&#8243;][vc_column_text css_animation=&#8221;fadeIn&#8221; custom_css_uniq_id=&#8221;pix-custom-css-63f73a9364f59&#8243;]<\/p>\n<h1 style=\"font-size: 25px; color: white;\">\u00ab Recognizing his illness is the first way to healing. \u00bb<\/h1>\n<p>[\/vc_column_text][vc_column_text css_animation=&#8221;fadeIn&#8221; custom_css_uniq_id=&#8221;pix-custom-css-63f73a9364f92&#8243;]<\/p>\n<p style=\"color: white;\">&#8211; LUCIUS ANNAEUS SENECA<\/p>\n<p>[\/vc_column_text][\/vc_column][vc_column width=&#8221;1\/2&#8243;][\/vc_column][\/vc_row][\/vc_section][vc_section][vc_row extra_css_id=&#8221;extra-css-id-5e68c265170a2&#8243; css=&#8221;.vc_custom_5e68c2651769d{margin-bottom: 50px !important;}&#8221;][vc_column width=&#8221;1\/4&#8243;][\/vc_column][vc_column width=&#8221;1\/2&#8243;][vc_custom_heading text=&#8221;Our physicians&#8221; font_container=&#8221;tag:h1|text_align:center|color:%23dc0e15&#8243; use_theme_fonts=&#8221;yes&#8221; css_animation=&#8221;fadeIn&#8221;][\/vc_column][vc_column width=&#8221;1\/4&#8243;][\/vc_column][\/vc_row][vc_row extra_css_id=&#8221;extra-css-id-5e68c265170eb&#8221;][vc_column css_animation=&#8221;none&#8221; width=&#8221;1\/3&#8243; extra_css_id=&#8221;extra-css-id-5e68c2651712c&#8221; css=&#8221;.vc_custom_5e68c265176d4{margin-bottom: 50px !important;}&#8221;]<div class=\"pix-image-box wpb_animate_when_almost_visible fadeIn with_zoom  vc_custom_5e68c2651770b pix-custom-css-63f73a9364fcd\" style=\"-moz-border-radius: 0px; border-radius: 0px; \"><a href='\/dr-iheb-bougamra\/'  ><img loading=\"lazy\" decoding=\"async\" width=\"600\" height=\"750\" src=\"https:\/\/iris-radiologie.ch\/wp-content\/uploads\/2017\/06\/iheb-1-e1539157111269.jpg\" class=\"attachment-full size-full\" alt=\"\"  srcset=\"\" sizes=\"(max-width: 600px) 100vw, 600px\"><\/a><\/div><!-- .pix-image-box -->[vc_column_text css_animation=&#8221;fadeIn&#8221; custom_css_uniq_id=&#8221;pix-custom-css-63f73a936500e&#8221;]<\/p>\n<h3 style=\"text-align: center; margin-bottom: 5px;\">Dr Iheb Bougamra<\/h3>\n<p style=\"text-align: center;\"><em>Radiologist FMH<\/em><\/p>\n<p>[\/vc_column_text][\/vc_column][vc_column width=&#8221;1\/3&#8243; extra_css_id=&#8221;extra-css-id-5e68c26517166&#8243; css=&#8221;.vc_custom_5e68c26517741{margin-bottom: 50px !important;}&#8221;]<div class=\"pix-image-box wpb_animate_when_almost_visible fadeIn with_zoom  vc_custom_5e68c26517778 pix-custom-css-63f73a9365047\" style=\"-moz-border-radius: 0px; border-radius: 0px; \"><a href='\/dr-sofiane-derrouis\/'  ><img loading=\"lazy\" decoding=\"async\" width=\"600\" height=\"750\" src=\"https:\/\/iris-radiologie.ch\/wp-content\/uploads\/2017\/06\/sofiane-e1539157147167.jpg\" class=\"attachment-full size-full\" alt=\"\"  srcset=\"\" sizes=\"(max-width: 600px) 100vw, 600px\"><\/a><\/div><!-- .pix-image-box -->[vc_column_text css_animation=&#8221;fadeIn&#8221; custom_css_uniq_id=&#8221;pix-custom-css-63f73a936507f&#8221;]<\/p>\n<h3 style=\"text-align: center; margin-bottom: 5px;\">Dr Sofiane Derrouis<\/h3>\n<p style=\"text-align: center;\"><em>Radiologist FMH<\/em><\/p>\n<p>[\/vc_column_text][\/vc_column][vc_column width=&#8221;1\/3&#8243; extra_css_id=&#8221;extra-css-id-5e68c265171a0&#8243; css=&#8221;.vc_custom_5e68c265177af{margin-bottom: 50px !important;}&#8221;]<div class=\"pix-image-box wpb_animate_when_almost_visible fadeIn with_zoom  vc_custom_5e68c265177e6 pix-custom-css-63f73a93650b8\" style=\"-moz-border-radius: 0px; border-radius: 0px; \"><a href='\/dr-benoit-morel\/'  ><img loading=\"lazy\" decoding=\"async\" width=\"600\" height=\"750\" src=\"https:\/\/iris-radiologie.ch\/wp-content\/uploads\/2017\/06\/benoit-1-e1539157203940.jpg\" class=\"attachment-full size-full\" alt=\"\"  srcset=\"\" sizes=\"(max-width: 600px) 100vw, 600px\"><\/a><\/div><!-- .pix-image-box -->[vc_column_text css_animation=&#8221;fadeIn&#8221; custom_css_uniq_id=&#8221;pix-custom-css-63f73a93650fb&#8221;]<\/p>\n<h3 style=\"text-align: center; margin-bottom: 5px;\">Dr Beno\u00eet Morel<\/h3>\n<p style=\"text-align: center; margin-bottom: 0px;\"><em>Radiologist FMH<\/em><\/p>\n<p style=\"text-align: center;\"><em>Pediatric Radiologist FMH<\/em><\/p>\n<p>[\/vc_column_text][\/vc_column][\/vc_row][vc_row extra_css_id=&#8221;extra-css-id-5e68c265171da&#8221;][vc_column width=&#8221;1\/3&#8243; extra_css_id=&#8221;extra-css-id-5e68c26517211&#8243; css=&#8221;.vc_custom_5e68c2651781d{margin-bottom: 50px !important;}&#8221;]<div class=\"pix-image-box wpb_animate_when_almost_visible fadeIn with_zoom  vc_custom_5e68c26517859 pix-custom-css-63f73a9365134\" style=\"-moz-border-radius: 0px; border-radius: 0px; \"><a href='\/dr-mehmet-oe-oeksuez\/'  ><img loading=\"lazy\" decoding=\"async\" width=\"600\" height=\"750\" src=\"https:\/\/iris-radiologie.ch\/wp-content\/uploads\/2017\/06\/mehmet-1-e1539157169879.jpg\" class=\"attachment-full size-full\" alt=\"\"  srcset=\"\" sizes=\"(max-width: 600px) 100vw, 600px\"><\/a><\/div><!-- .pix-image-box -->[vc_column_text css_animation=&#8221;fadeIn&#8221; custom_css_uniq_id=&#8221;pix-custom-css-63f73a936516c&#8221;]<\/p>\n<h3 style=\"text-align: center; margin-bottom: 5px;\">Dr Mehmet \u00d6. \u00d6ks\u00fcz<\/h3>\n<p style=\"text-align: center; margin-bottom: 0px;\"><em>Radiologist FMH<\/em><\/p>\n<p style=\"text-align: center;\"><em>Nuclear Medicine Physician FMH<\/em><\/p>\n<p>[\/vc_column_text][\/vc_column][vc_column width=&#8221;1\/3&#8243; extra_css_id=&#8221;extra-css-id-5e68c26517251&#8243; css=&#8221;.vc_custom_5e68c26517890{margin-bottom: 50px !important;}&#8221;]<div class=\"pix-image-box wpb_animate_when_almost_visible fadeIn with_zoom  vc_custom_5e68c265178d7 pix-custom-css-63f73a93651a6\" style=\"-moz-border-radius: 0px; border-radius: 0px; \"><a href='\/jacques-perrin\/'  ><img loading=\"lazy\" decoding=\"async\" width=\"600\" height=\"750\" src=\"https:\/\/iris-radiologie.ch\/wp-content\/uploads\/2017\/06\/jaques-e1539157185792.jpg\" class=\"attachment-full size-full\" alt=\"\"  srcset=\"\" sizes=\"(max-width: 600px) 100vw, 600px\"><\/a><\/div><!-- .pix-image-box -->[vc_column_text css_animation=&#8221;fadeIn&#8221; custom_css_uniq_id=&#8221;pix-custom-css-63f73a93651de&#8221;]<\/p>\n<h3 style=\"text-align: center; margin-bottom: 5px;\">Jacques Perrin<\/h3>\n<p style=\"text-align: center;\"><em>Radiologist FMH<\/em><\/p>\n<p>[\/vc_column_text][\/vc_column][vc_column width=&#8221;1\/3&#8243; extra_css_id=&#8221;extra-css-id-5e68c2651728a&#8221; css=&#8221;.vc_custom_5e68c2651790f{margin-bottom: 50px !important;}&#8221;]<div class=\"pix-image-box wpb_animate_when_almost_visible fadeIn with_zoom  vc_custom_5e68c26517946 pix-custom-css-63f73a936521f\" style=\"-moz-border-radius: 0px; border-radius: 0px; \"><a href='\/dr-marc-giraud\/'  ><img loading=\"lazy\" decoding=\"async\" width=\"600\" height=\"750\" src=\"https:\/\/iris-radiologie.ch\/wp-content\/uploads\/2018\/11\/marc_giraud.jpg\" class=\"attachment-full size-full\" alt=\"\" srcset=\"https:\/\/iris-radiologie.ch\/wp-content\/uploads\/2018\/11\/marc_giraud.jpg 600w, https:\/\/iris-radiologie.ch\/wp-content\/uploads\/2018\/11\/marc_giraud-240x300.jpg 240w, https:\/\/iris-radiologie.ch\/wp-content\/uploads\/2018\/11\/marc_giraud-100x125.jpg 100w, https:\/\/iris-radiologie.ch\/wp-content\/uploads\/2018\/11\/marc_giraud-560x700.jpg 560w\" sizes=\"(max-width: 600px) 100vw, 600px\" ><\/a><\/div><!-- .pix-image-box -->[vc_column_text css_animation=&#8221;fadeIn&#8221; custom_css_uniq_id=&#8221;pix-custom-css-63f73a9365257&#8243;]<\/p>\n<h3 style=\"text-align: center; margin-bottom: 5px;\">Dr Marc Giraud<\/h3>\n<p style=\"text-align: center; margin-bottom: 0px;\"><em>Radiologist FMH<\/em><\/p>\n<p style=\"text-align: center; margin-bottom: 0px;\"><em>Cardiovascular Radiologist<\/em><\/p>\n<p>[\/vc_column_text][\/vc_column][\/vc_row][vc_row extra_css_id=&#8221;extra-css-id-5e68c265172c4&#8243; css=&#8221;.vc_custom_5e68c2651797d{margin-bottom: 100px !important;}&#8221;][vc_column width=&#8221;1\/3&#8243; extra_css_id=&#8221;extra-css-id-5e68c2651730a&#8221; css=&#8221;.vc_custom_5e68c265179b4{margin-bottom: 50px !important;}&#8221;]<div class=\"pix-image-box wpb_animate_when_almost_visible fadeIn with_zoom  vc_custom_1583923836572 pix-custom-css-63f73a9365291\" style=\"-moz-border-radius: 0px; border-radius: 0px; \"><a href='https:\/\/iris-radiologie.ch\/dr-catherine-waeber\/'  ><img loading=\"lazy\" decoding=\"async\" width=\"600\" height=\"750\" src=\"https:\/\/iris-radiologie.ch\/wp-content\/uploads\/2020\/03\/Catherine-Waeber.jpg\" class=\"attachment-full size-full\" alt=\"\" srcset=\"https:\/\/iris-radiologie.ch\/wp-content\/uploads\/2020\/03\/Catherine-Waeber.jpg 600w, https:\/\/iris-radiologie.ch\/wp-content\/uploads\/2020\/03\/Catherine-Waeber-240x300.jpg 240w, https:\/\/iris-radiologie.ch\/wp-content\/uploads\/2020\/03\/Catherine-Waeber-100x125.jpg 100w, https:\/\/iris-radiologie.ch\/wp-content\/uploads\/2020\/03\/Catherine-Waeber-560x700.jpg 560w\" sizes=\"(max-width: 600px) 100vw, 600px\" ><\/a><\/div><!-- .pix-image-box -->[vc_column_text css_animation=&#8221;fadeIn&#8221; custom_css_uniq_id=&#8221;pix-custom-css-63f73a93652c9&#8243;]<\/p>\n<h3 style=\"text-align: center; margin-bottom: 5px;\">Dr Catherine Waeber<\/h3>\n<p style=\"text-align: center; margin-bottom: 0px;\"><em>Radiologist FMH<\/em><\/p>\n<p>[\/vc_column_text][\/vc_column][vc_column width=&#8221;1\/3&#8243; extra_css_id=&#8221;extra-css-id-5e68c26517343&#8243; css=&#8221;.vc_custom_5e68c26517a22{margin-bottom: 50px !important;}&#8221;]<div class=\"pix-image-box wpb_animate_when_almost_visible fadeIn with_zoom  vc_custom_1752233191784 pix-custom-css-63f73a936530a\" style=\"-moz-border-radius: 0px; border-radius: 0px; \"><a href='https:\/\/iris-radiologie.ch\/en\/lysiane-rohrer-md\/'  ><img loading=\"lazy\" decoding=\"async\" width=\"1200\" height=\"1500\" src=\"https:\/\/iris-radiologie.ch\/wp-content\/uploads\/2017\/06\/placeholder.jpg\" class=\"attachment-full size-full\" alt=\"\" srcset=\"https:\/\/iris-radiologie.ch\/wp-content\/uploads\/2017\/06\/placeholder.jpg 1200w, https:\/\/iris-radiologie.ch\/wp-content\/uploads\/2017\/06\/placeholder-240x300.jpg 240w, https:\/\/iris-radiologie.ch\/wp-content\/uploads\/2017\/06\/placeholder-768x960.jpg 768w, https:\/\/iris-radiologie.ch\/wp-content\/uploads\/2017\/06\/placeholder-819x1024.jpg 819w, https:\/\/iris-radiologie.ch\/wp-content\/uploads\/2017\/06\/placeholder-100x125.jpg 100w, https:\/\/iris-radiologie.ch\/wp-content\/uploads\/2017\/06\/placeholder-750x938.jpg 750w, https:\/\/iris-radiologie.ch\/wp-content\/uploads\/2017\/06\/placeholder-560x700.jpg 560w, https:\/\/iris-radiologie.ch\/wp-content\/uploads\/2017\/06\/placeholder-600x750.jpg 600w\" sizes=\"(max-width: 1200px) 100vw, 1200px\" ><\/a><\/div><!-- .pix-image-box -->[vc_column_text css_animation=&#8221;fadeIn&#8221; custom_css_uniq_id=&#8221;pix-custom-css-63f73a9365342&#8243;]<\/p>\n<h3 style=\"text-align: center; margin-bottom: 5px;\">Dr Patricia Nin Garaizabal<\/h3>\n<p style=\"text-align: center; margin-bottom: 0px;\"><em>Radiologist FMH<\/em><\/p>\n<p>[\/vc_column_text][\/vc_column][\/vc_row][vc_row][vc_column][vc_separator][\/vc_column][\/vc_row][\/vc_section][vc_section disable_element=&#8221;yes&#8221;][vc_row extra_css_id=&#8221;extra-css-id-5e68c265173c5&#8243; css=&#8221;.vc_custom_5e68c26517a90{margin-top: 125px !important;margin-bottom: 50px !important;}&#8221;][vc_column width=&#8221;1\/4&#8243;][\/vc_column][vc_column width=&#8221;1\/2&#8243;][vc_custom_heading text=&#8221;Our Team&#8221; font_container=&#8221;tag:h1|text_align:center|color:%231dab9e&#8221; use_theme_fonts=&#8221;yes&#8221; css_animation=&#8221;fadeIn&#8221;][\/vc_column][vc_column width=&#8221;1\/4&#8243;][\/vc_column][\/vc_row][vc_row extra_css_id=&#8221;extra-css-id-5e68c265173fd&#8221; css=&#8221;.vc_custom_5e68c26517ac7{margin-bottom: 100px !important;}&#8221;][vc_column width=&#8221;1\/3&#8243; extra_css_id=&#8221;extra-css-id-5e68c26517435&#8243; css=&#8221;.vc_custom_5e68c26517afe{margin-bottom: 50px !important;}&#8221;]<div class=\"pix-image-box wpb_animate_when_almost_visible fadeIn with_zoom  vc_custom_5e68c26517b35 pix-custom-css-63f73a93653ed\" style=\"-moz-border-radius: 0px; border-radius: 0px; \"><img loading=\"lazy\" decoding=\"async\" width=\"600\" height=\"750\" src=\"https:\/\/iris-radiologie.ch\/wp-content\/uploads\/2020\/03\/Deborah-Pais.jpg\" class=\"attachment-full size-full\" alt=\"\" srcset=\"https:\/\/iris-radiologie.ch\/wp-content\/uploads\/2020\/03\/Deborah-Pais.jpg 600w, https:\/\/iris-radiologie.ch\/wp-content\/uploads\/2020\/03\/Deborah-Pais-240x300.jpg 240w, https:\/\/iris-radiologie.ch\/wp-content\/uploads\/2020\/03\/Deborah-Pais-100x125.jpg 100w, https:\/\/iris-radiologie.ch\/wp-content\/uploads\/2020\/03\/Deborah-Pais-560x700.jpg 560w\" sizes=\"(max-width: 600px) 100vw, 600px\" ><\/div><!-- .pix-image-box -->[vc_column_text css_animation=&#8221;fadeIn&#8221; custom_css_uniq_id=&#8221;pix-custom-css-63f73a9365426&#8243;]<\/p>\n<h3 style=\"text-align: center; margin-bottom: 5px;\">Deborah Pais<\/h3>\n<p style=\"text-align: center;\"><em>Head secretary<\/em><\/p>\n<p>[\/vc_column_text][\/vc_column][vc_column width=&#8221;1\/3&#8243; extra_css_id=&#8221;extra-css-id-5e68c2651746e&#8221; css=&#8221;.vc_custom_5e68c26517b6c{margin-bottom: 50px !important;}&#8221;]<div class=\"pix-image-box wpb_animate_when_almost_visible fadeIn with_zoom  vc_custom_5e68c26517ba3 pix-custom-css-63f73a936545e\" style=\"-moz-border-radius: 0px; border-radius: 0px; \"><img loading=\"lazy\" decoding=\"async\" width=\"600\" height=\"750\" src=\"https:\/\/iris-radiologie.ch\/wp-content\/uploads\/2017\/06\/veroniquec-e1539157135111.jpg\" class=\"attachment-full size-full\" alt=\"\"  srcset=\"\" sizes=\"(max-width: 600px) 100vw, 600px\"><\/div><!-- .pix-image-box -->[vc_column_text css_animation=&#8221;fadeIn&#8221; custom_css_uniq_id=&#8221;pix-custom-css-63f73a9365499&#8243;]<\/p>\n<h3 style=\"text-align: center; margin-bottom: 5px;\">V\u00e9ronique Chabloz<\/h3>\n<p style=\"text-align: center;\"><em>TRM Responsable<\/em><\/p>\n<p>[\/vc_column_text][\/vc_column][vc_column width=&#8221;1\/3&#8243; extra_css_id=&#8221;extra-css-id-5e68c265174a7&#8243; css=&#8221;.vc_custom_5e68c26517bda{margin-bottom: 50px !important;}&#8221;]<div class=\"pix-image-box wpb_animate_when_almost_visible fadeIn with_zoom  vc_custom_5e68c26517c11 pix-custom-css-63f73a93654d2\" style=\"-moz-border-radius: 0px; border-radius: 0px; \"><img loading=\"lazy\" decoding=\"async\" width=\"600\" height=\"750\" src=\"https:\/\/iris-radiologie.ch\/wp-content\/uploads\/2017\/06\/virginie-e1539157120179.jpg\" class=\"attachment-full size-full\" alt=\"\"  srcset=\"\" sizes=\"(max-width: 600px) 100vw, 600px\"><\/div><!-- .pix-image-box -->[vc_column_text css_animation=&#8221;fadeIn&#8221; custom_css_uniq_id=&#8221;pix-custom-css-63f73a936550a&#8221;]<\/p>\n<h3 style=\"text-align: center; margin-bottom: 5px;\">Virginie Grossen<\/h3>\n<p style=\"text-align: center;\"><em>Head of accounting and billing<\/em><\/p>\n<p>[\/vc_column_text][\/vc_column][\/vc_row][\/vc_section]<\/p>\n<a href=\"https:\/\/maradiologie.groupe3r.ch\" target=\"_blank\"><div class=\"lasche lasche-en\">Test results<\/div><\/a>","protected":false},"excerpt":{"rendered":"<p>[vc_row full_width=&#8221;stretch_row&#8221; pix_background_position=&#8221;center&#8221; extra_css_id=&#8221;extra-css-id-5e68c26516f23&#8243; overlay=&#8221;#dc030e&#8221; gradient=&#8221;rgba(220,3,14,0.7)&#8221; gradient_dir=&#8221;135&#8243; css=&#8221;.vc_custom_1633437365541{background-image: url(https:\/\/iris-radiologie.ch\/wp-content\/uploads\/2017\/11\/2-e1546946053461.jpg?id=921) !important;background-position: center !important;background-repeat: no-repeat !important;background-size: cover !important;}&#8221;][vc_column][vc_column_text css_animation=&#8221;none&#8221; custom_css_uniq_id=&#8221;pix-custom-css-63f73a9364e63&#8243; css=&#8221;.vc_custom_5e68c26517588{margin-top: 50vh !important;margin-bottom: 10vh !important;}&#8221;] About us [\/vc_column_text][\/vc_column][\/vc_row][vc_section css=&#8221;.vc_custom_5e68c265175bf{margin-top: 150px !important;margin-bottom: 150px !important;}&#8221;][vc_row extra_css_id=&#8221;extra-css-id-5e68c26516f5e&#8221;][vc_column css_animation=&#8221;fadeIn&#8221; width=&#8221;1\/3&#8243; extra_css_id=&#8221;extra-css-id-5e68c26516f95&#8243;][vc_separator color=&#8221;custom&#8221; align=&#8221;align_left&#8221; border_width=&#8221;2&#8243; el_width=&#8221;50&#8243; accent_color=&#8221;#dc0e15&#8243;][vc_custom_heading text=&#8221;The institute&#8221; font_container=&#8221;tag:h2|text_align:left|color:%23dc0e15&#8243; use_theme_fonts=&#8221;yes&#8221; css_animation=&#8221;none&#8221;][\/vc_column][vc_column css_animation=&#8221;fadeIn&#8221; width=&#8221;1\/3&#8243; extra_css_id=&#8221;extra-css-id-5e68c26516fb5&#8243;][vc_column_text custom_css_uniq_id=&#8221;pix-custom-css-63f73a9364ea1&#8243;] Our team is able to call [&hellip;]<\/p>\n","protected":false},"author":1,"featured_media":0,"parent":0,"menu_order":0,"comment_status":"closed","ping_status":"closed","template":"","meta":{"footnotes":""},"_links":{"self":[{"href":"https:\/\/iris-radiologie.ch\/en\/wp-json\/wp\/v2\/pages\/2553"}],"collection":[{"href":"https:\/\/iris-radiologie.ch\/en\/wp-json\/wp\/v2\/pages"}],"about":[{"href":"https:\/\/iris-radiologie.ch\/en\/wp-json\/wp\/v2\/types\/page"}],"author":[{"embeddable":true,"href":"https:\/\/iris-radiologie.ch\/en\/wp-json\/wp\/v2\/users\/1"}],"replies":[{"embeddable":true,"href":"https:\/\/iris-radiologie.ch\/en\/wp-json\/wp\/v2\/comments?post=2553"}],"version-history":[{"count":26,"href":"https:\/\/iris-radiologie.ch\/en\/wp-json\/wp\/v2\/pages\/2553\/revisions"}],"predecessor-version":[{"id":2859,"href":"https:\/\/iris-radiologie.ch\/en\/wp-json\/wp\/v2\/pages\/2553\/revisions\/2859"}],"wp:attachment":[{"href":"https:\/\/iris-radiologie.ch\/en\/wp-json\/wp\/v2\/media?parent=2553"}],"curies":[{"name":"wp","href":"https:\/\/api.w.org\/{rel}","templated":true}]}}